{"id":2225,"date":"2021-11-17T15:07:11","date_gmt":"2021-11-17T15:07:11","guid":{"rendered":"https:\/\/staging.liquid-themes.com\/starthub-one\/?page_id=2225"},"modified":"2026-02-19T04:16:17","modified_gmt":"2026-02-19T04:16:17","slug":"uber-uns","status":"publish","type":"page","link":"https:\/\/www.taysanplastik.com\/de\/uber-uns\/","title":{"rendered":"\u00dcber uns"},"content":{"rendered":"<div data-elementor-type=\"wp-page\" data-elementor-id=\"2225\" class=\"elementor elementor-2225\">\n\t\t\t\t<div class=\"elementor-element elementor-element-3f98ab2 e-con-full e-flex e-con e-parent\" data-id=\"3f98ab2\" data-element_type=\"container\" data-settings=\"{&quot;background_background&quot;:&quot;classic&quot;}\">\n\t\t<div class=\"elementor-element elementor-element-aa55300 e-flex e-con-boxed e-con e-child\" data-id=\"aa55300\" data-element_type=\"container\">\n\t\t\t\t\t<div class=\"e-con-inner\">\n\t\t\t\t<div class=\"elementor-element elementor-element-88c7ba3 elementor-widget elementor-widget-hub_fancy_heading\" data-id=\"88c7ba3\" data-element_type=\"widget\" data-widget_type=\"hub_fancy_heading.default\">\n\t\t\t\t<div class=\"elementor-widget-container\">\n\t\t\t\t\t\n\t\t<div id=\"ld-fancy-heading-69dfc8a565a5a\" class=\"ld-fancy-heading pos-rel\">\n\t\t\t<h1 class=\"ld-fh-element d-inline-block pos-rel  elementor-heading-title lqd-highlight-classic lqd-highlight-grow-left h1\"  > \u00dcber uns<\/h1>\t\t<\/div>\n\n\t\t\t\t\t\t<\/div>\n\t\t\t\t<\/div>\n\t\t\t\t\t<\/div>\n\t\t\t\t<\/div>\n\t\t\t\t<\/div>\n\t\t\t\t<section class=\"elementor-section elementor-top-section elementor-element elementor-element-36c7c73b elementor-section-content-middle elementor-reverse-mobile elementor-section-boxed elementor-section-height-default elementor-section-height-default\" data-id=\"36c7c73b\" data-element_type=\"section\">\n\t\t\t\t\t\t<div class=\"elementor-container elementor-column-gap-default\">\n\t\t\t\t\t<div class=\"elementor-column elementor-col-50 elementor-top-column elementor-element elementor-element-4eb93f49\" data-id=\"4eb93f49\" data-element_type=\"column\">\n\t\t\t<div class=\"elementor-widget-wrap elementor-element-populated\">\n\t\t\t\t\t\t<div class=\"elementor-element elementor-element-59da25fd elementor-widget elementor-widget-ld_fancy_image\" data-id=\"59da25fd\" data-element_type=\"widget\" data-widget_type=\"ld_fancy_image.default\">\n\t\t\t\t<div class=\"elementor-widget-container\">\n\t\t\t\t\t\n\t\t<div class=\"lqd-imggrp-single d-block pos-rel\" data-shadow-style=\"4\">\n\t\t\t<div class=\"lqd-imggrp-img-container d-inline-flex pos-rel align-items-center justify-content-center\">\n\t\t\t\t\t\t\t\t<figure class=\"w-100 pos-rel\">\n\t\t\t\t\t<img fetchpriority=\"high\" decoding=\"async\" width=\"1600\" height=\"1600\" src=\"https:\/\/www.taysanplastik.com\/wp-content\/uploads\/2026\/02\/WhatsApp-Image-2026-02-18-at-13.44.10-1-1.jpeg\" class=\"attachment-full size-full wp-image-7682\" alt=\"\" srcset=\"https:\/\/www.taysanplastik.com\/wp-content\/uploads\/2026\/02\/WhatsApp-Image-2026-02-18-at-13.44.10-1-1.jpeg 1600w, https:\/\/www.taysanplastik.com\/wp-content\/uploads\/2026\/02\/WhatsApp-Image-2026-02-18-at-13.44.10-1-1-300x300.jpeg 300w, https:\/\/www.taysanplastik.com\/wp-content\/uploads\/2026\/02\/WhatsApp-Image-2026-02-18-at-13.44.10-1-1-1024x1024.jpeg 1024w, https:\/\/www.taysanplastik.com\/wp-content\/uploads\/2026\/02\/WhatsApp-Image-2026-02-18-at-13.44.10-1-1-150x150.jpeg 150w, https:\/\/www.taysanplastik.com\/wp-content\/uploads\/2026\/02\/WhatsApp-Image-2026-02-18-at-13.44.10-1-1-12x12.jpeg 12w, https:\/\/www.taysanplastik.com\/wp-content\/uploads\/2026\/02\/WhatsApp-Image-2026-02-18-at-13.44.10-1-1-1536x1536.jpeg 1536w, https:\/\/www.taysanplastik.com\/wp-content\/uploads\/2026\/02\/WhatsApp-Image-2026-02-18-at-13.44.10-1-1-320x320.jpeg 320w, https:\/\/www.taysanplastik.com\/wp-content\/uploads\/2026\/02\/WhatsApp-Image-2026-02-18-at-13.44.10-1-1-760x760.jpeg 760w\" sizes=\"(max-width: 1600px) 100vw, 1600px\" itemprop=\"image\" \/>\t\t\t\t\t\t\t\t\t\t\t\t\t\t\t\t\t\t\t\t\t\t\t\t\t\t\t\t\t<\/figure>\n\t\t\t<\/div>\n\t\t<\/div>\n\n\t\t\t\t\t<\/div>\n\t\t\t\t<\/div>\n\t\t\t\t\t<\/div>\n\t\t<\/div>\n\t\t\t\t<div data-custom-animations=\"true\" data-ca-options=\"{&quot;addChildTimelines&quot;:false,&quot;trigger&quot;:&quot;firstChild&quot;,&quot;animationTarget&quot;:&quot;:scope &gt; .elementor-widget-wrap &gt; .elementor-element &gt; .elementor-widget-container, :scope &gt; .elementor-widget-wrap &gt; .elementor-section &gt; .elementor-container &gt; .elementor-column &gt; .elementor-widget-wrap &gt; .elementor-element:not(.lqd-el-has-inner-anim) &gt; .elementor-widget-container, :scope &gt; .elementor-widget-wrap &gt; .elementor-widget-hub_fancy_heading .lqd-split-lines .lqd-lines .split-inner, :scope &gt; .elementor-widget-wrap &gt; .elementor-widget-hub_fancy_heading .lqd-split-words .lqd-words .split-inner, :scope &gt; .elementor-widget-wrap &gt; .elementor-widget-hub_fancy_heading .lqd-split-chars .lqd-chars .split-inner, :scope &gt; .elementor-widget-wrap &gt; .elementor-widget-ld_custom_menu .lqd-fancy-menu &gt; ul &gt; li&quot;,&quot;startDelay&quot;:500,&quot;delay&quot;:120,&quot;ease&quot;:[&quot;power4.out&quot;],&quot;initValues&quot;:{&quot;y&quot;:&quot;45px&quot;,&quot;opacity&quot;:0,&quot;transformOrigin&quot;:&quot;50% 50% 0px&quot;},&quot;animations&quot;:{&quot;y&quot;:&quot;0px&quot;,&quot;opacity&quot;:1,&quot;transformOrigin&quot;:&quot;50% 50% 0px&quot;}}\" class=\"elementor-column elementor-col-50 elementor-top-column elementor-element elementor-element-3e590b\" data-id=\"3e590b\" data-element_type=\"column\">\n\t\t\t<div class=\"elementor-widget-wrap elementor-element-populated\">\n\t\t\t\t\t\t<div class=\"elementor-element elementor-element-5c4ac9e5 elementor-widget elementor-widget-hub_fancy_heading\" data-id=\"5c4ac9e5\" data-element_type=\"widget\" data-widget_type=\"hub_fancy_heading.default\">\n\t\t\t\t<div class=\"elementor-widget-container\">\n\t\t\t\t\t\n\t\t<div id=\"ld-fancy-heading-69dfc8a56c8a9\" class=\"ld-fancy-heading pos-rel\">\n\t\t\t<h2 class=\"ld-fh-element d-inline-block pos-rel  elementor-heading-title lqd-highlight-classic lqd-highlight-grow-left h2\"  > Entdecken Sie unsere Geschichte<\/h2>\t\t<\/div>\n\n\t\t\t\t\t\t<\/div>\n\t\t\t\t<\/div>\n\t\t\t\t<div class=\"elementor-element elementor-element-a1bfb32 elementor-widget elementor-widget-text-editor\" data-id=\"a1bfb32\" data-element_type=\"widget\" data-widget_type=\"text-editor.default\">\n\t\t\t\t\t\t\t\t\t<p class=\"p1\"><strong>Taysan Kunststoff<\/strong> Profil begann seine T\u00e4tigkeit 1995 mit der Herstellung von Werkzeugen f\u00fcr die Kunststoffextrusion. Unser Unternehmen, das seit seiner Gr\u00fcndung mit stetigen und soliden Schritten gewachsen ist, hat sein Know-how in der Formenherstellung auf die Profilproduktion \u00fcbertragen, indem es seine Produktionsleistung und technische Infrastruktur kontinuierlich verbessert hat; heute ist es zu einem der bevorzugten L\u00f6sungspartner der Branche geworden, insbesondere in den Bereichen Wei\u00dfwarenprofile, Marktregaletiketten und Beleuchtungsprofile.<\/p><p class=\"p1\"><strong>Taysan Plastic Profil,<\/strong> Mit seinen Drahterodiermaschinen und modernen Extrusionsanlagen produziert das Unternehmen nach hohen Qualit\u00e4tsstandards. Mit seinem kundenorientierten Ansatz, seiner flexiblen Produktionskapazit\u00e4t und seinem nachhaltigen Qualit\u00e4tsverst\u00e4ndnis produziert es weiterhin einen Mehrwert in einem breiten Spektrum von Spezialprofilen bis hin zur Automobilzulieferindustrie.<\/p>\t\t\t\t\t\t\t\t<\/div>\n\t\t\t\t\t<\/div>\n\t\t<\/div>\n\t\t\t\t\t<\/div>\n\t\t<\/section>\n\t\t<div class=\"elementor-element elementor-element-e6128c5 e-flex e-con-boxed e-con e-parent\" data-id=\"e6128c5\" data-element_type=\"container\" id=\"cozum-ortaginiz\">\n\t\t\t\t\t<div class=\"e-con-inner\">\n\t\t\t\t<div class=\"elementor-element elementor-element-1a189fb elementor-widget elementor-widget-hub_fancy_heading\" data-id=\"1a189fb\" data-element_type=\"widget\" data-widget_type=\"hub_fancy_heading.default\">\n\t\t\t\t<div class=\"elementor-widget-container\">\n\t\t\t\t\t\n\t\t<div id=\"ld-fancy-heading-69dfc8a575c8c\" class=\"ld-fancy-heading pos-rel\">\n\t\t\t<h2 class=\"ld-fh-element d-inline-block pos-rel  elementor-heading-title lqd-highlight-classic lqd-highlight-grow-left h2\"  > Ihr L\u00f6sungspartner<\/h2>\t\t<\/div>\n\n\t\t\t\t\t\t<\/div>\n\t\t\t\t<\/div>\n\t\t<div class=\"elementor-element elementor-element-ce38e7a e-grid e-con-full e-con e-child\" data-id=\"ce38e7a\" data-element_type=\"container\">\n\t\t\t\t<div data-custom-animations=\"true\" data-ca-options=\"{&quot;addChildTimelines&quot;:false,&quot;trigger&quot;:&quot;firstChild&quot;,&quot;animationTarget&quot;:&quot;:scope &gt; .elementor-widget-container&quot;,&quot;duration&quot;:1800,&quot;delay&quot;:1800,&quot;ease&quot;:[&quot;power4.out&quot;],&quot;initValues&quot;:{&quot;x&quot;:&quot;65px&quot;,&quot;opacity&quot;:0,&quot;transformOrigin&quot;:&quot;50% 50% 0px&quot;},&quot;animations&quot;:{&quot;x&quot;:&quot;0px&quot;,&quot;opacity&quot;:1,&quot;transformOrigin&quot;:&quot;50% 50% 0px&quot;}}\" class=\"elementor-element elementor-element-0469db9 elementor-align-left elementor-widget elementor-widget-ld_icon_box\" data-id=\"0469db9\" data-element_type=\"widget\" data-widget_type=\"ld_icon_box.default\">\n\t\t\t\t<div class=\"elementor-widget-container\">\n\t\t\t\t\t\n\t\t\t<div id=\"ld_icon_box_0469db9\" class=\"iconbox d-flex flex-grow-1 pos-rel flex-column iconbox-default\"   >\n\n\t\t\t\t\n\t\t\t\t<div class=\"iconbox-icon-wrap\"><div class=\"iconbox-icon-container d-inline-flex\"><i aria-hidden=\"true\" class=\"lqd-icn-ess icon-lqd-check\"><\/i><\/div><\/div>\n\t\t\t\t\n\t\t\t\t<div class=\"contents\">\n\t\t\t\t\n\t\t\t\t<h3 class=\"lqd-iconbox-heading\" >Hohe Qualit\u00e4tsstandards <\/h3>\t\t\t\t<p>Wir produzieren nach internationalen Standards mit ISO 9001 Qualit\u00e4tszertifikat. Wir bieten unseren Kunden die besten L\u00f6sungen, ohne Kompromisse bei der Qualit\u00e4t einzugehen.<\/p>\n\t\t\t\t\n\t\t\t\t<\/div>\n\t\t\t\t\n\t\t\t<\/div>\n\n\t\t\t\t\t\t<\/div>\n\t\t\t\t<\/div>\n\t\t\t\t<div data-custom-animations=\"true\" data-ca-options=\"{&quot;addChildTimelines&quot;:false,&quot;trigger&quot;:&quot;firstChild&quot;,&quot;animationTarget&quot;:&quot;:scope &gt; .elementor-widget-container&quot;,&quot;duration&quot;:1800,&quot;delay&quot;:1800,&quot;ease&quot;:[&quot;power4.out&quot;],&quot;initValues&quot;:{&quot;x&quot;:&quot;65px&quot;,&quot;opacity&quot;:0,&quot;transformOrigin&quot;:&quot;50% 50% 0px&quot;},&quot;animations&quot;:{&quot;x&quot;:&quot;0px&quot;,&quot;opacity&quot;:1,&quot;transformOrigin&quot;:&quot;50% 50% 0px&quot;}}\" class=\"elementor-element elementor-element-53f8093 elementor-align-left elementor-widget elementor-widget-ld_icon_box\" data-id=\"53f8093\" data-element_type=\"widget\" data-widget_type=\"ld_icon_box.default\">\n\t\t\t\t<div class=\"elementor-widget-container\">\n\t\t\t\t\t\n\t\t\t<div id=\"ld_icon_box_53f8093\" class=\"iconbox d-flex flex-grow-1 pos-rel flex-column iconbox-default\"   >\n\n\t\t\t\t\n\t\t\t\t<div class=\"iconbox-icon-wrap\"><div class=\"iconbox-icon-container d-inline-flex\"><i aria-hidden=\"true\" class=\"lqd-icn-ess icon-lqd-check\"><\/i><\/div><\/div>\n\t\t\t\t\n\t\t\t\t<div class=\"contents\">\n\t\t\t\t\n\t\t\t\t<h3 class=\"lqd-iconbox-heading\" >Ma\u00dfgeschneiderte Produktion <\/h3>\t\t\t\t<p>Wir produzieren spezielle L\u00f6sungen f\u00fcr Kundenbed\u00fcrfnisse. Wir bieten eine breite Palette von Produkten in den Bereichen Marktausstattung, Duschkabinen, Bauprofile, Spezialprofile und Automobilunterindustrie.<\/p>\n\t\t\t\t\n\t\t\t\t<\/div>\n\t\t\t\t\n\t\t\t<\/div>\n\n\t\t\t\t\t\t<\/div>\n\t\t\t\t<\/div>\n\t\t\t\t<div data-custom-animations=\"true\" data-ca-options=\"{&quot;addChildTimelines&quot;:false,&quot;trigger&quot;:&quot;firstChild&quot;,&quot;animationTarget&quot;:&quot;:scope &gt; .elementor-widget-container&quot;,&quot;duration&quot;:1800,&quot;delay&quot;:1800,&quot;ease&quot;:[&quot;power4.out&quot;],&quot;initValues&quot;:{&quot;x&quot;:&quot;65px&quot;,&quot;opacity&quot;:0,&quot;transformOrigin&quot;:&quot;50% 50% 0px&quot;},&quot;animations&quot;:{&quot;x&quot;:&quot;0px&quot;,&quot;opacity&quot;:1,&quot;transformOrigin&quot;:&quot;50% 50% 0px&quot;}}\" class=\"elementor-element elementor-element-a28f19e elementor-align-left elementor-widget elementor-widget-ld_icon_box\" data-id=\"a28f19e\" data-element_type=\"widget\" data-widget_type=\"ld_icon_box.default\">\n\t\t\t\t<div class=\"elementor-widget-container\">\n\t\t\t\t\t\n\t\t\t<div id=\"ld_icon_box_a28f19e\" class=\"iconbox d-flex flex-grow-1 pos-rel flex-column iconbox-default\"   >\n\n\t\t\t\t\n\t\t\t\t<div class=\"iconbox-icon-wrap\"><div class=\"iconbox-icon-container d-inline-flex\"><i aria-hidden=\"true\" class=\"lqd-icn-ess icon-lqd-check\"><\/i><\/div><\/div>\n\t\t\t\t\n\t\t\t\t<div class=\"contents\">\n\t\t\t\t\n\t\t\t\t<h3 class=\"lqd-iconbox-heading\" >F&amp;E und Innovation <\/h3>\t\t\t\t<p>Mit unseren sich st\u00e4ndig weiterentwickelnden F&amp;E-Studien f\u00fchren wir innovative und effiziente Projekte durch. Auf diese Weise bieten wir unseren Kunden die modernsten und effizientesten L\u00f6sungen des Sektors.<\/p>\n\t\t\t\t\n\t\t\t\t<\/div>\n\t\t\t\t\n\t\t\t<\/div>\n\n\t\t\t\t\t\t<\/div>\n\t\t\t\t<\/div>\n\t\t\t\t<div data-custom-animations=\"true\" data-ca-options=\"{&quot;addChildTimelines&quot;:false,&quot;trigger&quot;:&quot;firstChild&quot;,&quot;animationTarget&quot;:&quot;:scope &gt; .elementor-widget-container&quot;,&quot;duration&quot;:1800,&quot;delay&quot;:1800,&quot;ease&quot;:[&quot;power4.out&quot;],&quot;initValues&quot;:{&quot;x&quot;:&quot;65px&quot;,&quot;opacity&quot;:0,&quot;transformOrigin&quot;:&quot;50% 50% 0px&quot;},&quot;animations&quot;:{&quot;x&quot;:&quot;0px&quot;,&quot;opacity&quot;:1,&quot;transformOrigin&quot;:&quot;50% 50% 0px&quot;}}\" class=\"elementor-element elementor-element-5c53e95 elementor-align-left elementor-widget elementor-widget-ld_icon_box\" data-id=\"5c53e95\" data-element_type=\"widget\" data-widget_type=\"ld_icon_box.default\">\n\t\t\t\t<div class=\"elementor-widget-container\">\n\t\t\t\t\t\n\t\t\t<div id=\"ld_icon_box_5c53e95\" class=\"iconbox d-flex flex-grow-1 pos-rel flex-column iconbox-default\"   >\n\n\t\t\t\t\n\t\t\t\t<div class=\"iconbox-icon-wrap\"><div class=\"iconbox-icon-container d-inline-flex\"><i aria-hidden=\"true\" class=\"lqd-icn-ess icon-lqd-check\"><\/i><\/div><\/div>\n\t\t\t\t\n\t\t\t\t<div class=\"contents\">\n\t\t\t\t\n\t\t\t\t<h3 class=\"lqd-iconbox-heading\" >Kundenorientierter Service <\/h3>\t\t\t\t<p>Wir arbeiten mit dem Fokus auf Kundenzufriedenheit. Wir gewinnen das Vertrauen unserer Gesch\u00e4ftspartner, indem wir schnell und pr\u00e4zise die am besten geeigneten L\u00f6sungen f\u00fcr ihre Bed\u00fcrfnisse anbieten.<\/p>\n\t\t\t\t\n\t\t\t\t<\/div>\n\t\t\t\t\n\t\t\t<\/div>\n\n\t\t\t\t\t\t<\/div>\n\t\t\t\t<\/div>\n\t\t\t\t<\/div>\n\t\t\t\t\t<\/div>\n\t\t\t\t<\/div>\n\t\t\t\t<section class=\"elementor-section elementor-top-section elementor-element elementor-element-2616123 elementor-section-content-middle elementor-reverse-mobile elementor-section-boxed elementor-section-height-default elementor-section-height-default\" data-id=\"2616123\" data-element_type=\"section\" id=\"kalite-politikamiz\">\n\t\t\t\t\t\t<div class=\"elementor-container elementor-column-gap-default\">\n\t\t\t\t\t<div data-custom-animations=\"true\" data-ca-options=\"{&quot;addChildTimelines&quot;:false,&quot;trigger&quot;:&quot;firstChild&quot;,&quot;animationTarget&quot;:&quot;:scope &gt; .elementor-widget-wrap &gt; .elementor-element &gt; .elementor-widget-container, :scope &gt; .elementor-widget-wrap &gt; .elementor-section &gt; .elementor-container &gt; .elementor-column &gt; .elementor-widget-wrap &gt; .elementor-element:not(.lqd-el-has-inner-anim) &gt; .elementor-widget-container, :scope &gt; .elementor-widget-wrap &gt; .elementor-widget-hub_fancy_heading .lqd-split-lines .lqd-lines .split-inner, :scope &gt; .elementor-widget-wrap &gt; .elementor-widget-hub_fancy_heading .lqd-split-words .lqd-words .split-inner, :scope &gt; .elementor-widget-wrap &gt; .elementor-widget-hub_fancy_heading .lqd-split-chars .lqd-chars .split-inner, :scope &gt; .elementor-widget-wrap &gt; .elementor-widget-ld_custom_menu .lqd-fancy-menu &gt; ul &gt; li&quot;,&quot;startDelay&quot;:500,&quot;delay&quot;:120,&quot;ease&quot;:[&quot;power4.out&quot;],&quot;initValues&quot;:{&quot;y&quot;:&quot;45px&quot;,&quot;opacity&quot;:0,&quot;transformOrigin&quot;:&quot;50% 50% 0px&quot;},&quot;animations&quot;:{&quot;y&quot;:&quot;0px&quot;,&quot;opacity&quot;:1,&quot;transformOrigin&quot;:&quot;50% 50% 0px&quot;}}\" class=\"elementor-column elementor-col-50 elementor-top-column elementor-element elementor-element-82417bd\" data-id=\"82417bd\" data-element_type=\"column\">\n\t\t\t<div class=\"elementor-widget-wrap elementor-element-populated\">\n\t\t\t\t\t\t<div class=\"elementor-element elementor-element-0b563c7 elementor-widget elementor-widget-hub_fancy_heading\" data-id=\"0b563c7\" data-element_type=\"widget\" data-widget_type=\"hub_fancy_heading.default\">\n\t\t\t\t<div class=\"elementor-widget-container\">\n\t\t\t\t\t\n\t\t<div id=\"ld-fancy-heading-69dfc8a58e039\" class=\"ld-fancy-heading pos-rel\">\n\t\t\t<h2 class=\"ld-fh-element d-inline-block pos-rel  elementor-heading-title lqd-highlight-classic lqd-highlight-grow-left h2\"  > Unsere Qualit\u00e4tspolitik\n<\/h2>\t\t<\/div>\n\n\t\t\t\t\t\t<\/div>\n\t\t\t\t<\/div>\n\t\t\t\t<div class=\"elementor-element elementor-element-67b851d elementor-widget elementor-widget-text-editor\" data-id=\"67b851d\" data-element_type=\"widget\" data-widget_type=\"text-editor.default\">\n\t\t\t\t\t\t\t\t\t<p>Taysan Plastik Profil San. ve Tic. Ltd. \u015eti. haben wir unser Hauptziel in der Kontinuit\u00e4t der Qualit\u00e4t, der Kundenzufriedenheit, der kontinuierlichen Verbesserung und der Ausweitung unseres Marktanteils durch die Steigerung der Rentabilit\u00e4t bei optimalen Kosten festgelegt. In dieser Richtung haben wir das Prinzip der Herstellung geeigneter Produkte und ihrer p\u00fcnktlichen Lieferung \u00fcbernommen.<\/p><p>Diese Ziele sind die grundlegenden Elemente unserer Qualit\u00e4tspolitik:<\/p><p><strong>Optimierung der Kosten und kontinuierliche Verbesserung:<\/strong><br \/>Sicherstellung des Beitrags des gesamten Personals durch kontinuierliche Verbesserung der Produktqualit\u00e4t und des Qualit\u00e4tsmanagementsystems.<\/p><p><strong>\u2726 Ausbildung und Personalstabilit\u00e4t:<\/strong><br \/>Aufrechterhaltung der Personalstabilit\u00e4t durch kontinuierliche Schulung des gesamten Personals.<\/p><p><strong>\u2726 Umweltschutz und Ressourcenmanagement:<\/strong><br \/>Wir wollen die Umwelt, in der wir arbeiten, sch\u00fctzen und unsere Ressourcen so einsetzen, dass m\u00f6glichst wenig Abfall entsteht.<\/p><p><strong>Pr\u00e4zise und hochwertige Produktion:<\/strong><br \/>Gew\u00e4hrleistung eines hohen Produktionsstandards, indem wir jeden Auftrag gleich beim ersten Mal korrekt und in der gew\u00fcnschten Qualit\u00e4t ausf\u00fchren.<\/p><p>Um diese Ziele zu erreichen, verpflichtet sich die Unternehmensleitung, allen Abteilungen und Mitarbeitern ein sicheres Arbeitsumfeld, die notwendigen Ressourcen, angemessene Ausr\u00fcstung und Materialien zur Verf\u00fcgung zu stellen.<\/p>\t\t\t\t\t\t\t\t<\/div>\n\t\t\t\t\t<\/div>\n\t\t<\/div>\n\t\t\t\t<div class=\"elementor-column elementor-col-50 elementor-top-column elementor-element elementor-element-d9fc4fd\" data-id=\"d9fc4fd\" data-element_type=\"column\">\n\t\t\t<div class=\"elementor-widget-wrap elementor-element-populated\">\n\t\t\t\t<div class=\"lqd-css-sticky elementor-element elementor-element-4686f8d e-flex e-con-boxed e-con e-parent\" style=\"top: auto; top: 150px;\" data-id=\"4686f8d\" data-element_type=\"container\">\n\t\t\t\t\t<div class=\"e-con-inner\">\n\t\t\t\t<div class=\"elementor-element elementor-element-e3f1cb5 elementor-widget elementor-widget-ld_fancy_image\" data-id=\"e3f1cb5\" data-element_type=\"widget\" data-widget_type=\"ld_fancy_image.default\">\n\t\t\t\t<div class=\"elementor-widget-container\">\n\t\t\t\t\t\n\t\t<div class=\"lqd-imggrp-single d-block pos-rel\" data-shadow-style=\"4\">\n\t\t\t<div class=\"lqd-imggrp-img-container d-inline-flex pos-rel align-items-center justify-content-center\">\n\t\t\t\t\t\t\t\t<figure class=\"w-100 pos-rel\">\n\t\t\t\t\t<img decoding=\"async\" width=\"1024\" height=\"1024\" src=\"data:image\/svg+xml;charset=utf-8,%3Csvg xmlns%3D&#039;http%3A%2F%2Fwww.w3.org%2F2000%2Fsvg&#039; viewBox%3D&#039;0 0 1024 1024&#039;%2F%3E\" class=\"attachment-full size-full wp-image-7350 ld-lazyload\" alt=\"\" itemprop=\"image\" data-src=\"https:\/\/www.taysanplastik.com\/wp-content\/uploads\/2026\/02\/HAKKIMIZDA-2.-GORSEL.webp\" data-srcset=\"https:\/\/www.taysanplastik.com\/wp-content\/uploads\/2026\/02\/HAKKIMIZDA-2.-GORSEL.webp 1024w, https:\/\/www.taysanplastik.com\/wp-content\/uploads\/2026\/02\/HAKKIMIZDA-2.-GORSEL-300x300.webp 300w, https:\/\/www.taysanplastik.com\/wp-content\/uploads\/2026\/02\/HAKKIMIZDA-2.-GORSEL-150x150.webp 150w, https:\/\/www.taysanplastik.com\/wp-content\/uploads\/2026\/02\/HAKKIMIZDA-2.-GORSEL-12x12.webp 12w, https:\/\/www.taysanplastik.com\/wp-content\/uploads\/2026\/02\/HAKKIMIZDA-2.-GORSEL-320x320.webp 320w, https:\/\/www.taysanplastik.com\/wp-content\/uploads\/2026\/02\/HAKKIMIZDA-2.-GORSEL-760x760.webp 760w\" data-sizes=\"(max-width: 1024px) 100vw, 1024px\" data-aspect=\"1\" \/>\t\t\t\t\t\t\t\t\t\t\t\t\t\t\t\t\t\t\t\t\t\t\t\t\t\t\t\t\t<\/figure>\n\t\t\t<\/div>\n\t\t<\/div>\n\n\t\t\t\t\t<\/div>\n\t\t\t\t<\/div>\n\t\t\t\t\t<\/div>\n\t\t\t\t<\/div>\n\t\t\t\t\t<\/div>\n\t\t<\/div>\n\t\t\t\t\t<\/div>\n\t\t<\/section>\n\t\t\t\t<\/div>","protected":false},"excerpt":{"rendered":"<p>Hakk\u0131m\u0131zda Hikayemizi Ke\u015ffet Taysan Plastik Profil, 1995 y\u0131l\u0131nda plastik ekstr\u00fczyon kal\u0131plar\u0131n\u0131n imalat\u0131yla i\u015f hayat\u0131na ad\u0131m atm\u0131\u015ft\u0131r. Kurulu\u015fundan itibaren istikrarl\u0131 ve sa\u011flam ad\u0131mlarla b\u00fcy\u00fcyen firmam\u0131z, \u00fcretim g\u00fcc\u00fcn\u00fc ve teknik altyap\u0131s\u0131n\u0131 s\u00fcrekli geli\u015ftirerek kal\u0131p \u00fcretimindeki uzmanl\u0131\u011f\u0131n\u0131 profil imalat\u0131na ta\u015f\u0131m\u0131\u015f; bug\u00fcn \u00f6zellikle beyaz e\u015fya profilleri, market raf etiketlikleri ve ayd\u0131nlatma profilleri alanlar\u0131nda sekt\u00f6r\u00fcn tercih edilen \u00e7\u00f6z\u00fcm ortaklar\u0131ndan biri [&hellip;]<\/p>","protected":false},"author":1,"featured_media":0,"parent":0,"menu_order":0,"comment_status":"closed","ping_status":"closed","template":"","meta":{"footnotes":""},"class_list":["post-2225","page","type-page","status-publish","hentry"],"_links":{"self":[{"href":"https:\/\/www.taysanplastik.com\/de\/wp-json\/wp\/v2\/pages\/2225","targetHints":{"allow":["GET"]}}],"collection":[{"href":"https:\/\/www.taysanplastik.com\/de\/wp-json\/wp\/v2\/pages"}],"about":[{"href":"https:\/\/www.taysanplastik.com\/de\/wp-json\/wp\/v2\/types\/page"}],"author":[{"embeddable":true,"href":"https:\/\/www.taysanplastik.com\/de\/wp-json\/wp\/v2\/users\/1"}],"replies":[{"embeddable":true,"href":"https:\/\/www.taysanplastik.com\/de\/wp-json\/wp\/v2\/comments?post=2225"}],"version-history":[{"count":58,"href":"https:\/\/www.taysanplastik.com\/de\/wp-json\/wp\/v2\/pages\/2225\/revisions"}],"predecessor-version":[{"id":7685,"href":"https:\/\/www.taysanplastik.com\/de\/wp-json\/wp\/v2\/pages\/2225\/revisions\/7685"}],"wp:attachment":[{"href":"https:\/\/www.taysanplastik.com\/de\/wp-json\/wp\/v2\/media?parent=2225"}],"curies":[{"name":"wp","href":"https:\/\/api.w.org\/{rel}","templated":true}]}}