{"id":6103,"date":"2026-01-05T20:47:38","date_gmt":"2026-01-05T20:47:38","guid":{"rendered":"https:\/\/www.taysanplastik.com\/?page_id=6103"},"modified":"2026-01-07T19:02:31","modified_gmt":"2026-01-07T19:02:31","slug":"haufig-gestellte-fragen","status":"publish","type":"page","link":"https:\/\/www.taysanplastik.com\/de\/haufig-gestellte-fragen\/","title":{"rendered":"H\u00e4ufig gestellte Fragen"},"content":{"rendered":"<div data-elementor-type=\"wp-page\" data-elementor-id=\"6103\" class=\"elementor elementor-6103\">\n\t\t\t\t<div class=\"elementor-element elementor-element-84f775d e-con-full e-flex e-con e-parent\" data-id=\"84f775d\" data-element_type=\"container\" data-settings=\"{&quot;background_background&quot;:&quot;classic&quot;}\">\n\t\t<div class=\"elementor-element elementor-element-05a9086 e-flex e-con-boxed e-con e-child\" data-id=\"05a9086\" data-element_type=\"container\">\n\t\t\t\t\t<div class=\"e-con-inner\">\n\t\t\t\t<div class=\"elementor-element elementor-element-7e2ea3f elementor-widget elementor-widget-hub_fancy_heading\" data-id=\"7e2ea3f\" data-element_type=\"widget\" data-widget_type=\"hub_fancy_heading.default\">\n\t\t\t\t<div class=\"elementor-widget-container\">\n\t\t\t\t\t\n\t\t<div id=\"ld-fancy-heading-69dff2efccad2\" class=\"ld-fancy-heading pos-rel\">\n\t\t\t<h1 class=\"ld-fh-element d-inline-block pos-rel  elementor-heading-title lqd-highlight-classic lqd-highlight-grow-left h1\"  > H\u00e4ufig gestellte Fragen<\/h1>\t\t<\/div>\n\n\t\t\t\t\t\t<\/div>\n\t\t\t\t<\/div>\n\t\t\t\t\t<\/div>\n\t\t\t\t<\/div>\n\t\t\t\t<\/div>\n\t\t\t\t<section class=\"elementor-section elementor-top-section elementor-element elementor-element-23e6e3f2 elementor-section-content-middle elementor-reverse-mobile elementor-section-boxed elementor-section-height-default elementor-section-height-default\" data-id=\"23e6e3f2\" data-element_type=\"section\">\n\t\t\t\t\t\t<div class=\"elementor-container elementor-column-gap-extended\">\n\t\t\t\t\t<div class=\"lqd-css-sticky-column elementor-column elementor-col-50 elementor-top-column elementor-element elementor-element-708ae5a\" style=\"--lqd-sticky-offset:30px\" data-id=\"708ae5a\" data-element_type=\"column\">\n\t\t\t<div class=\"elementor-widget-wrap elementor-element-populated\">\n\t\t\t\t\t\t<div class=\"elementor-element elementor-element-40483022 elementor-widget elementor-widget-image\" data-id=\"40483022\" data-element_type=\"widget\" data-widget_type=\"image.default\">\n\t\t\t\t\t\t\t\t\t\t\t\t\t\t\t<img fetchpriority=\"high\" decoding=\"async\" width=\"1263\" height=\"991\" src=\"https:\/\/www.taysanplastik.com\/wp-content\/uploads\/2026\/01\/img-3@2x.jpeg\" class=\"attachment-full size-full wp-image-6106\" alt=\"\" srcset=\"https:\/\/www.taysanplastik.com\/wp-content\/uploads\/2026\/01\/img-3@2x.jpeg 1263w, https:\/\/www.taysanplastik.com\/wp-content\/uploads\/2026\/01\/img-3@2x-300x235.jpeg 300w, https:\/\/www.taysanplastik.com\/wp-content\/uploads\/2026\/01\/img-3@2x-1024x803.jpeg 1024w, https:\/\/www.taysanplastik.com\/wp-content\/uploads\/2026\/01\/img-3@2x-15x12.jpeg 15w\" sizes=\"(max-width: 1263px) 100vw, 1263px\" \/>\t\t\t\t\t\t\t\t\t\t\t\t\t\t\t<\/div>\n\t\t\t\t\t<\/div>\n\t\t<\/div>\n\t\t\t\t<div class=\"elementor-column elementor-col-50 elementor-top-column elementor-element elementor-element-5b3ac299\" data-id=\"5b3ac299\" data-element_type=\"column\">\n\t\t\t<div class=\"elementor-widget-wrap elementor-element-populated\">\n\t\t\t\t\t\t<div class=\"elementor-element elementor-element-df34908 elementor-widget elementor-widget-ld_accordion\" data-id=\"df34908\" data-element_type=\"widget\" data-widget_type=\"ld_accordion.default\">\n\t\t\t\t<div class=\"elementor-widget-container\">\n\t\t\t\t\t\n\t\t<div class=\"accordion accordion-title-bordered accordion-md accordion-side-spacing accordion-title-bg-transparent accordion-title-circle accordion-active-has-shadow accordion-active-has-fill\" id=\"accordion-69dff2efcd86b\" role=\"tablist\" aria-multiselectable=\"true\">\n\t\t\t\t\t\t\t\t\t\t\t\t<div class=\"accordion-item panel  active\">\n\n\t\t\t\t<div class=\"accordion-heading\" role=\"tab\" id=\"heading-2341\">\n\t\t\t\t<h4 class=\"accordion-title  tabindex=\"-1\">\t\t\t\t\t<a class=\"\" role=\"button\" data-toggle=\"collapse\" data-bs-toggle=\"collapse\"\n                    tabindex=\"0\"\n\t\t\t\t\tdata-parent=\"#accordion-69dff2efcd86b\" data-bs-parent=\"#accordion-69dff2efcd86b\" href=\"#collapse-2341\" data-target=\"#collapse-2341\" data-bs-target=\"#collapse-2341\"\n\t\t\t\t\taria-expanded=\"true\" aria-controls=\"collapse-2341\">\n\t\t\t\t\t\t\t\t\t\t\t\t<span class=\"accordion-title-txt\">Was ist Kunststoffextrusion?<\/span>\n\t\t\t\t\t\t\t\t\t\t\t\t\t<span class=\"accordion-expander\"><i class=\"lqd-icn-ess icon-ion-ios-add\"><\/i><i class=\"lqd-icn-ess icon-ion-ios-remove\"><\/i><\/span>\t\t\t\t\t\t\t\t\t\t\t<\/a>\n\t\t\t\t<\/h4>\t\t\t\t<\/div>\n\n\t\t\t\t<div id=\"collapse-2341\" class=\"accordion-collapse collapse  show\" data-bs-parent=\"#accordion-69dff2efcd86b\" role=\"tabpanel\" aria-labelledby=\"heading-2341\">\n\n\t\t\t\t<div class=\"accordion-content\">\n\t\t\t\t\t<p>Bei der Kunststoffextrusion wird ein kontinuierliches Profil durch Schmelzen und Formen von Kunststoffrohmaterial hergestellt. Dieses Verfahren wird zur Herstellung verschiedener Kunststoffprofile f\u00fcr unterschiedliche industrielle Anwendungen eingesetzt.<\/p>\t\t\t\t<\/div>\n\n\t\t\t\t<\/div>\n\n\t\t\t<\/div>\n\t\t\t\t\t\t\t\t\t<div class=\"accordion-item panel\">\n\n\t\t\t\t<div class=\"accordion-heading\" role=\"tab\" id=\"heading-2342\">\n\t\t\t\t<h4 class=\"accordion-title  tabindex=\"-1\">\t\t\t\t\t<a class=\"collapsed\" role=\"button\" data-toggle=\"collapse\" data-bs-toggle=\"collapse\"\n                    tabindex=\"0\"\n\t\t\t\t\tdata-parent=\"#accordion-69dff2efcd86b\" data-bs-parent=\"#accordion-69dff2efcd86b\" href=\"#collapse-2342\" data-target=\"#collapse-2342\" data-bs-target=\"#collapse-2342\"\n\t\t\t\t\taria-expanded=\"false\" aria-controls=\"collapse-2342\">\n\t\t\t\t\t\t\t\t\t\t\t\t<span class=\"accordion-title-txt\">Welche Art von Kunststoffprofilen stellen Sie her?<\/span>\n\t\t\t\t\t\t\t\t\t\t\t\t\t<span class=\"accordion-expander\"><i class=\"lqd-icn-ess icon-ion-ios-add\"><\/i><i class=\"lqd-icn-ess icon-ion-ios-remove\"><\/i><\/span>\t\t\t\t\t\t\t\t\t\t\t<\/a>\n\t\t\t\t<\/h4>\t\t\t\t<\/div>\n\n\t\t\t\t<div id=\"collapse-2342\" class=\"accordion-collapse collapse\" data-bs-parent=\"#accordion-69dff2efcd86b\" role=\"tabpanel\" aria-labelledby=\"heading-2342\">\n\n\t\t\t\t<div class=\"accordion-content\">\n\t\t\t\t\t<p>Wir bieten eine breite Produktpalette in den Bereichen Marktausstattung, Duschkabinen, Bauprofile, Spezialprofile und Automobilzulieferindustrie. Wir k\u00f6nnen auch nach den speziellen Anforderungen unserer Kunden produzieren.<\/p>\t\t\t\t<\/div>\n\n\t\t\t\t<\/div>\n\n\t\t\t<\/div>\n\t\t\t\t\t\t\t\t\t<div class=\"accordion-item panel\">\n\n\t\t\t\t<div class=\"accordion-heading\" role=\"tab\" id=\"heading-2343\">\n\t\t\t\t<h4 class=\"accordion-title  tabindex=\"-1\">\t\t\t\t\t<a class=\"collapsed\" role=\"button\" data-toggle=\"collapse\" data-bs-toggle=\"collapse\"\n                    tabindex=\"0\"\n\t\t\t\t\tdata-parent=\"#accordion-69dff2efcd86b\" data-bs-parent=\"#accordion-69dff2efcd86b\" href=\"#collapse-2343\" data-target=\"#collapse-2343\" data-bs-target=\"#collapse-2343\"\n\t\t\t\t\taria-expanded=\"false\" aria-controls=\"collapse-2343\">\n\t\t\t\t\t\t\t\t\t\t\t\t<span class=\"accordion-title-txt\">K\u00f6nnen Sie f\u00fcr spezielle Projekte produzieren?<\/span>\n\t\t\t\t\t\t\t\t\t\t\t\t\t<span class=\"accordion-expander\"><i class=\"lqd-icn-ess icon-ion-ios-add\"><\/i><i class=\"lqd-icn-ess icon-ion-ios-remove\"><\/i><\/span>\t\t\t\t\t\t\t\t\t\t\t<\/a>\n\t\t\t\t<\/h4>\t\t\t\t<\/div>\n\n\t\t\t\t<div id=\"collapse-2343\" class=\"accordion-collapse collapse\" data-bs-parent=\"#accordion-69dff2efcd86b\" role=\"tabpanel\" aria-labelledby=\"heading-2343\">\n\n\t\t\t\t<div class=\"accordion-content\">\n\t\t\t\t\t<p>Ja, in Zusammenarbeit mit unserem F&amp;E-Team bieten wir ma\u00dfgeschneiderte L\u00f6sungen f\u00fcr die Bed\u00fcrfnisse unserer Kunden. Wir unterst\u00fctzen Sie bei der Entwicklung und Produktion von kundenspezifischen Profilen.<\/p>\t\t\t\t<\/div>\n\n\t\t\t\t<\/div>\n\n\t\t\t<\/div>\n\t\t\t\t\t\t\t\t\t<div class=\"accordion-item panel\">\n\n\t\t\t\t<div class=\"accordion-heading\" role=\"tab\" id=\"heading-2344\">\n\t\t\t\t<h4 class=\"accordion-title  tabindex=\"-1\">\t\t\t\t\t<a class=\"collapsed\" role=\"button\" data-toggle=\"collapse\" data-bs-toggle=\"collapse\"\n                    tabindex=\"0\"\n\t\t\t\t\tdata-parent=\"#accordion-69dff2efcd86b\" data-bs-parent=\"#accordion-69dff2efcd86b\" href=\"#collapse-2344\" data-target=\"#collapse-2344\" data-bs-target=\"#collapse-2344\"\n\t\t\t\t\taria-expanded=\"false\" aria-controls=\"collapse-2344\">\n\t\t\t\t\t\t\t\t\t\t\t\t<span class=\"accordion-title-txt\">Wie lange dauert der Produktionsprozess?<\/span>\n\t\t\t\t\t\t\t\t\t\t\t\t\t<span class=\"accordion-expander\"><i class=\"lqd-icn-ess icon-ion-ios-add\"><\/i><i class=\"lqd-icn-ess icon-ion-ios-remove\"><\/i><\/span>\t\t\t\t\t\t\t\t\t\t\t<\/a>\n\t\t\t\t<\/h4>\t\t\t\t<\/div>\n\n\t\t\t\t<div id=\"collapse-2344\" class=\"accordion-collapse collapse\" data-bs-parent=\"#accordion-69dff2efcd86b\" role=\"tabpanel\" aria-labelledby=\"heading-2344\">\n\n\t\t\t\t<div class=\"accordion-content\">\n\t\t\t\t\t<p>Die Produktionszeit h\u00e4ngt von der Komplexit\u00e4t des Projekts und der Gr\u00f6\u00dfe des Auftrags ab. F\u00fcr detaillierte Informationen zu projektspezifischen Zeitpl\u00e4nen und Lieferzeiten k\u00f6nnen Sie uns kontaktieren.<\/p>\t\t\t\t<\/div>\n\n\t\t\t\t<\/div>\n\n\t\t\t<\/div>\n\t\t\t\t\t\t\t\t\t<div class=\"accordion-item panel\">\n\n\t\t\t\t<div class=\"accordion-heading\" role=\"tab\" id=\"heading-2345\">\n\t\t\t\t<h4 class=\"accordion-title  tabindex=\"-1\">\t\t\t\t\t<a class=\"collapsed\" role=\"button\" data-toggle=\"collapse\" data-bs-toggle=\"collapse\"\n                    tabindex=\"0\"\n\t\t\t\t\tdata-parent=\"#accordion-69dff2efcd86b\" data-bs-parent=\"#accordion-69dff2efcd86b\" href=\"#collapse-2345\" data-target=\"#collapse-2345\" data-bs-target=\"#collapse-2345\"\n\t\t\t\t\taria-expanded=\"false\" aria-controls=\"collapse-2345\">\n\t\t\t\t\t\t\t\t\t\t\t\t<span class=\"accordion-title-txt\">Was sind die Qualit\u00e4tsstandards Ihrer Produkte?<\/span>\n\t\t\t\t\t\t\t\t\t\t\t\t\t<span class=\"accordion-expander\"><i class=\"lqd-icn-ess icon-ion-ios-add\"><\/i><i class=\"lqd-icn-ess icon-ion-ios-remove\"><\/i><\/span>\t\t\t\t\t\t\t\t\t\t\t<\/a>\n\t\t\t\t<\/h4>\t\t\t\t<\/div>\n\n\t\t\t\t<div id=\"collapse-2345\" class=\"accordion-collapse collapse\" data-bs-parent=\"#accordion-69dff2efcd86b\" role=\"tabpanel\" aria-labelledby=\"heading-2345\">\n\n\t\t\t\t<div class=\"accordion-content\">\n\t\t\t\t\t<p>Alle unsere Produkte werden nach internationalen Standards hergestellt und sind nach ISO 9001 zertifiziert. Unsere Qualit\u00e4tskontrollverfahren gew\u00e4hrleisten, dass jedes Produkt den h\u00f6chsten Standards entspricht.<\/p>\t\t\t\t<\/div>\n\n\t\t\t\t<\/div>\n\n\t\t\t<\/div>\n\t\t\t\t\t\t\t\t\t<div class=\"accordion-item panel\">\n\n\t\t\t\t<div class=\"accordion-heading\" role=\"tab\" id=\"heading-2346\">\n\t\t\t\t<h4 class=\"accordion-title  tabindex=\"-1\">\t\t\t\t\t<a class=\"collapsed\" role=\"button\" data-toggle=\"collapse\" data-bs-toggle=\"collapse\"\n                    tabindex=\"0\"\n\t\t\t\t\tdata-parent=\"#accordion-69dff2efcd86b\" data-bs-parent=\"#accordion-69dff2efcd86b\" href=\"#collapse-2346\" data-target=\"#collapse-2346\" data-bs-target=\"#collapse-2346\"\n\t\t\t\t\taria-expanded=\"false\" aria-controls=\"collapse-2346\">\n\t\t\t\t\t\t\t\t\t\t\t\t<span class=\"accordion-title-txt\">Wie hoch ist die Mindestbestellmenge?<\/span>\n\t\t\t\t\t\t\t\t\t\t\t\t\t<span class=\"accordion-expander\"><i class=\"lqd-icn-ess icon-ion-ios-add\"><\/i><i class=\"lqd-icn-ess icon-ion-ios-remove\"><\/i><\/span>\t\t\t\t\t\t\t\t\t\t\t<\/a>\n\t\t\t\t<\/h4>\t\t\t\t<\/div>\n\n\t\t\t\t<div id=\"collapse-2346\" class=\"accordion-collapse collapse\" data-bs-parent=\"#accordion-69dff2efcd86b\" role=\"tabpanel\" aria-labelledby=\"heading-2346\">\n\n\t\t\t\t<div class=\"accordion-content\">\n\t\t\t\t\t<p>Die Mindestbestellmenge kann je nach Art des hergestellten Profils und den Eigenschaften des Projekts variieren. Detaillierte Informationen erhalten Sie bei unseren Kundenbetreuern.<\/p>\t\t\t\t<\/div>\n\n\t\t\t\t<\/div>\n\n\t\t\t<\/div>\n\t\t\t\t\t\t\t\t\t<div class=\"accordion-item panel\">\n\n\t\t\t\t<div class=\"accordion-heading\" role=\"tab\" id=\"heading-2347\">\n\t\t\t\t<h4 class=\"accordion-title  tabindex=\"-1\">\t\t\t\t\t<a class=\"collapsed\" role=\"button\" data-toggle=\"collapse\" data-bs-toggle=\"collapse\"\n                    tabindex=\"0\"\n\t\t\t\t\tdata-parent=\"#accordion-69dff2efcd86b\" data-bs-parent=\"#accordion-69dff2efcd86b\" href=\"#collapse-2347\" data-target=\"#collapse-2347\" data-bs-target=\"#collapse-2347\"\n\t\t\t\t\taria-expanded=\"false\" aria-controls=\"collapse-2347\">\n\t\t\t\t\t\t\t\t\t\t\t\t<span class=\"accordion-title-txt\">Kann ich Informationen \u00fcber Ihren Transport- und Lieferservice erhalten?<\/span>\n\t\t\t\t\t\t\t\t\t\t\t\t\t<span class=\"accordion-expander\"><i class=\"lqd-icn-ess icon-ion-ios-add\"><\/i><i class=\"lqd-icn-ess icon-ion-ios-remove\"><\/i><\/span>\t\t\t\t\t\t\t\t\t\t\t<\/a>\n\t\t\t\t<\/h4>\t\t\t\t<\/div>\n\n\t\t\t\t<div id=\"collapse-2347\" class=\"accordion-collapse collapse\" data-bs-parent=\"#accordion-69dff2efcd86b\" role=\"tabpanel\" aria-labelledby=\"heading-2347\">\n\n\t\t\t\t<div class=\"accordion-content\">\n\t\t\t\t\t<p>Wir bieten Flexibilit\u00e4t bei Transport und Lieferung unserer Produkte. Sie k\u00f6nnen uns f\u00fcr weitere Informationen \u00fcber unsere lokalen und internationalen Lieferoptionen kontaktieren.<\/p>\t\t\t\t<\/div>\n\n\t\t\t\t<\/div>\n\n\t\t\t<\/div>\n\t\t\t\t\t\t\t\t\t<div class=\"accordion-item panel\">\n\n\t\t\t\t<div class=\"accordion-heading\" role=\"tab\" id=\"heading-2348\">\n\t\t\t\t<h4 class=\"accordion-title  tabindex=\"-1\">\t\t\t\t\t<a class=\"collapsed\" role=\"button\" data-toggle=\"collapse\" data-bs-toggle=\"collapse\"\n                    tabindex=\"0\"\n\t\t\t\t\tdata-parent=\"#accordion-69dff2efcd86b\" data-bs-parent=\"#accordion-69dff2efcd86b\" href=\"#collapse-2348\" data-target=\"#collapse-2348\" data-bs-target=\"#collapse-2348\"\n\t\t\t\t\taria-expanded=\"false\" aria-controls=\"collapse-2348\">\n\t\t\t\t\t\t\t\t\t\t\t\t<span class=\"accordion-title-txt\">Wo kann ich Ihre Produkte kaufen?<\/span>\n\t\t\t\t\t\t\t\t\t\t\t\t\t<span class=\"accordion-expander\"><i class=\"lqd-icn-ess icon-ion-ios-add\"><\/i><i class=\"lqd-icn-ess icon-ion-ios-remove\"><\/i><\/span>\t\t\t\t\t\t\t\t\t\t\t<\/a>\n\t\t\t\t<\/h4>\t\t\t\t<\/div>\n\n\t\t\t\t<div id=\"collapse-2348\" class=\"accordion-collapse collapse\" data-bs-parent=\"#accordion-69dff2efcd86b\" role=\"tabpanel\" aria-labelledby=\"heading-2348\">\n\n\t\t\t\t<div class=\"accordion-content\">\n\t\t\t\t\t<p>Sie k\u00f6nnen unsere Produkte direkt bei unserem Werk oder bei unseren Vertragsh\u00e4ndlern kaufen. F\u00fcr weitere Informationen \u00fcber unsere Vertriebskan\u00e4le besuchen Sie bitte die Kontaktseite auf unserer Website.<\/p>\t\t\t\t<\/div>\n\n\t\t\t\t<\/div>\n\n\t\t\t<\/div>\n\t\t\t\t\t\t\t\t\t<div class=\"accordion-item panel\">\n\n\t\t\t\t<div class=\"accordion-heading\" role=\"tab\" id=\"heading-2349\">\n\t\t\t\t<h4 class=\"accordion-title  tabindex=\"-1\">\t\t\t\t\t<a class=\"collapsed\" role=\"button\" data-toggle=\"collapse\" data-bs-toggle=\"collapse\"\n                    tabindex=\"0\"\n\t\t\t\t\tdata-parent=\"#accordion-69dff2efcd86b\" data-bs-parent=\"#accordion-69dff2efcd86b\" href=\"#collapse-2349\" data-target=\"#collapse-2349\" data-bs-target=\"#collapse-2349\"\n\t\t\t\t\taria-expanded=\"false\" aria-controls=\"collapse-2349\">\n\t\t\t\t\t\t\t\t\t\t\t\t<span class=\"accordion-title-txt\">Wie kann ich ein Angebot erhalten?<\/span>\n\t\t\t\t\t\t\t\t\t\t\t\t\t<span class=\"accordion-expander\"><i class=\"lqd-icn-ess icon-ion-ios-add\"><\/i><i class=\"lqd-icn-ess icon-ion-ios-remove\"><\/i><\/span>\t\t\t\t\t\t\t\t\t\t\t<\/a>\n\t\t\t\t<\/h4>\t\t\t\t<\/div>\n\n\t\t\t\t<div id=\"collapse-2349\" class=\"accordion-collapse collapse\" data-bs-parent=\"#accordion-69dff2efcd86b\" role=\"tabpanel\" aria-labelledby=\"heading-2349\">\n\n\t\t\t\t<div class=\"accordion-content\">\n\t\t\t\t\t<p>Sie k\u00f6nnen sich mit uns in Verbindung setzen, indem Sie uns detaillierte Informationen \u00fcber die von Ihnen ben\u00f6tigten Produkte geben. Wir werden Ihnen so schnell wie m\u00f6glich unser spezielles Preisangebot f\u00fcr Ihr Projekt zusenden.<\/p>\t\t\t\t<\/div>\n\n\t\t\t\t<\/div>\n\n\t\t\t<\/div>\n\t\t\t\t\t\t\t\t\t<div class=\"accordion-item panel\">\n\n\t\t\t\t<div class=\"accordion-heading\" role=\"tab\" id=\"heading-23410\">\n\t\t\t\t<h4 class=\"accordion-title  tabindex=\"-1\">\t\t\t\t\t<a class=\"collapsed\" role=\"button\" data-toggle=\"collapse\" data-bs-toggle=\"collapse\"\n                    tabindex=\"0\"\n\t\t\t\t\tdata-parent=\"#accordion-69dff2efcd86b\" data-bs-parent=\"#accordion-69dff2efcd86b\" href=\"#collapse-23410\" data-target=\"#collapse-23410\" data-bs-target=\"#collapse-23410\"\n\t\t\t\t\taria-expanded=\"false\" aria-controls=\"collapse-23410\">\n\t\t\t\t\t\t\t\t\t\t\t\t<span class=\"accordion-title-txt\">Bieten Sie Unterst\u00fctzung f\u00fcr FuE-Projekte an?<\/span>\n\t\t\t\t\t\t\t\t\t\t\t\t\t<span class=\"accordion-expander\"><i class=\"lqd-icn-ess icon-ion-ios-add\"><\/i><i class=\"lqd-icn-ess icon-ion-ios-remove\"><\/i><\/span>\t\t\t\t\t\t\t\t\t\t\t<\/a>\n\t\t\t\t<\/h4>\t\t\t\t<\/div>\n\n\t\t\t\t<div id=\"collapse-23410\" class=\"accordion-collapse collapse\" data-bs-parent=\"#accordion-69dff2efcd86b\" role=\"tabpanel\" aria-labelledby=\"heading-23410\">\n\n\t\t\t\t<div class=\"accordion-content\">\n\t\t\t\t\t<p>Ja, wir legen gro\u00dfen Wert auf F&amp;E-Projekte und unterst\u00fctzen die innovativen Projekte unserer Kunden. F\u00fcr weitere Informationen k\u00f6nnen Sie unsere F&amp;E-Abteilung kontaktieren.<\/p>\t\t\t\t<\/div>\n\n\t\t\t\t<\/div>\n\n\t\t\t<\/div>\n\t\t\t\t\t\t\n\t\t<\/div>\n\n\t\t\t\t\t\t<\/div>\n\t\t\t\t<\/div>\n\t\t\t\t\t<\/div>\n\t\t<\/div>\n\t\t\t\t\t<\/div>\n\t\t<\/section>\n\t\t\t\t<\/div>","protected":false},"excerpt":{"rendered":"<p>S\u0131k\u00e7a Sorulan Sorular Hangi t\u00fcr plastik profiller \u00fcretiyorsunuz? Market donan\u0131m\u0131, du\u015fa kabin, in\u015faat profilleri, \u00f6zel profiller ve otomotiv yan sanayi alanlar\u0131nda geni\u015f bir \u00fcr\u00fcn yelpazesi sunuyoruz. M\u00fc\u015fterilerimizin \u00f6zel taleplerine g\u00f6re de \u00fcretim yapabiliyoruz. \u00dcretim s\u00fcreci ne kadar s\u00fcrer? \u00dcretim s\u00fcresi, projenin karma\u015f\u0131kl\u0131\u011f\u0131na ve sipari\u015fin b\u00fcy\u00fckl\u00fc\u011f\u00fcne ba\u011fl\u0131 olarak de\u011fi\u015fir. Projeye \u00f6zel zaman \u00e7izelgesi ve teslimat s\u00fcreleri [&hellip;]<\/p>","protected":false},"author":1,"featured_media":0,"parent":0,"menu_order":0,"comment_status":"closed","ping_status":"closed","template":"","meta":{"footnotes":""},"class_list":["post-6103","page","type-page","status-publish","hentry"],"_links":{"self":[{"href":"https:\/\/www.taysanplastik.com\/de\/wp-json\/wp\/v2\/pages\/6103","targetHints":{"allow":["GET"]}}],"collection":[{"href":"https:\/\/www.taysanplastik.com\/de\/wp-json\/wp\/v2\/pages"}],"about":[{"href":"https:\/\/www.taysanplastik.com\/de\/wp-json\/wp\/v2\/types\/page"}],"author":[{"embeddable":true,"href":"https:\/\/www.taysanplastik.com\/de\/wp-json\/wp\/v2\/users\/1"}],"replies":[{"embeddable":true,"href":"https:\/\/www.taysanplastik.com\/de\/wp-json\/wp\/v2\/comments?post=6103"}],"version-history":[{"count":28,"href":"https:\/\/www.taysanplastik.com\/de\/wp-json\/wp\/v2\/pages\/6103\/revisions"}],"predecessor-version":[{"id":7063,"href":"https:\/\/www.taysanplastik.com\/de\/wp-json\/wp\/v2\/pages\/6103\/revisions\/7063"}],"wp:attachment":[{"href":"https:\/\/www.taysanplastik.com\/de\/wp-json\/wp\/v2\/media?parent=6103"}],"curies":[{"name":"wp","href":"https:\/\/api.w.org\/{rel}","templated":true}]}}