{"id":6903,"date":"2026-01-05T23:21:36","date_gmt":"2026-01-05T23:21:36","guid":{"rendered":"https:\/\/www.taysanplastik.com\/?page_id=6903"},"modified":"2026-01-06T21:08:16","modified_gmt":"2026-01-06T21:08:16","slug":"perez-politik","status":"publish","type":"page","link":"https:\/\/www.taysanplastik.com\/de\/perez-politik\/","title":{"rendered":"Cookie-Richtlinie"},"content":{"rendered":"<div data-elementor-type=\"wp-page\" data-elementor-id=\"6903\" class=\"elementor elementor-6903\">\n\t\t\t\t<div class=\"elementor-element elementor-element-e02b179 e-con-full e-flex e-con e-parent\" data-id=\"e02b179\" data-element_type=\"container\" data-settings=\"{&quot;background_background&quot;:&quot;classic&quot;}\">\n\t\t<div class=\"elementor-element elementor-element-e30f1c6 e-flex e-con-boxed e-con e-child\" data-id=\"e30f1c6\" data-element_type=\"container\">\n\t\t\t\t\t<div class=\"e-con-inner\">\n\t\t\t\t<div class=\"elementor-element elementor-element-8817711 elementor-widget elementor-widget-hub_fancy_heading\" data-id=\"8817711\" data-element_type=\"widget\" data-widget_type=\"hub_fancy_heading.default\">\n\t\t\t\t<div class=\"elementor-widget-container\">\n\t\t\t\t\t\n\t\t<div id=\"ld-fancy-heading-69dff2dfd85ac\" class=\"ld-fancy-heading pos-rel\">\n\t\t\t<h1 class=\"ld-fh-element d-inline-block pos-rel  elementor-heading-title lqd-highlight-classic lqd-highlight-grow-left h1\"  > Cookie-Richtlinie<\/h1>\t\t<\/div>\n\n\t\t\t\t\t\t<\/div>\n\t\t\t\t<\/div>\n\t\t\t\t\t<\/div>\n\t\t\t\t<\/div>\n\t\t\t\t<\/div>\n\t\t<div class=\"elementor-element elementor-element-3d629c5 e-flex e-con-boxed e-con e-parent\" data-id=\"3d629c5\" data-element_type=\"container\">\n\t\t\t\t\t<div class=\"e-con-inner\">\n\t\t\t\t<div class=\"elementor-element elementor-element-1dea6fb elementor-widget elementor-widget-text-editor\" data-id=\"1dea6fb\" data-element_type=\"widget\" data-widget_type=\"text-editor.default\">\n\t\t\t\t\t\t\t\t\t<p><strong>TAYSAN PLASTIC PROFILE SAN. VE TI\u0307C. LTD. \u015eTI\u0307.<\/strong><\/p><p><strong>Cookie-Richtlinie<\/strong><\/p><p>Diese Website verwendet Cookies, um das Nutzererlebnis zu verbessern und die Effektivit\u00e4t der Website zu analysieren. Cookies sind Daten, die in Form von kleinen Textdateien auf Ihrem Endger\u00e4t (Computer, Tablet, Smartphone usw.) gespeichert und von Ihrem Webbrowser gespeichert werden. Cookies werden verwendet, um Ihren Besuch auf der Website effizienter zu gestalten.<\/p><h4 class=\"wp-block-heading\">Verwendung von Cookies<\/h4><ul class=\"wp-block-list\"><li><strong>Obligatorische Cookies:<\/strong>\u00a0Sie sind f\u00fcr die grundlegende Funktionalit\u00e4t der Website erforderlich. Ohne diese Cookies funktioniert die Website m\u00f6glicherweise nicht richtig.<\/li><li><strong>Leistungs- und Funktions-Cookies:<\/strong>\u00a0Sie werden verwendet, um die Leistung der Website zu messen und die Besuchererfahrung zu verbessern.<\/li><li><strong>Targeting- und Werbe-Cookies:<\/strong>\u00a0Sie wird verwendet, um den Besuchern spezielle Inhalte und Werbung entsprechend ihren Interessen anzubieten.<\/li><\/ul><h4 class=\"wp-block-heading\">Kontrolle und L\u00f6schung von Cookies<\/h4><p>\u00dcber die Einstellungen Ihres Webbrowsers k\u00f6nnen Sie Cookies kontrollieren, ihre Annahme verweigern oder vorhandene Cookies l\u00f6schen. Sie k\u00f6nnen in der Hilfedokumentation Ihres Browsers nachlesen, wie Sie die Verwendung von Cookies verwalten k\u00f6nnen.<\/p><h4 class=\"wp-block-heading\">Cookies von Dritten<\/h4><p>Unsere Website kann auch Cookies enthalten, die von Drittanbietern verwendet werden. Diese Cookies werden verwendet, um die Dienste von Dienstleistern bereitzustellen und die Effektivit\u00e4t der Website zu messen. Weitere Informationen \u00fcber Cookies von Drittanbietern finden Sie in den Datenschutzrichtlinien des jeweiligen Drittanbieters.<\/p><h4 class=\"wp-block-heading\">\u00c4nderungen<\/h4><p>Diese Cookie-Richtlinie kann bei Bedarf aktualisiert und ge\u00e4ndert werden. \u00c4nderungen werden auf unserer Website ver\u00f6ffentlicht und sind f\u00fcr interessierte Parteien zug\u00e4nglich.<\/p><h4 class=\"wp-block-heading\">Kontakt<\/h4><p>Sie k\u00f6nnen uns \u00fcber [ik@taysanplastik.com] kontaktieren, wenn Sie Fragen, W\u00fcnsche oder Beschwerden bez\u00fcglich unserer Cookie-Richtlinie haben.<\/p>\t\t\t\t\t\t\t\t<\/div>\n\t\t\t\t\t<\/div>\n\t\t\t\t<\/div>\n\t\t\t\t<\/div>","protected":false},"excerpt":{"rendered":"<p>\u00c7erez Politikas\u0131 TAYSAN PLAST\u0130K PROF\u0130L SAN. VE T\u0130C. LTD. \u015eT\u0130. \u00c7erez Politikas\u0131 Bu web sitesi, kullan\u0131c\u0131 deneyimini geli\u015ftirmek ve web sitesinin etkinli\u011fini analiz etmek amac\u0131yla \u00e7erezler (cookies) kullanmaktad\u0131r. \u00c7erezler, k\u00fc\u00e7\u00fck metin dosyalar\u0131 \u015feklinde kullan\u0131c\u0131 cihaz\u0131n\u0131za (bilgisayar, tablet, ak\u0131ll\u0131 telefon vb.) kaydedilen ve web taray\u0131c\u0131n\u0131z taraf\u0131ndan depolanan verilerdir. \u00c7erezler, web sitesini ziyaret etti\u011finizde kullan\u0131c\u0131 deneyiminizi daha [&hellip;]<\/p>","protected":false},"author":1,"featured_media":0,"parent":0,"menu_order":0,"comment_status":"closed","ping_status":"closed","template":"","meta":{"footnotes":""},"class_list":["post-6903","page","type-page","status-publish","hentry"],"_links":{"self":[{"href":"https:\/\/www.taysanplastik.com\/de\/wp-json\/wp\/v2\/pages\/6903","targetHints":{"allow":["GET"]}}],"collection":[{"href":"https:\/\/www.taysanplastik.com\/de\/wp-json\/wp\/v2\/pages"}],"about":[{"href":"https:\/\/www.taysanplastik.com\/de\/wp-json\/wp\/v2\/types\/page"}],"author":[{"embeddable":true,"href":"https:\/\/www.taysanplastik.com\/de\/wp-json\/wp\/v2\/users\/1"}],"replies":[{"embeddable":true,"href":"https:\/\/www.taysanplastik.com\/de\/wp-json\/wp\/v2\/comments?post=6903"}],"version-history":[{"count":7,"href":"https:\/\/www.taysanplastik.com\/de\/wp-json\/wp\/v2\/pages\/6903\/revisions"}],"predecessor-version":[{"id":6936,"href":"https:\/\/www.taysanplastik.com\/de\/wp-json\/wp\/v2\/pages\/6903\/revisions\/6936"}],"wp:attachment":[{"href":"https:\/\/www.taysanplastik.com\/de\/wp-json\/wp\/v2\/media?parent=6903"}],"curies":[{"name":"wp","href":"https:\/\/api.w.org\/{rel}","templated":true}]}}