{"id":6908,"date":"2026-01-05T23:24:21","date_gmt":"2026-01-05T23:24:21","guid":{"rendered":"https:\/\/www.taysanplastik.com\/?page_id=6908"},"modified":"2026-01-06T21:08:22","modified_gmt":"2026-01-06T21:08:22","slug":"beleuchtung","status":"publish","type":"page","link":"https:\/\/www.taysanplastik.com\/de\/beleuchtung\/","title":{"rendered":"Text zur Klarstellung"},"content":{"rendered":"<div data-elementor-type=\"wp-page\" data-elementor-id=\"6908\" class=\"elementor elementor-6908\">\n\t\t\t\t<div class=\"elementor-element elementor-element-656c7cc e-con-full e-flex e-con e-parent\" data-id=\"656c7cc\" data-element_type=\"container\" data-settings=\"{&quot;background_background&quot;:&quot;classic&quot;}\">\n\t\t<div class=\"elementor-element elementor-element-f8763a8 e-flex e-con-boxed e-con e-child\" data-id=\"f8763a8\" data-element_type=\"container\">\n\t\t\t\t\t<div class=\"e-con-inner\">\n\t\t\t\t<div class=\"elementor-element elementor-element-ab86146 elementor-widget elementor-widget-hub_fancy_heading\" data-id=\"ab86146\" data-element_type=\"widget\" data-widget_type=\"hub_fancy_heading.default\">\n\t\t\t\t<div class=\"elementor-widget-container\">\n\t\t\t\t\t\n\t\t<div id=\"ld-fancy-heading-69dff462a65ae\" class=\"ld-fancy-heading pos-rel\">\n\t\t\t<h1 class=\"ld-fh-element d-inline-block pos-rel  elementor-heading-title lqd-highlight-classic lqd-highlight-grow-left h1\"  > Text zur Klarstellung<\/h1>\t\t<\/div>\n\n\t\t\t\t\t\t<\/div>\n\t\t\t\t<\/div>\n\t\t\t\t\t<\/div>\n\t\t\t\t<\/div>\n\t\t\t\t<\/div>\n\t\t<div class=\"elementor-element elementor-element-daa5c94 e-flex e-con-boxed e-con e-parent\" data-id=\"daa5c94\" data-element_type=\"container\">\n\t\t\t\t\t<div class=\"e-con-inner\">\n\t\t\t\t<div class=\"elementor-element elementor-element-7927dae elementor-widget elementor-widget-text-editor\" data-id=\"7927dae\" data-element_type=\"widget\" data-widget_type=\"text-editor.default\">\n\t\t\t\t\t\t\t\t\t<p><strong>TAYSAN PLASTIC PROFILE SAN. VE TI\u0307C. LTD. \u015eTI\u0307.<\/strong><\/p><p><strong>Klarstellungstext zum Schutz und zur Verarbeitung personenbezogener Daten<\/strong><\/p><p>Als TAYSAN PLAST\u0130K PROFILE SAN VE T\u0130C. LTD. \u015eT\u0130. legen wir gro\u00dfen Wert auf den Schutz Ihrer personenbezogenen Daten im Rahmen des Gesetzes Nr. 6698 \u00fcber den Schutz personenbezogener Daten (\u201cKVKK\u201d). Dieser Erl\u00e4uterungstext wurde erstellt, um Sie dar\u00fcber zu informieren, zu welchen Zwecken Ihre personenbezogenen Daten verarbeitet werden, an wen und zu welchen Zwecken sie \u00fcbermittelt werden k\u00f6nnen, \u00fcber unsere Datenerhebungsmethoden und Rechtsgr\u00fcnde sowie \u00fcber Ihre Rechte nach dem KVKK.<\/p><h4 class=\"wp-block-heading\">1. die Erhebung und Verarbeitung personenbezogener Daten<\/h4><p>Ihre personenbezogenen Daten k\u00f6nnen m\u00fcndlich, schriftlich oder elektronisch durch automatische oder nicht-automatische Methoden, B\u00fcros, Callcenter, Website, Social-Media-Kan\u00e4le, mobile Anwendungen und \u00e4hnliche Mittel im Rahmen der von unserem Unternehmen angebotenen Dienstleistungen und kommerziellen Aktivit\u00e4ten erfasst werden. Die von Ihnen erhobenen personenbezogenen Daten k\u00f6nnen im Rahmen der in den Artikeln 5 und 6 des KVKK festgelegten Bedingungen und Zwecke der Verarbeitung personenbezogener Daten verarbeitet werden.<\/p><h4 class=\"wp-block-heading\">2. zwecke der Verarbeitung personenbezogener Daten<\/h4><p>Die von Ihnen erhobenen personenbezogenen Daten k\u00f6nnen zu folgenden Zwecken verarbeitet werden:<\/p><ul class=\"wp-block-list\"><li>Lieferung der von unserem Unternehmen angebotenen Produkte und Dienstleistungen und Durchf\u00fchrung der Dienstleistungsprozesse<\/li><li>Verwaltung der Kundenbeziehungen und Gew\u00e4hrleistung der Kundenzufriedenheit<\/li><li>Beantwortung von Fragen, Antr\u00e4gen und Beschwerden zu unseren Dienstleistungen<\/li><li>Festlegung und Umsetzung unserer Handels- und Gesch\u00e4ftsstrategien<\/li><li>Umsetzung unserer Personalpolitik<\/li><li>Erf\u00fcllung unserer gesetzlichen Verpflichtungen<\/li><\/ul><h4 class=\"wp-block-heading\">3. die \u00dcbermittlung personenbezogener Daten<\/h4><p>Ihre pers\u00f6nlichen Daten k\u00f6nnen im Rahmen der in den Artikeln 8 und 9 des KVKK genannten Bedingungen zu den oben genannten Zwecken an unsere Gesch\u00e4ftspartner, Lieferanten, gesetzlich befugte \u00f6ffentliche Einrichtungen und Privatpersonen weitergegeben werden.<\/p><h4 class=\"wp-block-heading\">4 Methode und Rechtsgrundlagen f\u00fcr die Erhebung personenbezogener Daten<\/h4><p>Ihre personenbezogenen Daten werden in allen Arten von m\u00fcndlichen, schriftlichen oder elektronischen Medien zu den oben genannten Zwecken erhoben, damit unser Unternehmen seine vertraglichen und gesetzlichen Verpflichtungen vollst\u00e4ndig und korrekt erf\u00fcllen kann. Ihre aus diesem Rechtsgrund erhobenen personenbezogenen Daten k\u00f6nnen im Rahmen der in den Artikeln 5 und 6 des KVKK genannten Bedingungen und Zwecke der Verarbeitung personenbezogener Daten verarbeitet und \u00fcbermittelt werden.<\/p><h4 class=\"wp-block-heading\">5 Rechte des Eigent\u00fcmers der personenbezogenen Daten<\/h4><p>Gem\u00e4ss Artikel 11 der LPPD sind die Inhaber von Personendaten;<\/p><ul class=\"wp-block-list\"><li>zu erfahren, ob ihre personenbezogenen Daten verarbeitet werden oder nicht<\/li><li>Auskunft zu verlangen, wenn personenbezogene Daten verarbeitet wurden<\/li><li>zu erfahren, zu welchem Zweck personenbezogene Daten verarbeitet werden und ob sie im Einklang mit ihrem Zweck verwendet werden<\/li><li>die Dritten zu kennen, an die personenbezogene Daten im In- oder Ausland \u00fcbermittelt werden<\/li><li>die Berichtigung personenbezogener Daten im Falle einer unvollst\u00e4ndigen oder unrichtigen Verarbeitung zu verlangen<\/li><li>die L\u00f6schung oder Vernichtung personenbezogener Daten im Rahmen der in Artikel 7 des KVKK festgelegten Bedingungen zu verlangen<\/li><li>im Falle der Berichtigung, L\u00f6schung oder Vernichtung personenbezogener Daten die Mitteilung dieser Vorg\u00e4nge an Dritte, an die personenbezogene Daten \u00fcbermittelt werden, zu verlangen<\/li><li>Einspruch zu erheben gegen das Eintreten eines Ergebnisses, das sich zum Nachteil der Person auswirkt, indem die verarbeiteten Daten ausschlie\u00dflich durch automatisierte Systeme analysiert werden<\/li><li>im Falle eines Schadens, der durch die unrechtm\u00e4\u00dfige Verarbeitung personenbezogener Daten entstanden ist, den Ersatz des Schadens zu verlangen<\/li><\/ul><p>Rechte.<\/p><h4 class=\"wp-block-heading\">6. kommunikation<\/h4><p>Sie k\u00f6nnen Ihre Anfragen bez\u00fcglich Ihrer pers\u00f6nlichen Daten schriftlich an [ik@taysanplastik.com] senden oder uns \u00fcber [ik@taysanplastik.com] kontaktieren.<\/p><p>Dieser Erl\u00e4uterungstext kann aktualisiert werden, wenn dies von TAYSAN PLAST\u0130K PROF\u0130L SAN. VE T\u0130C. LTD. \u015eT\u0130. f\u00fcr notwendig erachtet wird, und wird Ihnen durch Ver\u00f6ffentlichung auf unserer Website mitgeteilt.\u00a0<\/p>\t\t\t\t\t\t\t\t<\/div>\n\t\t\t\t\t<\/div>\n\t\t\t\t<\/div>\n\t\t\t\t<\/div>","protected":false},"excerpt":{"rendered":"<p>Ayd\u0131nlatma Metni TAYSAN PLAST\u0130K PROF\u0130L SAN. VE T\u0130C. LTD. \u015eT\u0130. Ki\u015fisel Verilerin Korunmas\u0131 ve \u0130\u015flenmesi Hakk\u0131nda Ayd\u0131nlatma Metni TAYSAN PLAST\u0130K PROF\u0130L SAN. VE T\u0130C. LTD. \u015eT\u0130. olarak, 6698 say\u0131l\u0131 Ki\u015fisel Verilerin Korunmas\u0131 Kanunu (\u201cKVKK\u201d) kapsam\u0131nda ki\u015fisel verilerinizin korunmas\u0131na b\u00fcy\u00fck \u00f6nem vermekteyiz. Bu ayd\u0131nlatma metni, ki\u015fisel verilerinizin hangi ama\u00e7larla i\u015flendi\u011fi, kimlere ve hangi ama\u00e7larla aktar\u0131labilece\u011fi, veri [&hellip;]<\/p>","protected":false},"author":1,"featured_media":0,"parent":0,"menu_order":0,"comment_status":"closed","ping_status":"closed","template":"","meta":{"footnotes":""},"class_list":["post-6908","page","type-page","status-publish","hentry"],"_links":{"self":[{"href":"https:\/\/www.taysanplastik.com\/de\/wp-json\/wp\/v2\/pages\/6908","targetHints":{"allow":["GET"]}}],"collection":[{"href":"https:\/\/www.taysanplastik.com\/de\/wp-json\/wp\/v2\/pages"}],"about":[{"href":"https:\/\/www.taysanplastik.com\/de\/wp-json\/wp\/v2\/types\/page"}],"author":[{"embeddable":true,"href":"https:\/\/www.taysanplastik.com\/de\/wp-json\/wp\/v2\/users\/1"}],"replies":[{"embeddable":true,"href":"https:\/\/www.taysanplastik.com\/de\/wp-json\/wp\/v2\/comments?post=6908"}],"version-history":[{"count":7,"href":"https:\/\/www.taysanplastik.com\/de\/wp-json\/wp\/v2\/pages\/6908\/revisions"}],"predecessor-version":[{"id":6939,"href":"https:\/\/www.taysanplastik.com\/de\/wp-json\/wp\/v2\/pages\/6908\/revisions\/6939"}],"wp:attachment":[{"href":"https:\/\/www.taysanplastik.com\/de\/wp-json\/wp\/v2\/media?parent=6908"}],"curies":[{"name":"wp","href":"https:\/\/api.w.org\/{rel}","templated":true}]}}