{"id":6913,"date":"2026-01-05T23:25:19","date_gmt":"2026-01-05T23:25:19","guid":{"rendered":"https:\/\/www.taysanplastik.com\/?page_id=6913"},"modified":"2026-01-06T21:08:27","modified_gmt":"2026-01-06T21:08:27","slug":"text-der-offenen-zustimmung","status":"publish","type":"page","link":"https:\/\/www.taysanplastik.com\/de\/text-der-offenen-zustimmung\/","title":{"rendered":"Text der offenen Zustimmung"},"content":{"rendered":"<div data-elementor-type=\"wp-page\" data-elementor-id=\"6913\" class=\"elementor elementor-6913\">\n\t\t\t\t<div class=\"elementor-element elementor-element-e030165 e-con-full e-flex e-con e-parent\" data-id=\"e030165\" data-element_type=\"container\" data-settings=\"{&quot;background_background&quot;:&quot;classic&quot;}\">\n\t\t<div class=\"elementor-element elementor-element-1a0ee69 e-flex e-con-boxed e-con e-child\" data-id=\"1a0ee69\" data-element_type=\"container\">\n\t\t\t\t\t<div class=\"e-con-inner\">\n\t\t\t\t<div class=\"elementor-element elementor-element-f7927c1 elementor-widget elementor-widget-hub_fancy_heading\" data-id=\"f7927c1\" data-element_type=\"widget\" data-widget_type=\"hub_fancy_heading.default\">\n\t\t\t\t<div class=\"elementor-widget-container\">\n\t\t\t\t\t\n\t\t<div id=\"ld-fancy-heading-69dfde1646244\" class=\"ld-fancy-heading pos-rel\">\n\t\t\t<h1 class=\"ld-fh-element d-inline-block pos-rel  elementor-heading-title lqd-highlight-classic lqd-highlight-grow-left h1\"  > Text der offenen Zustimmung<\/h1>\t\t<\/div>\n\n\t\t\t\t\t\t<\/div>\n\t\t\t\t<\/div>\n\t\t\t\t\t<\/div>\n\t\t\t\t<\/div>\n\t\t\t\t<\/div>\n\t\t<div class=\"elementor-element elementor-element-036e7c7 e-flex e-con-boxed e-con e-parent\" data-id=\"036e7c7\" data-element_type=\"container\">\n\t\t\t\t\t<div class=\"e-con-inner\">\n\t\t\t\t<div class=\"elementor-element elementor-element-a1603ed elementor-widget elementor-widget-text-editor\" data-id=\"a1603ed\" data-element_type=\"widget\" data-widget_type=\"text-editor.default\">\n\t\t\t\t\t\t\t\t\t<p><strong>TAYSAN PLASTIC PROFILE SAN. VE TI\u0307C. LTD. \u015eTI\u0307.<\/strong><\/p><p><strong>Text der offenen Zustimmung<\/strong><\/p><p>Dieser Text zur ausdr\u00fccklichen Zustimmung wurde von TAYSAN PLAST\u0130K PROF\u0130L SAN. VE T\u0130C. LTD. \u015eT\u0130. (\u201cunser Unternehmen\u201d) im Rahmen des KVKK (Gesetz zum Schutz personenbezogener Daten Nr. 6698) erstellt. Wir bitten Sie, diesen Text sorgf\u00e4ltig zu lesen, damit Sie Ihre Zustimmung zur Verarbeitung Ihrer personenbezogenen Daten klar zum Ausdruck bringen k\u00f6nnen.<\/p><p><strong>1. zwecke und rechtliche Gr\u00fcnde f\u00fcr die Verarbeitung personenbezogener Daten<\/strong><\/p><p>Unser Unternehmen kann Ihre personenbezogenen Daten f\u00fcr die folgenden Zwecke verarbeiten:<\/p><ul class=\"wp-block-list\"><li>Verwaltung der Kundenbeziehungen und Gew\u00e4hrleistung der Kundenzufriedenheit<\/li><li>Bereitstellung von Produkten und Dienstleistungen, Lieferung und After-Sales-Support<\/li><li>Bewertung Ihrer Anfragen, Beschwerden und Vorschl\u00e4ge<\/li><li>Marketingaktivit\u00e4ten, Kampagnen- und Werbeank\u00fcndigungen<\/li><li>Gew\u00e4hrleistung von Arbeitsschutz, physischer Sicherheit und Inspektionen<\/li><li>Erf\u00fcllung der rechtlichen Verpflichtungen<\/li><\/ul><p>Ihre personenbezogenen Daten k\u00f6nnen gem\u00e4\u00df den in den Artikeln 5 und 6 des KVKK festgelegten Bedingungen f\u00fcr die Verarbeitung personenbezogener Daten zu den oben genannten Zwecken verarbeitet werden.<\/p><p><strong>2 Verarbeitung und Aufbewahrungsdauer der personenbezogenen Daten<\/strong><\/p><p>Ihre personenbezogenen Daten werden so lange gespeichert, wie es f\u00fcr die Zwecke, f\u00fcr die sie verarbeitet werden, erforderlich ist, oder wie es die gesetzlichen Aufbewahrungsfristen vorsehen.<\/p><p><strong>3. ausdr\u00fcckliche Zustimmung<\/strong><\/p><p>Im Rahmen von KVKK kann f\u00fcr die Verarbeitung Ihrer personenbezogenen Daten Ihre ausdr\u00fcckliche Zustimmung erforderlich sein. Daher erkl\u00e4ren Sie mit diesem ausdr\u00fccklichen Einwilligungstext, dass Sie ausdr\u00fccklich in die Verarbeitung Ihrer personenbezogenen Daten f\u00fcr die oben genannten Zwecke einwilligen.<\/p><p><strong>4) Widerruf der ausdr\u00fccklichen Zustimmung<\/strong><\/p><p>Sie k\u00f6nnen Ihre ausdr\u00fcckliche Zustimmung zur Verarbeitung Ihrer personenbezogenen Daten jederzeit widerrufen. Die widerrufene Einwilligung gilt f\u00fcr die ab dem Datum des Widerrufs verarbeiteten Daten. Sie k\u00f6nnen Ihren Widerruf an uns richten, indem Sie Ihre Widerrufsanfrage an [ik@taysanplastik.com] senden.<\/p><p><strong>5. kommunikation<\/strong><\/p><p>Sie k\u00f6nnen sich \u00fcber [ik@taysanplastik.com] an uns wenden, wenn Sie Fragen, W\u00fcnsche oder Beschwerden bez\u00fcglich der Verarbeitung Ihrer personenbezogenen Daten haben.\u00a0<\/p>\t\t\t\t\t\t\t\t<\/div>\n\t\t\t\t\t<\/div>\n\t\t\t\t<\/div>\n\t\t\t\t<\/div>","protected":false},"excerpt":{"rendered":"<p>A\u00e7\u0131k R\u0131za Metni TAYSAN PLAST\u0130K PROF\u0130L SAN. VE T\u0130C. LTD. \u015eT\u0130. A\u00e7\u0131k R\u0131za Metni \u0130\u015fbu a\u00e7\u0131k r\u0131za metni, TAYSAN PLAST\u0130K PROF\u0130L SAN. VE T\u0130C. LTD. \u015eT\u0130. (\u201c\u015firketimiz\u201d) taraf\u0131ndan KVKK (6698 say\u0131l\u0131 Ki\u015fisel Verilerin Korunmas\u0131 Kanunu) kapsam\u0131nda d\u00fczenlenmi\u015ftir. Ki\u015fisel verilerinizin i\u015flenmesine dair r\u0131zan\u0131z\u0131 a\u00e7\u0131k\u00e7a ifade etmek amac\u0131yla bu metni dikkatlice okuman\u0131z\u0131 rica ederiz. 1. Ki\u015fisel Verilerin [&hellip;]<\/p>","protected":false},"author":1,"featured_media":0,"parent":0,"menu_order":0,"comment_status":"closed","ping_status":"closed","template":"","meta":{"footnotes":""},"class_list":["post-6913","page","type-page","status-publish","hentry"],"_links":{"self":[{"href":"https:\/\/www.taysanplastik.com\/de\/wp-json\/wp\/v2\/pages\/6913","targetHints":{"allow":["GET"]}}],"collection":[{"href":"https:\/\/www.taysanplastik.com\/de\/wp-json\/wp\/v2\/pages"}],"about":[{"href":"https:\/\/www.taysanplastik.com\/de\/wp-json\/wp\/v2\/types\/page"}],"author":[{"embeddable":true,"href":"https:\/\/www.taysanplastik.com\/de\/wp-json\/wp\/v2\/users\/1"}],"replies":[{"embeddable":true,"href":"https:\/\/www.taysanplastik.com\/de\/wp-json\/wp\/v2\/comments?post=6913"}],"version-history":[{"count":7,"href":"https:\/\/www.taysanplastik.com\/de\/wp-json\/wp\/v2\/pages\/6913\/revisions"}],"predecessor-version":[{"id":6942,"href":"https:\/\/www.taysanplastik.com\/de\/wp-json\/wp\/v2\/pages\/6913\/revisions\/6942"}],"wp:attachment":[{"href":"https:\/\/www.taysanplastik.com\/de\/wp-json\/wp\/v2\/media?parent=6913"}],"curies":[{"name":"wp","href":"https:\/\/api.w.org\/{rel}","templated":true}]}}