{"id":6918,"date":"2026-01-05T23:26:10","date_gmt":"2026-01-05T23:26:10","guid":{"rendered":"https:\/\/www.taysanplastik.com\/?page_id=6918"},"modified":"2026-01-06T21:07:23","modified_gmt":"2026-01-06T21:07:23","slug":"datenschutzbestimmungen","status":"publish","type":"page","link":"https:\/\/www.taysanplastik.com\/de\/datenschutzbestimmungen\/","title":{"rendered":"Datenschutzbestimmungen"},"content":{"rendered":"<div data-elementor-type=\"wp-page\" data-elementor-id=\"6918\" class=\"elementor elementor-6918\">\n\t\t\t\t<div class=\"elementor-element elementor-element-ab6edd2 e-con-full e-flex e-con e-parent\" data-id=\"ab6edd2\" data-element_type=\"container\" data-settings=\"{&quot;background_background&quot;:&quot;classic&quot;}\">\n\t\t<div class=\"elementor-element elementor-element-efa87da e-flex e-con-boxed e-con e-child\" data-id=\"efa87da\" data-element_type=\"container\">\n\t\t\t\t\t<div class=\"e-con-inner\">\n\t\t\t\t<div class=\"elementor-element elementor-element-76697e6 elementor-widget elementor-widget-hub_fancy_heading\" data-id=\"76697e6\" data-element_type=\"widget\" data-widget_type=\"hub_fancy_heading.default\">\n\t\t\t\t<div class=\"elementor-widget-container\">\n\t\t\t\t\t\n\t\t<div id=\"ld-fancy-heading-69dfde2a28d23\" class=\"ld-fancy-heading pos-rel\">\n\t\t\t<h1 class=\"ld-fh-element d-inline-block pos-rel  elementor-heading-title lqd-highlight-classic lqd-highlight-grow-left h1\"  > Datenschutzbestimmungen<\/h1>\t\t<\/div>\n\n\t\t\t\t\t\t<\/div>\n\t\t\t\t<\/div>\n\t\t\t\t\t<\/div>\n\t\t\t\t<\/div>\n\t\t\t\t<\/div>\n\t\t<div class=\"elementor-element elementor-element-74a2020 e-flex e-con-boxed e-con e-parent\" data-id=\"74a2020\" data-element_type=\"container\">\n\t\t\t\t\t<div class=\"e-con-inner\">\n\t\t\t\t<div class=\"elementor-element elementor-element-b62f818 elementor-widget elementor-widget-text-editor\" data-id=\"b62f818\" data-element_type=\"widget\" data-widget_type=\"text-editor.default\">\n\t\t\t\t\t\t\t\t\t<p><strong>TAYSAN PLASTIC PROFILE SAN. VE TI\u0307C. LTD. \u015eTI\u0307.<\/strong><\/p><p><strong>Schutz und Verarbeitung von personenbezogenen Daten<\/strong><\/p><p>Als TAYSAN PLAST\u0130K PROFILE SAN. VE T\u0130C. LTD. \u015eT\u0130. legen wir hohe Ma\u00dfst\u00e4be an den Schutz der Privatsph\u00e4re unserer Kunden und die Vertraulichkeit personenbezogener Daten an. Diese Datenschutzerkl\u00e4rung wurde erstellt, um Sie \u00fcber die von unserem Unternehmen erhobenen, verwendeten, gespeicherten und weitergegebenen personenbezogenen Daten zu informieren.<\/p><h4 class=\"wp-block-heading\">1. die Erhebung und Verwendung personenbezogener Daten<\/h4><p>Unser Unternehmen verwendet die von unseren Kunden oder potenziellen Kunden erhobenen personenbezogenen Daten nur f\u00fcr bestimmte Zwecke. Diese Zwecke k\u00f6nnen umfassen:<\/p><ul class=\"wp-block-list\"><li>Kundenbeziehungsmanagement und Kommunikation<\/li><li>Bereitstellung und Lieferung unserer Produkte und Dienstleistungen<\/li><li>Beantwortung von Kundenanfragen und -beschwerden<\/li><li>Marketingaktivit\u00e4ten und Werbeziele<\/li><li>Erf\u00fcllung der rechtlichen Verpflichtungen<\/li><\/ul><h4 class=\"wp-block-heading\">2. der Schutz personenbezogener Daten<\/h4><p>Ihre personenbezogenen Daten werden durch geeignete Sicherheitsma\u00dfnahmen gesch\u00fctzt und k\u00f6nnen nur von befugtem Personal eingesehen werden. F\u00fcr die Datensicherheit werden die erforderlichen technischen und administrativen Ma\u00dfnahmen getroffen, die st\u00e4ndig \u00fcberpr\u00fcft und aktualisiert werden.<\/p><h4 class=\"wp-block-heading\">3. die Weitergabe an Dritte<\/h4><p>Ihre personenbezogenen Daten d\u00fcrfen nur im Rahmen gesetzlicher Verpflichtungen oder Ihrer ausdr\u00fccklichen Zustimmung an Dritte weitergegeben werden. Diese Weitergabe ist auf den Zweck der Leistungserbringung oder die Erf\u00fcllung gesetzlicher Verpflichtungen beschr\u00e4nkt.<\/p><h4 class=\"wp-block-heading\">4 Rechte des Eigent\u00fcmers der personenbezogenen Daten<\/h4><p>Als Inhaber personenbezogener Daten stehen Ihnen einige Rechte zu. Zu diesen Rechten geh\u00f6rt das Recht, zu erfahren, wie Ihre personenbezogenen Daten verarbeitet werden, die Berichtigung oder L\u00f6schung Ihrer Daten zu verlangen und der Datenverarbeitung zu widersprechen. Sie k\u00f6nnen sich an unser Unternehmen wenden, um diese Rechte auszu\u00fcben.<\/p><h4 class=\"wp-block-heading\">5. kekse<\/h4><p>Unsere Website kann Cookies verwenden, um die Nutzererfahrung zu verbessern und die Effektivit\u00e4t unserer Website zu analysieren. Weitere Informationen \u00fcber die Verwendung von Cookies und zur Verwaltung Ihrer Cookie-Einstellungen finden Sie in unserer Cookie-Richtlinie.<\/p><h4 class=\"wp-block-heading\">6. \u00e4nderungen<\/h4><p>Diese Datenschutzrichtlinie kann bei Bedarf aktualisiert und ge\u00e4ndert werden. \u00c4nderungen werden auf unserer Website ver\u00f6ffentlicht und sind f\u00fcr interessierte Parteien zug\u00e4nglich.<\/p><h4 class=\"wp-block-heading\">7. kommunikation<\/h4><p>Sie k\u00f6nnen sich \u00fcber [E-Mail-Adresse] an uns wenden, wenn Sie Fragen, W\u00fcnsche oder Beschwerden bez\u00fcglich Ihrer personenbezogenen Daten haben.<\/p>\t\t\t\t\t\t\t\t<\/div>\n\t\t\t\t\t<\/div>\n\t\t\t\t<\/div>\n\t\t\t\t<\/div>","protected":false},"excerpt":{"rendered":"<p>Gizlilik Politikas\u0131 TAYSAN PLAST\u0130K PROF\u0130L SAN. VE T\u0130C. LTD. \u015eT\u0130. Ki\u015fisel Verilerin Korunmas\u0131 ve \u0130\u015flenmesi TAYSAN PLAST\u0130K PROF\u0130L SAN. VE T\u0130C. LTD. \u015eT\u0130. olarak, m\u00fc\u015fteri gizlili\u011fini korumak ve ki\u015fisel verilerin gizlili\u011fi konusunda y\u00fcksek standartlar\u0131 benimsemekteyiz. Bu gizlilik politikas\u0131, \u015firketimiz taraf\u0131ndan toplanan, kullan\u0131lan, saklanan ve payla\u015f\u0131lan ki\u015fisel verilerle ilgili olarak sizleri bilgilendirmek amac\u0131yla haz\u0131rlanm\u0131\u015ft\u0131r. 1. Ki\u015fisel [&hellip;]<\/p>","protected":false},"author":1,"featured_media":0,"parent":0,"menu_order":0,"comment_status":"closed","ping_status":"closed","template":"","meta":{"footnotes":""},"class_list":["post-6918","page","type-page","status-publish","hentry"],"_links":{"self":[{"href":"https:\/\/www.taysanplastik.com\/de\/wp-json\/wp\/v2\/pages\/6918","targetHints":{"allow":["GET"]}}],"collection":[{"href":"https:\/\/www.taysanplastik.com\/de\/wp-json\/wp\/v2\/pages"}],"about":[{"href":"https:\/\/www.taysanplastik.com\/de\/wp-json\/wp\/v2\/types\/page"}],"author":[{"embeddable":true,"href":"https:\/\/www.taysanplastik.com\/de\/wp-json\/wp\/v2\/users\/1"}],"replies":[{"embeddable":true,"href":"https:\/\/www.taysanplastik.com\/de\/wp-json\/wp\/v2\/comments?post=6918"}],"version-history":[{"count":10,"href":"https:\/\/www.taysanplastik.com\/de\/wp-json\/wp\/v2\/pages\/6918\/revisions"}],"predecessor-version":[{"id":6933,"href":"https:\/\/www.taysanplastik.com\/de\/wp-json\/wp\/v2\/pages\/6918\/revisions\/6933"}],"wp:attachment":[{"href":"https:\/\/www.taysanplastik.com\/de\/wp-json\/wp\/v2\/media?parent=6918"}],"curies":[{"name":"wp","href":"https:\/\/api.w.org\/{rel}","templated":true}]}}