{"id":7169,"date":"2026-01-20T19:46:29","date_gmt":"2026-01-20T19:46:29","guid":{"rendered":"https:\/\/www.taysanplastik.com\/?page_id=7169"},"modified":"2026-02-18T16:51:46","modified_gmt":"2026-02-18T16:51:46","slug":"extrusionstechnik","status":"publish","type":"page","link":"https:\/\/www.taysanplastik.com\/de\/extrusionstechnik\/","title":{"rendered":"Extrusionstechnologie"},"content":{"rendered":"<div data-elementor-type=\"wp-page\" data-elementor-id=\"7169\" class=\"elementor elementor-7169\">\n\t\t\t\t<div class=\"elementor-element elementor-element-c5ff5f3 e-con-full e-flex e-con e-parent\" data-id=\"c5ff5f3\" data-element_type=\"container\" data-settings=\"{&quot;background_background&quot;:&quot;classic&quot;}\">\n\t\t<div class=\"elementor-element elementor-element-f66a2ea e-flex e-con-boxed e-con e-child\" data-id=\"f66a2ea\" data-element_type=\"container\">\n\t\t\t\t\t<div class=\"e-con-inner\">\n\t\t\t\t<div class=\"elementor-element elementor-element-f4e21f8 elementor-widget elementor-widget-hub_fancy_heading\" data-id=\"f4e21f8\" data-element_type=\"widget\" data-widget_type=\"hub_fancy_heading.default\">\n\t\t\t\t<div class=\"elementor-widget-container\">\n\t\t\t\t\t\n\t\t<div id=\"ld-fancy-heading-69dfde142c78a\" class=\"ld-fancy-heading pos-rel\">\n\t\t\t<h1 class=\"ld-fh-element d-inline-block pos-rel  elementor-heading-title lqd-highlight-classic lqd-highlight-grow-left h1\"  > Unsere Dienstleistungen<\/h1>\t\t<\/div>\n\n\t\t\t\t\t\t<\/div>\n\t\t\t\t<\/div>\n\t\t\t\t\t<\/div>\n\t\t\t\t<\/div>\n\t\t\t\t<\/div>\n\t\t<div class=\"elementor-element elementor-element-b8299a6 e-flex e-con-boxed e-con e-parent\" data-id=\"b8299a6\" data-element_type=\"container\">\n\t\t\t\t\t<div class=\"e-con-inner\">\n\t\t<div class=\"elementor-element elementor-element-dd05ba3 e-con-full e-flex e-con e-child\" data-id=\"dd05ba3\" data-element_type=\"container\">\n\t\t<div class=\"lqd-css-sticky elementor-element elementor-element-1b621af e-con-full e-flex e-con e-child\" style=\"top: auto; top: 150px;\" data-id=\"1b621af\" data-element_type=\"container\">\n\t\t\t\t<div class=\"elementor-element elementor-element-a6f402c elementor-widget elementor-widget-shortcode\" data-id=\"a6f402c\" data-element_type=\"widget\" data-widget_type=\"shortcode.default\">\n\t\t\t\t\t\t\t<div class=\"elementor-shortcode\">\t\t<div data-elementor-type=\"wp-post\" data-elementor-id=\"7159\" class=\"elementor elementor-7159\">\n\t\t\t\t<div class=\"lqd-css-sticky elementor-element elementor-element-4413db8 e-con-full e-flex e-con e-child\" style=\"top: auto; top: 130px;\" data-id=\"4413db8\" data-element_type=\"container\">\n\t\t\t\t<div class=\"elementor-element elementor-element-a76030a elementor-widget__width-inherit elementor-widget-tablet__width-inherit elementor-widget elementor-widget-ld_custom_menu\" data-id=\"a76030a\" data-element_type=\"widget\" data-widget_type=\"ld_custom_menu.default\">\n\t\t\t\t<div class=\"elementor-widget-container\">\n\t\t\t\t\t\n\t\t\t<div\t\t\t\tclass=\"lqd-fancy-menu lqd-custom-menu pos-rel menu-items-has-fill left lqd-menu-td-none lqd-custom-menu-expand-items\"\n\t\t\t\t\t\t\t>\n\t\t\t\n\t\t\t\t\t\t\t<ul class=\"reset-ul\" id=\"lqd-custom-menu-a76030a\" >\n\t\t\t\t\n\t\t\t\t\t\t<li>\n\t\t\t\t\t\t\t<a  href=\"https:\/\/www.taysanplastik.com\/de\/kunststoff-profilprodukte\/\" target=\"_self\" >\n\n\t\t\t\t\t\t\t\t\t\t\t\t\t\t\t\t\t<span class=\"link-icon d-inline-flex hide-if-empty left-icon icon-next-to-label\"><i aria-hidden=\"true\" class=\"lqd-icn-ess icon-ion-ios-arrow-round-forward\"><\/i><\/span>\n\t\t\t\t\t\t\t\t\n\t\t\t\t\t\t\t\t\t\t\t\t\t\t\t\t\tKunststoff-Profilprodukte\t\t\t\t\t\t\t\t\t\t\t\t\t\t\t\t\t\t\t\t\t\t\t<\/a>\n\t\t\t\t\t\t\t\t\t\t\t\t\t<\/li>\n\n\t\t\t\t\t\t\n\t\t\t\t\t\t<li>\n\t\t\t\t\t\t\t<a  href=\"https:\/\/www.taysanplastik.com\/de\/losungen-fur-industrieprofile\/\" target=\"_self\" >\n\n\t\t\t\t\t\t\t\t\t\t\t\t\t\t\t\t\t<span class=\"link-icon d-inline-flex hide-if-empty left-icon icon-next-to-label\"><i aria-hidden=\"true\" class=\"lqd-icn-ess icon-ion-ios-arrow-round-forward\"><\/i><\/span>\n\t\t\t\t\t\t\t\t\n\t\t\t\t\t\t\t\t\t\t\t\t\t\t\t\t\tIndustrielle Profil-L\u00f6sungen\t\t\t\t\t\t\t\t\t\t\t\t\t\t\t\t\t\t\t\t\t\t\t<\/a>\n\t\t\t\t\t\t\t\t\t\t\t\t\t<\/li>\n\n\t\t\t\t\t\t\n\t\t\t\t\t\t<li>\n\t\t\t\t\t\t\t<a  href=\"https:\/\/www.taysanplastik.com\/de\/extrusionstechnik\/\" target=\"_self\" >\n\n\t\t\t\t\t\t\t\t\t\t\t\t\t\t\t\t\t<span class=\"link-icon d-inline-flex hide-if-empty left-icon icon-next-to-label\"><i aria-hidden=\"true\" class=\"lqd-icn-ess icon-ion-ios-arrow-round-forward\"><\/i><\/span>\n\t\t\t\t\t\t\t\t\n\t\t\t\t\t\t\t\t\t\t\t\t\t\t\t\t\tExtrusionstechnologie\t\t\t\t\t\t\t\t\t\t\t\t\t\t\t\t\t\t\t\t\t\t\t<\/a>\n\t\t\t\t\t\t\t\t\t\t\t\t\t<\/li>\n\n\t\t\t\t\t\t\n\t\t\t\t\t\t<li>\n\t\t\t\t\t\t\t<a  href=\"https:\/\/www.taysanplastik.com\/de\/unsere-produktionskompetenzen\/\" target=\"_self\" >\n\n\t\t\t\t\t\t\t\t\t\t\t\t\t\t\t\t\t<span class=\"link-icon d-inline-flex hide-if-empty left-icon icon-next-to-label\"><i aria-hidden=\"true\" class=\"lqd-icn-ess icon-ion-ios-arrow-round-forward\"><\/i><\/span>\n\t\t\t\t\t\t\t\t\n\t\t\t\t\t\t\t\t\t\t\t\t\t\t\t\t\tUnsere Produktionskapazit\u00e4ten\t\t\t\t\t\t\t\t\t\t\t\t\t\t\t\t\t\t\t\t\t\t\t<\/a>\n\t\t\t\t\t\t\t\t\t\t\t\t\t<\/li>\n\n\t\t\t\t\t\t\n\t\t\t\t\t\t<li>\n\t\t\t\t\t\t\t<a  href=\"https:\/\/www.taysanplastik.com\/de\/einsatzbereiche\/\" target=\"_self\" >\n\n\t\t\t\t\t\t\t\t\t\t\t\t\t\t\t\t\t<span class=\"link-icon d-inline-flex hide-if-empty left-icon icon-next-to-label\"><i aria-hidden=\"true\" class=\"lqd-icn-ess icon-ion-ios-arrow-round-forward\"><\/i><\/span>\n\t\t\t\t\t\t\t\t\n\t\t\t\t\t\t\t\t\t\t\t\t\t\t\t\t\tBereiche der Nutzung\t\t\t\t\t\t\t\t\t\t\t\t\t\t\t\t\t\t\t\t\t\t\t<\/a>\n\t\t\t\t\t\t\t\t\t\t\t\t\t<\/li>\n\n\t\t\t\t\t\t\t\t\t\t<\/ul>\n\t\t\t\t\t\t\t\t\t<\/div>\n\t\t\t\t\t\t<\/div>\n\t\t\t\t<\/div>\n\t\t<div class=\"elementor-element elementor-element-6979891 e-con-full e-flex e-con e-child\" data-id=\"6979891\" data-element_type=\"container\" data-settings=\"{&quot;background_background&quot;:&quot;classic&quot;}\">\n\t\t\t\t<div class=\"elementor-element elementor-element-e480645 elementor-widget-tablet__width-inherit elementor-widget__width-inherit elementor-align-left elementor-widget elementor-widget-ld_icon_box\" data-id=\"e480645\" data-element_type=\"widget\" data-widget_type=\"ld_icon_box.default\">\n\t\t\t\t<div class=\"elementor-widget-container\">\n\t\t\t\t\t\n\t\t\t<div id=\"ld_icon_box_e480645\" class=\"iconbox d-flex flex-grow-1 pos-rel flex-column iconbox-default\"   >\n\n\t\t\t\t\n\t\t\t\t<div class=\"iconbox-icon-wrap\"><div class=\"iconbox-icon-container d-inline-flex\"><svg xmlns=\"http:\/\/www.w3.org\/2000\/svg\" width=\"32\" height=\"32\" fill=\"#000000\" viewbox=\"0 0 256 256\"><path d=\"M224,152a8,8,0,0,1-8,8H192v16h16a8,8,0,0,1,0,16H192v16a8,8,0,0,1-16,0V152a8,8,0,0,1,8-8h32A8,8,0,0,1,224,152ZM92,172a28,28,0,0,1-28,28H56v8a8,8,0,0,1-16,0V152a8,8,0,0,1,8-8H64A28,28,0,0,1,92,172Zm-16,0a12,12,0,0,0-12-12H56v24h8A12,12,0,0,0,76,172Zm88,8a36,36,0,0,1-36,36H112a8,8,0,0,1-8-8V152a8,8,0,0,1,8-8h16A36,36,0,0,1,164,180Zm-16,0a20,20,0,0,0-20-20h-8v40h8A20,20,0,0,0,148,180ZM40,112V40A16,16,0,0,1,56,24h96a8,8,0,0,1,5.66,2.34l56,56A8,8,0,0,1,216,88v24a8,8,0,0,1-16,0V96H152a8,8,0,0,1-8-8V40H56v72a8,8,0,0,1-16,0ZM160,80h28.69L160,51.31Z\"><\/path><\/svg><\/div><\/div>\n\t\t\t\t\n\t\t\t\t<div class=\"contents\">\n\t\t\t\t\n\t\t\t\t<h4 class=\"lqd-iconbox-heading\" >Online-Katalog <\/h4>\t\t\t\t<p>In unserem Online-Katalog k\u00f6nnen Sie alle unsere Standard- und Spezialprofile aus Kunststoff im Detail betrachten.<\/p>\n\t\t\t\t\t\t\t\t<a href=\"https:\/\/www.taysanplastik.com\/de\/online-katalog\/\" class=\"elementor-button btn ws-nowrap btn-naked btn-hover-txt-liquid-x btn-icon-right btn-has-label\" >\n\t\t\t\t\t\t\t\t\t\t\t<span class=\"btn-txt\"  data-text=\"Hemen \u0130ncele\" data-transition-delay=\"true\"\n\t\t\t\t\t    data-delay-options='{\"elements\": \".lqd-chars\", \"delayType\": \"animation\", \"startDelay\": 0, \"delayBetween\": 32.5}'\n\t\t\t\t\t    data-split-text=\"true\"\n\t\t\t\t\t    data-split-options='{\"type\": \"chars, words\"}'>Jetzt \u00fcberpr\u00fcfen<\/span>\n\t\t\t\t\t\t\t\t\t\t<span class=\"btn-icon\"><i class=\"lqd-icn-ess icon-md-arrow-forward\"><\/i><\/span>\t\t\t\t<\/a>\n\n\t\t\t\t\n\t\t\t\t<\/div>\n\t\t\t\t\n\t\t\t<\/div>\n\n\t\t\t\t\t\t<\/div>\n\t\t\t\t<\/div>\n\t\t\t\t<\/div>\n\t\t\t\t<\/div>\n\t\t\t\t<\/div>\n\t\t<\/div>\n\t\t\t\t\t\t<\/div>\n\t\t\t\t<\/div>\n\t\t\t\t<\/div>\n\t\t<div class=\"elementor-element elementor-element-8035387 e-con-full e-flex e-con e-child\" data-id=\"8035387\" data-element_type=\"container\">\n\t\t\t\t<div class=\"elementor-element elementor-element-ccb0cfd elementor-widget elementor-widget-hub_fancy_heading\" data-id=\"ccb0cfd\" data-element_type=\"widget\" data-widget_type=\"hub_fancy_heading.default\">\n\t\t\t\t<div class=\"elementor-widget-container\">\n\t\t\t\t\t\n\t\t<div id=\"ld-fancy-heading-69dfde148757a\" class=\"ld-fancy-heading pos-rel\">\n\t\t\t<h2 class=\"ld-fh-element d-inline-block pos-rel  elementor-heading-title lqd-highlight-classic lqd-highlight-grow-left h2\"  > Extrusionstechnologie<\/h2>\t\t<\/div>\n\n\t\t\t\t\t\t<\/div>\n\t\t\t\t<\/div>\n\t\t\t\t<div class=\"elementor-element elementor-element-d7faa73 elementor-widget elementor-widget-text-editor\" data-id=\"d7faa73\" data-element_type=\"widget\" data-widget_type=\"text-editor.default\">\n\t\t\t\t\t\t\t\t\t<p class=\"p1\"><b>Hochpr\u00e4zise Produktionsinfrastruktur<\/b><\/p><p class=\"p1\">Bei Taysan Plastik erm\u00f6glicht die Extrusionstechnologie die Verarbeitung von Kunststoffrohstoffen unter kontrollierter Hitze und Druck zu kontinuierlichen, homogenen und hochpr\u00e4zisen Profilen. Diese Methode bietet eine ideale Produktionsinfrastruktur f\u00fcr Anwendungen, die technische Pr\u00e4zision erfordern.<\/p><p class=\"p1\"><b>Flexible Produktstruktur, kontinuierliche Qualit\u00e4t<\/b><\/p><p class=\"p1\">Dank unserer modernen Strangpressanlagen k\u00f6nnen Profile mit unterschiedlichen Querschnitten, Abmessungen und technischen Spezifikationen hergestellt werden. W\u00e4hrend des gesamten Produktionsprozesses werden Ma\u00dfgenauigkeit und Oberfl\u00e4chenqualit\u00e4t st\u00e4ndig \u00fcberwacht, um auch bei der Massenproduktion gleichbleibende Ergebnisse zu gew\u00e4hrleisten.<\/p><p class=\"p1\">Unsere Formen stehen auch nach der Lieferung unter unserer Verantwortung. Je nach Produktionsvolumen garantieren wir die Kontinuit\u00e4t der Ausr\u00fcstung, als ob es unsere eigene Ausr\u00fcstung w\u00e4re, mit dem Ziel einer effizienten Nutzung f\u00fcr bis zu 15 Jahre.<\/p><p><b>Effiziente, verl\u00e4ssliche und nachhaltige Produktion<\/b><\/p><p class=\"p1\">Die geringe Ausschussrate und die hohe Produktivit\u00e4t der Extrusionstechnologie tragen dazu bei, die Qualit\u00e4tsstandards zu halten und gleichzeitig Kostenvorteile zu erzielen. Mit diesem Ansatz bietet Taysan Plastik seinen Kunden schnelle, zuverl\u00e4ssige und nachhaltige Produktionsl\u00f6sungen.<\/p>\t\t\t\t\t\t\t\t<\/div>\n\t\t\t\t<\/div>\n\t\t\t\t\t<\/div>\n\t\t\t\t<\/div>\n\t\t\t\t<\/div>","protected":false},"excerpt":{"rendered":"<p>Hizmetlerimiz Ekstr\u00fczyon Teknolojisi Y\u00fcksek Hassasiyetli \u00dcretim Altyap\u0131s\u0131 Taysan Plastik\u2019te ekstr\u00fczyon teknolojisi, plastik hammaddelerin kontroll\u00fc \u0131s\u0131 ve bas\u0131n\u00e7 alt\u0131nda i\u015flenerek s\u00fcrekli, homojen ve y\u00fcksek hassasiyetli profillere d\u00f6n\u00fc\u015ft\u00fcr\u00fclmesini sa\u011flar. Bu y\u00f6ntem, teknik do\u011fruluk gerektiren uygulamalar i\u00e7in ideal bir \u00fcretim altyap\u0131s\u0131 sunar. Esnek \u00dcr\u00fcn Yap\u0131s\u0131, S\u00fcrekli Kalite Modern ekstr\u00fczyon hatlar\u0131m\u0131z sayesinde farkl\u0131 kesitlerde, \u00f6l\u00e7\u00fclerde ve teknik \u00f6zelliklerde profiller [&hellip;]<\/p>","protected":false},"author":1,"featured_media":0,"parent":0,"menu_order":0,"comment_status":"closed","ping_status":"closed","template":"","meta":{"footnotes":""},"class_list":["post-7169","page","type-page","status-publish","hentry"],"_links":{"self":[{"href":"https:\/\/www.taysanplastik.com\/de\/wp-json\/wp\/v2\/pages\/7169","targetHints":{"allow":["GET"]}}],"collection":[{"href":"https:\/\/www.taysanplastik.com\/de\/wp-json\/wp\/v2\/pages"}],"about":[{"href":"https:\/\/www.taysanplastik.com\/de\/wp-json\/wp\/v2\/types\/page"}],"author":[{"embeddable":true,"href":"https:\/\/www.taysanplastik.com\/de\/wp-json\/wp\/v2\/users\/1"}],"replies":[{"embeddable":true,"href":"https:\/\/www.taysanplastik.com\/de\/wp-json\/wp\/v2\/comments?post=7169"}],"version-history":[{"count":16,"href":"https:\/\/www.taysanplastik.com\/de\/wp-json\/wp\/v2\/pages\/7169\/revisions"}],"predecessor-version":[{"id":7641,"href":"https:\/\/www.taysanplastik.com\/de\/wp-json\/wp\/v2\/pages\/7169\/revisions\/7641"}],"wp:attachment":[{"href":"https:\/\/www.taysanplastik.com\/de\/wp-json\/wp\/v2\/media?parent=7169"}],"curies":[{"name":"wp","href":"https:\/\/api.w.org\/{rel}","templated":true}]}}