{"id":7262,"date":"2026-01-28T17:20:21","date_gmt":"2026-01-28T17:20:21","guid":{"rendered":"https:\/\/www.taysanplastik.com\/?page_id=7262"},"modified":"2026-02-18T16:50:09","modified_gmt":"2026-02-18T16:50:09","slug":"karriere","status":"publish","type":"page","link":"https:\/\/www.taysanplastik.com\/de\/karriere\/","title":{"rendered":"Karriere"},"content":{"rendered":"<div data-elementor-type=\"wp-page\" data-elementor-id=\"7262\" class=\"elementor elementor-7262\">\n\t\t\t\t<div class=\"elementor-element elementor-element-3feecf7 e-con-full e-flex e-con e-parent\" data-id=\"3feecf7\" data-element_type=\"container\" data-settings=\"{&quot;background_background&quot;:&quot;classic&quot;}\">\n\t\t<div class=\"elementor-element elementor-element-5924959 e-flex e-con-boxed e-con e-child\" data-id=\"5924959\" data-element_type=\"container\">\n\t\t\t\t\t<div class=\"e-con-inner\">\n\t\t\t\t<div class=\"elementor-element elementor-element-af2b04e elementor-widget elementor-widget-hub_fancy_heading\" data-id=\"af2b04e\" data-element_type=\"widget\" data-widget_type=\"hub_fancy_heading.default\">\n\t\t\t\t<div class=\"elementor-widget-container\">\n\t\t\t\t\t\n\t\t<div id=\"ld-fancy-heading-69dff290a011c\" class=\"ld-fancy-heading pos-rel\">\n\t\t\t<h1 class=\"ld-fh-element d-inline-block pos-rel  elementor-heading-title lqd-highlight-classic lqd-highlight-grow-left h1\"  > Karriere<\/h1>\t\t<\/div>\n\n\t\t\t\t\t\t<\/div>\n\t\t\t\t<\/div>\n\t\t\t\t\t<\/div>\n\t\t\t\t<\/div>\n\t\t\t\t<\/div>\n\t\t\t\t<section class=\"elementor-section elementor-top-section elementor-element elementor-element-5a0c3ea elementor-section-content-middle elementor-section-boxed elementor-section-height-default elementor-section-height-default\" data-id=\"5a0c3ea\" data-element_type=\"section\">\n\t\t\t\t\t\t<div class=\"elementor-container elementor-column-gap-default\">\n\t\t\t\t\t<div class=\"elementor-column elementor-col-50 elementor-top-column elementor-element elementor-element-29108c2\" data-id=\"29108c2\" data-element_type=\"column\">\n\t\t\t<div class=\"elementor-widget-wrap elementor-element-populated\">\n\t\t\t\t\t\t<div class=\"elementor-element elementor-element-9628258 elementor-widget elementor-widget-hub_fancy_heading\" data-id=\"9628258\" data-element_type=\"widget\" data-widget_type=\"hub_fancy_heading.default\">\n\t\t\t\t<div class=\"elementor-widget-container\">\n\t\t\t\t\t\n\t\t<div id=\"ld-fancy-heading-69dff290a0a7b\" class=\"ld-fancy-heading pos-rel\">\n\t\t\t<h2 class=\"ld-fh-element d-inline-block pos-rel  elementor-heading-title lqd-highlight-classic lqd-highlight-grow-left h2\"  > Gemeinsam die Zukunft gestalten<\/h2>\t\t<\/div>\n\n\t\t\t\t\t\t<\/div>\n\t\t\t\t<\/div>\n\t\t\t\t<div class=\"elementor-element elementor-element-e3994cd elementor-widget elementor-widget-text-editor\" data-id=\"e3994cd\" data-element_type=\"widget\" data-widget_type=\"text-editor.default\">\n\t\t\t\t\t\t\t\t\t<p class=\"p1\">Als Taysan Plastik Profil sind wir nicht nur ein Unternehmen, das Qualit\u00e4tsprodukte herstellt, sondern auch eine starke Teamkultur, die gemeinsam w\u00e4chst, sich entwickelt und Werte schafft. Mit unserer Produktionsinfrastruktur in Manisa und Istanbul glauben wir, dass die gr\u00f6\u00dfte Kraft hinter unserem Erfolg unsere menschlichen Ressourcen sind, w\u00e4hrend wir gleichzeitig innovative L\u00f6sungen in diesem Sektor anbieten.<\/p>\t\t\t\t\t\t\t\t<\/div>\n\t\t\t\t<div class=\"elementor-element elementor-element-8d54acb elementor-widget__width-auto elementor-widget elementor-widget-ld_button\" data-id=\"8d54acb\" data-element_type=\"widget\" data-widget_type=\"ld_button.default\">\n\t\t\t\t<div class=\"elementor-widget-container\">\n\t\t\t\t\t\n\t\t\t<a\n\t\t\t\thref=\"#aktif\"class=\"elementor-button btn btn-solid btn-hover-txt-liquid-x btn-sm btn-icon-right btn-has-label\"\t\t\t>\n\t\t\t\t\t\t\t\t\t<span data-text=\"Aktif \u0130lanlar\u0131 \u0130ncele\" class=\"btn-txt\" data-transition-delay=\"true\" data-delay-options=\"{&quot;elements&quot;: &quot;.lqd-chars&quot;, &quot;delayType&quot;: &quot;animation&quot;, &quot;startDelay&quot;: 0, &quot;delayBetween&quot;: 32.5}\" data-split-text=\"true\" data-split-options=\"{&quot;type&quot;: &quot;chars, words&quot;}\">\n\t\t\t\t\t\tAktive Eigenschaften anzeigen\t\t\t\t\t<\/span>\n\t\t\t\t\t\t\t\t\t\t\t\t\t\t<span class=\"btn-icon\">\n\t\t\t\t\t\t\t<i aria-hidden=\"true\" class=\"lqd-icn-ess icon-ion-ios-arrow-round-forward\"><\/i>\t\t\t\t\t\t<\/span>\n\t\t\t\t\t\t\t\t\t<\/a>\n\t\t\t\t\t\t\t<\/div>\n\t\t\t\t<\/div>\n\t\t\t\t\t<\/div>\n\t\t<\/div>\n\t\t\t\t<div class=\"elementor-column elementor-col-50 elementor-top-column elementor-element elementor-element-f380e3f\" data-id=\"f380e3f\" data-element_type=\"column\">\n\t\t\t<div class=\"elementor-widget-wrap elementor-element-populated\">\n\t\t\t\t\t\t<div class=\"elementor-element elementor-element-d11a723 elementor-invisible elementor-widget elementor-widget-ld_fancy_image\" data-id=\"d11a723\" data-element_type=\"widget\" data-settings=\"{&quot;_animation&quot;:&quot;fadeInRight&quot;}\" data-widget_type=\"ld_fancy_image.default\">\n\t\t\t\t<div class=\"elementor-widget-container\">\n\t\t\t\t\t\n\t\t<div class=\"lqd-imggrp-single d-block pos-rel\">\n\t\t\t<div class=\"lqd-imggrp-img-container d-inline-flex pos-rel align-items-center justify-content-center\">\n\t\t\t\t\t\t\t\t<figure class=\"w-100 pos-rel\">\n\t\t\t\t\t<img fetchpriority=\"high\" decoding=\"async\" width=\"1024\" height=\"1024\" src=\"https:\/\/www.taysanplastik.com\/wp-content\/uploads\/2026\/02\/kariyer.webp\" class=\"attachment-full size-full wp-image-7346\" alt=\"\" srcset=\"https:\/\/www.taysanplastik.com\/wp-content\/uploads\/2026\/02\/kariyer.webp 1024w, https:\/\/www.taysanplastik.com\/wp-content\/uploads\/2026\/02\/kariyer-300x300.webp 300w, https:\/\/www.taysanplastik.com\/wp-content\/uploads\/2026\/02\/kariyer-150x150.webp 150w, https:\/\/www.taysanplastik.com\/wp-content\/uploads\/2026\/02\/kariyer-12x12.webp 12w, https:\/\/www.taysanplastik.com\/wp-content\/uploads\/2026\/02\/kariyer-320x320.webp 320w, https:\/\/www.taysanplastik.com\/wp-content\/uploads\/2026\/02\/kariyer-760x760.webp 760w\" sizes=\"(max-width: 1024px) 100vw, 1024px\" itemprop=\"image\" \/>\t\t\t\t\t\t\t\t\t\t\t\t\t\t\t\t\t\t\t\t\t\t\t\t\t\t\t\t\t<\/figure>\n\t\t\t<\/div>\n\t\t<\/div>\n\n\t\t\t\t\t<\/div>\n\t\t\t\t<\/div>\n\t\t\t\t\t<\/div>\n\t\t<\/div>\n\t\t\t\t\t<\/div>\n\t\t<\/section>\n\t\t<div class=\"elementor-element elementor-element-e707dc7 e-flex e-con-boxed e-con e-parent\" data-id=\"e707dc7\" data-element_type=\"container\" id=\"aktif\" data-settings=\"{&quot;background_background&quot;:&quot;classic&quot;}\">\n\t\t\t\t\t<div class=\"e-con-inner\">\n\t\t<div class=\"elementor-element elementor-element-0fac310 e-con-full e-flex e-con e-child\" data-id=\"0fac310\" data-element_type=\"container\">\n\t\t<div class=\"elementor-element elementor-element-867d194 e-con-full e-flex e-con e-child\" data-id=\"867d194\" data-element_type=\"container\" data-settings=\"{&quot;background_background&quot;:&quot;classic&quot;}\">\n\t\t<div class=\"elementor-element elementor-element-0594e92 e-con-full e-flex e-con e-child\" data-id=\"0594e92\" data-element_type=\"container\">\n\t\t\t\t<div class=\"elementor-element elementor-element-5d69c24 elementor-widget elementor-widget-hub_fancy_heading\" data-id=\"5d69c24\" data-element_type=\"widget\" data-widget_type=\"hub_fancy_heading.default\">\n\t\t\t\t<div class=\"elementor-widget-container\">\n\t\t\t\t\t\n\t\t<div id=\"ld-fancy-heading-69dff290ae0ac\" class=\"ld-fancy-heading pos-rel\">\n\t\t\t<h2 class=\"ld-fh-element d-inline-block pos-rel  elementor-heading-title lqd-highlight-classic lqd-highlight-grow-left h2\"  > Aktive Inserate<\/h2>\t\t<\/div>\n\n\t\t\t\t\t\t<\/div>\n\t\t\t\t<\/div>\n\t\t\t\t<\/div>\n\t\t\t\t<\/div>\n\t\t<div class=\"elementor-element elementor-element-1e09a37 e-con-full e-flex e-con e-child\" data-id=\"1e09a37\" data-element_type=\"container\" data-settings=\"{&quot;background_background&quot;:&quot;classic&quot;}\">\n\t\t<div class=\"elementor-element elementor-element-2d1307a e-con-full e-flex e-con e-child\" data-id=\"2d1307a\" data-element_type=\"container\">\n\t\t\t\t<div class=\"elementor-element elementor-element-513ff77 elementor-widget elementor-widget-hub_fancy_heading\" data-id=\"513ff77\" data-element_type=\"widget\" data-widget_type=\"hub_fancy_heading.default\">\n\t\t\t\t<div class=\"elementor-widget-container\">\n\t\t\t\t\t\n\t\t<div id=\"ld-fancy-heading-69dff290ae864\" class=\"ld-fancy-heading pos-rel\">\n\t\t\t<h3 class=\"ld-fh-element d-inline-block pos-rel  elementor-heading-title lqd-highlight-classic lqd-highlight-grow-left h3\"  > Allgemeine Anwendung <br> <small> Biksan Sanayi Sitesi B2 Blok No :50 \u0130kitelli Ba\u015fak\u015fehir \/ Istanbul\n<\/small><\/h3>\t\t<\/div>\n\n\t\t\t\t\t\t<\/div>\n\t\t\t\t<\/div>\n\t\t\t\t<\/div>\n\t\t<div class=\"elementor-element elementor-element-6a8b2c8 e-con-full e-flex e-con e-child\" data-id=\"6a8b2c8\" data-element_type=\"container\">\n\t\t\t\t<div class=\"elementor-element elementor-element-fbc8c82 elementor-widget__width-auto elementor-widget elementor-widget-ld_button\" data-id=\"fbc8c82\" data-element_type=\"widget\" data-widget_type=\"ld_button.default\">\n\t\t\t\t<div class=\"elementor-widget-container\">\n\t\t\t\t\t\n\t\t\t<a\n\t\t\t\tclass=\"elementor-button btn btn-solid btn-hover-txt-liquid-x btn-sm btn-icon-right btn-has-label\" data-lqd-lity=\"#modal-7438\" href=\"#modal-7438\"\t\t\t>\n\t\t\t\t\t\t\t\t\t<span data-text=\"Hemen Ba\u015fvur\" class=\"btn-txt\" data-transition-delay=\"true\" data-delay-options=\"{&quot;elements&quot;: &quot;.lqd-chars&quot;, &quot;delayType&quot;: &quot;animation&quot;, &quot;startDelay&quot;: 0, &quot;delayBetween&quot;: 32.5}\" data-split-text=\"true\" data-split-options=\"{&quot;type&quot;: &quot;chars, words&quot;}\">\n\t\t\t\t\t\tJetzt bewerben\t\t\t\t\t<\/span>\n\t\t\t\t\t\t\t\t\t\t\t\t\t\t<span class=\"btn-icon\">\n\t\t\t\t\t\t\t<i aria-hidden=\"true\" class=\"lqd-icn-ess icon-ion-ios-arrow-round-forward\"><\/i>\t\t\t\t\t\t<\/span>\n\t\t\t\t\t\t\t\t\t<\/a>\n\t\t\t\t\t\t\t<\/div>\n\t\t\t\t<\/div>\n\t\t\t\t<\/div>\n\t\t\t\t<\/div>\n\t\t<div class=\"elementor-element elementor-element-fc74a33 e-con-full e-flex e-con e-child\" data-id=\"fc74a33\" data-element_type=\"container\" data-settings=\"{&quot;background_background&quot;:&quot;classic&quot;}\">\n\t\t<div class=\"elementor-element elementor-element-5c69234 e-con-full e-flex e-con e-child\" data-id=\"5c69234\" data-element_type=\"container\">\n\t\t\t\t<div class=\"elementor-element elementor-element-b4d037b elementor-widget elementor-widget-hub_fancy_heading\" data-id=\"b4d037b\" data-element_type=\"widget\" data-widget_type=\"hub_fancy_heading.default\">\n\t\t\t\t<div class=\"elementor-widget-container\">\n\t\t\t\t\t\n\t\t<div id=\"ld-fancy-heading-69dff290afe88\" class=\"ld-fancy-heading pos-rel\">\n\t\t\t<h3 class=\"ld-fh-element d-inline-block pos-rel  elementor-heading-title lqd-highlight-classic lqd-highlight-grow-left h3\"  > Allgemeine Anwendung <br> <small> Selvilitepe OSB 2006 Cadde Nr:23\/1, 45400 Turgutlu\/Manisa\n <\/small><\/h3>\t\t<\/div>\n\n\t\t\t\t\t\t<\/div>\n\t\t\t\t<\/div>\n\t\t\t\t<\/div>\n\t\t<div class=\"elementor-element elementor-element-dcdf46f e-con-full e-flex e-con e-child\" data-id=\"dcdf46f\" data-element_type=\"container\">\n\t\t\t\t<div class=\"elementor-element elementor-element-4c3b081 elementor-widget__width-auto elementor-widget elementor-widget-ld_button\" data-id=\"4c3b081\" data-element_type=\"widget\" data-widget_type=\"ld_button.default\">\n\t\t\t\t<div class=\"elementor-widget-container\">\n\t\t\t\t\t\n\t\t\t<a\n\t\t\t\tclass=\"elementor-button btn btn-solid btn-hover-txt-liquid-x btn-sm btn-icon-right btn-has-label\" data-lqd-lity=\"#modal-7277\" href=\"#modal-7277\"\t\t\t>\n\t\t\t\t\t\t\t\t\t<span data-text=\"Hemen Ba\u015fvur\" class=\"btn-txt\" data-transition-delay=\"true\" data-delay-options=\"{&quot;elements&quot;: &quot;.lqd-chars&quot;, &quot;delayType&quot;: &quot;animation&quot;, &quot;startDelay&quot;: 0, &quot;delayBetween&quot;: 32.5}\" data-split-text=\"true\" data-split-options=\"{&quot;type&quot;: &quot;chars, words&quot;}\">\n\t\t\t\t\t\tJetzt bewerben\t\t\t\t\t<\/span>\n\t\t\t\t\t\t\t\t\t\t\t\t\t\t<span class=\"btn-icon\">\n\t\t\t\t\t\t\t<i aria-hidden=\"true\" class=\"lqd-icn-ess icon-ion-ios-arrow-round-forward\"><\/i>\t\t\t\t\t\t<\/span>\n\t\t\t\t\t\t\t\t\t<\/a>\n\t\t\t\t\t\t\t<\/div>\n\t\t\t\t<\/div>\n\t\t\t\t<\/div>\n\t\t\t\t<\/div>\n\t\t\t\t<\/div>\n\t\t\t\t\t<\/div>\n\t\t\t\t<\/div>\n\t\t\t\t<\/div>","protected":false},"excerpt":{"rendered":"<p>Kariyer Gelece\u011fi Birlikte \u00dcretiyoruz Taysan Plastik Profil olarak, yaln\u0131zca kaliteli \u00fcretim yapan bir firma de\u011fil; ayn\u0131 zamanda birlikte b\u00fcy\u00fcyen, geli\u015fen ve de\u011fer \u00fcreten g\u00fc\u00e7l\u00fc bir ekip k\u00fclt\u00fcr\u00fcy\u00fcz. Manisa ve \u0130stanbul\u2019daki \u00fcretim altyap\u0131m\u0131zla, sekt\u00f6rde yenilik\u00e7i \u00e7\u00f6z\u00fcmler sunarken ba\u015far\u0131m\u0131z\u0131n arkas\u0131ndaki en b\u00fcy\u00fck g\u00fcc\u00fcn insan kayna\u011f\u0131m\u0131z oldu\u011funa inan\u0131yoruz. Aktif \u0130lanlar\u0131 \u0130ncele Aktif \u0130lanlar Genel Ba\u015fvuru Biksan Sanayi Sitesi [&hellip;]<\/p>","protected":false},"author":1,"featured_media":0,"parent":0,"menu_order":0,"comment_status":"closed","ping_status":"closed","template":"","meta":{"footnotes":""},"class_list":["post-7262","page","type-page","status-publish","hentry"],"_links":{"self":[{"href":"https:\/\/www.taysanplastik.com\/de\/wp-json\/wp\/v2\/pages\/7262","targetHints":{"allow":["GET"]}}],"collection":[{"href":"https:\/\/www.taysanplastik.com\/de\/wp-json\/wp\/v2\/pages"}],"about":[{"href":"https:\/\/www.taysanplastik.com\/de\/wp-json\/wp\/v2\/types\/page"}],"author":[{"embeddable":true,"href":"https:\/\/www.taysanplastik.com\/de\/wp-json\/wp\/v2\/users\/1"}],"replies":[{"embeddable":true,"href":"https:\/\/www.taysanplastik.com\/de\/wp-json\/wp\/v2\/comments?post=7262"}],"version-history":[{"count":32,"href":"https:\/\/www.taysanplastik.com\/de\/wp-json\/wp\/v2\/pages\/7262\/revisions"}],"predecessor-version":[{"id":7626,"href":"https:\/\/www.taysanplastik.com\/de\/wp-json\/wp\/v2\/pages\/7262\/revisions\/7626"}],"wp:attachment":[{"href":"https:\/\/www.taysanplastik.com\/de\/wp-json\/wp\/v2\/media?parent=7262"}],"curies":[{"name":"wp","href":"https:\/\/api.w.org\/{rel}","templated":true}]}}