{"id":7388,"date":"2026-02-15T09:47:14","date_gmt":"2026-02-15T09:47:14","guid":{"rendered":"https:\/\/www.taysanplastik.com\/?page_id=7388"},"modified":"2026-02-18T16:51:18","modified_gmt":"2026-02-18T16:51:18","slug":"beleuchtung-cozums","status":"publish","type":"page","link":"https:\/\/www.taysanplastik.com\/de\/beleuchtung-cozums\/","title":{"rendered":"Beleuchtungsl\u00f6sungen"},"content":{"rendered":"<div data-elementor-type=\"wp-page\" data-elementor-id=\"7388\" class=\"elementor elementor-7388\">\n\t\t\t\t<div class=\"elementor-element elementor-element-b8fc366 e-con-full e-flex e-con e-parent\" data-id=\"b8fc366\" data-element_type=\"container\" data-settings=\"{&quot;background_background&quot;:&quot;classic&quot;}\">\n\t\t<div class=\"elementor-element elementor-element-5af0828 e-flex e-con-boxed e-con e-child\" data-id=\"5af0828\" data-element_type=\"container\">\n\t\t\t\t\t<div class=\"e-con-inner\">\n\t\t\t\t<div class=\"elementor-element elementor-element-0a5e03d elementor-widget elementor-widget-hub_fancy_heading\" data-id=\"0a5e03d\" data-element_type=\"widget\" data-widget_type=\"hub_fancy_heading.default\">\n\t\t\t\t<div class=\"elementor-widget-container\">\n\t\t\t\t\t\n\t\t<div id=\"ld-fancy-heading-69dfde25cc212\" class=\"ld-fancy-heading pos-rel\">\n\t\t\t<h1 class=\"ld-fh-element d-inline-block pos-rel  elementor-heading-title lqd-highlight-classic lqd-highlight-grow-left h1\"  > Unsere Dienstleistungen<\/h1>\t\t<\/div>\n\n\t\t\t\t\t\t<\/div>\n\t\t\t\t<\/div>\n\t\t\t\t\t<\/div>\n\t\t\t\t<\/div>\n\t\t\t\t<\/div>\n\t\t<div class=\"elementor-element elementor-element-a77b12e e-flex e-con-boxed e-con e-parent\" data-id=\"a77b12e\" data-element_type=\"container\">\n\t\t\t\t\t<div class=\"e-con-inner\">\n\t\t<div class=\"elementor-element elementor-element-e7111b3 e-con-full e-flex e-con e-child\" data-id=\"e7111b3\" data-element_type=\"container\">\n\t\t<div class=\"lqd-css-sticky elementor-element elementor-element-e5cff14 e-con-full e-flex e-con e-child\" style=\"top: auto; top: 150px;\" data-id=\"e5cff14\" data-element_type=\"container\">\n\t\t\t\t<div class=\"elementor-element elementor-element-d2d737a elementor-widget elementor-widget-shortcode\" data-id=\"d2d737a\" data-element_type=\"widget\" data-widget_type=\"shortcode.default\">\n\t\t\t\t\t\t\t<div class=\"elementor-shortcode\">\t\t<div data-elementor-type=\"wp-post\" data-elementor-id=\"7159\" class=\"elementor elementor-7159\">\n\t\t\t\t<div class=\"lqd-css-sticky elementor-element elementor-element-4413db8 e-con-full e-flex e-con e-child\" style=\"top: auto; top: 130px;\" data-id=\"4413db8\" data-element_type=\"container\">\n\t\t\t\t<div class=\"elementor-element elementor-element-a76030a elementor-widget__width-inherit elementor-widget-tablet__width-inherit elementor-widget elementor-widget-ld_custom_menu\" data-id=\"a76030a\" data-element_type=\"widget\" data-widget_type=\"ld_custom_menu.default\">\n\t\t\t\t<div class=\"elementor-widget-container\">\n\t\t\t\t\t\n\t\t\t<div\t\t\t\tclass=\"lqd-fancy-menu lqd-custom-menu pos-rel menu-items-has-fill left lqd-menu-td-none lqd-custom-menu-expand-items\"\n\t\t\t\t\t\t\t>\n\t\t\t\n\t\t\t\t\t\t\t<ul class=\"reset-ul\" id=\"lqd-custom-menu-a76030a\" >\n\t\t\t\t\n\t\t\t\t\t\t<li>\n\t\t\t\t\t\t\t<a  href=\"https:\/\/www.taysanplastik.com\/de\/kunststoff-profilprodukte\/\" target=\"_self\" >\n\n\t\t\t\t\t\t\t\t\t\t\t\t\t\t\t\t\t<span class=\"link-icon d-inline-flex hide-if-empty left-icon icon-next-to-label\"><i aria-hidden=\"true\" class=\"lqd-icn-ess icon-ion-ios-arrow-round-forward\"><\/i><\/span>\n\t\t\t\t\t\t\t\t\n\t\t\t\t\t\t\t\t\t\t\t\t\t\t\t\t\tKunststoff-Profilprodukte\t\t\t\t\t\t\t\t\t\t\t\t\t\t\t\t\t\t\t\t\t\t\t<\/a>\n\t\t\t\t\t\t\t\t\t\t\t\t\t<\/li>\n\n\t\t\t\t\t\t\n\t\t\t\t\t\t<li>\n\t\t\t\t\t\t\t<a  href=\"https:\/\/www.taysanplastik.com\/de\/losungen-fur-industrieprofile\/\" target=\"_self\" >\n\n\t\t\t\t\t\t\t\t\t\t\t\t\t\t\t\t\t<span class=\"link-icon d-inline-flex hide-if-empty left-icon icon-next-to-label\"><i aria-hidden=\"true\" class=\"lqd-icn-ess icon-ion-ios-arrow-round-forward\"><\/i><\/span>\n\t\t\t\t\t\t\t\t\n\t\t\t\t\t\t\t\t\t\t\t\t\t\t\t\t\tIndustrielle Profil-L\u00f6sungen\t\t\t\t\t\t\t\t\t\t\t\t\t\t\t\t\t\t\t\t\t\t\t<\/a>\n\t\t\t\t\t\t\t\t\t\t\t\t\t<\/li>\n\n\t\t\t\t\t\t\n\t\t\t\t\t\t<li>\n\t\t\t\t\t\t\t<a  href=\"https:\/\/www.taysanplastik.com\/de\/extrusionstechnik\/\" target=\"_self\" >\n\n\t\t\t\t\t\t\t\t\t\t\t\t\t\t\t\t\t<span class=\"link-icon d-inline-flex hide-if-empty left-icon icon-next-to-label\"><i aria-hidden=\"true\" class=\"lqd-icn-ess icon-ion-ios-arrow-round-forward\"><\/i><\/span>\n\t\t\t\t\t\t\t\t\n\t\t\t\t\t\t\t\t\t\t\t\t\t\t\t\t\tExtrusionstechnologie\t\t\t\t\t\t\t\t\t\t\t\t\t\t\t\t\t\t\t\t\t\t\t<\/a>\n\t\t\t\t\t\t\t\t\t\t\t\t\t<\/li>\n\n\t\t\t\t\t\t\n\t\t\t\t\t\t<li>\n\t\t\t\t\t\t\t<a  href=\"https:\/\/www.taysanplastik.com\/de\/unsere-produktionskompetenzen\/\" target=\"_self\" >\n\n\t\t\t\t\t\t\t\t\t\t\t\t\t\t\t\t\t<span class=\"link-icon d-inline-flex hide-if-empty left-icon icon-next-to-label\"><i aria-hidden=\"true\" class=\"lqd-icn-ess icon-ion-ios-arrow-round-forward\"><\/i><\/span>\n\t\t\t\t\t\t\t\t\n\t\t\t\t\t\t\t\t\t\t\t\t\t\t\t\t\tUnsere Produktionskapazit\u00e4ten\t\t\t\t\t\t\t\t\t\t\t\t\t\t\t\t\t\t\t\t\t\t\t<\/a>\n\t\t\t\t\t\t\t\t\t\t\t\t\t<\/li>\n\n\t\t\t\t\t\t\n\t\t\t\t\t\t<li>\n\t\t\t\t\t\t\t<a  href=\"https:\/\/www.taysanplastik.com\/de\/einsatzbereiche\/\" target=\"_self\" >\n\n\t\t\t\t\t\t\t\t\t\t\t\t\t\t\t\t\t<span class=\"link-icon d-inline-flex hide-if-empty left-icon icon-next-to-label\"><i aria-hidden=\"true\" class=\"lqd-icn-ess icon-ion-ios-arrow-round-forward\"><\/i><\/span>\n\t\t\t\t\t\t\t\t\n\t\t\t\t\t\t\t\t\t\t\t\t\t\t\t\t\tBereiche der Nutzung\t\t\t\t\t\t\t\t\t\t\t\t\t\t\t\t\t\t\t\t\t\t\t<\/a>\n\t\t\t\t\t\t\t\t\t\t\t\t\t<\/li>\n\n\t\t\t\t\t\t\t\t\t\t<\/ul>\n\t\t\t\t\t\t\t\t\t<\/div>\n\t\t\t\t\t\t<\/div>\n\t\t\t\t<\/div>\n\t\t<div class=\"elementor-element elementor-element-6979891 e-con-full e-flex e-con e-child\" data-id=\"6979891\" data-element_type=\"container\" data-settings=\"{&quot;background_background&quot;:&quot;classic&quot;}\">\n\t\t\t\t<div class=\"elementor-element elementor-element-e480645 elementor-widget-tablet__width-inherit elementor-widget__width-inherit elementor-align-left elementor-widget elementor-widget-ld_icon_box\" data-id=\"e480645\" data-element_type=\"widget\" data-widget_type=\"ld_icon_box.default\">\n\t\t\t\t<div class=\"elementor-widget-container\">\n\t\t\t\t\t\n\t\t\t<div id=\"ld_icon_box_e480645\" class=\"iconbox d-flex flex-grow-1 pos-rel flex-column iconbox-default\"   >\n\n\t\t\t\t\n\t\t\t\t<div class=\"iconbox-icon-wrap\"><div class=\"iconbox-icon-container d-inline-flex\"><svg xmlns=\"http:\/\/www.w3.org\/2000\/svg\" width=\"32\" height=\"32\" fill=\"#000000\" viewbox=\"0 0 256 256\"><path d=\"M224,152a8,8,0,0,1-8,8H192v16h16a8,8,0,0,1,0,16H192v16a8,8,0,0,1-16,0V152a8,8,0,0,1,8-8h32A8,8,0,0,1,224,152ZM92,172a28,28,0,0,1-28,28H56v8a8,8,0,0,1-16,0V152a8,8,0,0,1,8-8H64A28,28,0,0,1,92,172Zm-16,0a12,12,0,0,0-12-12H56v24h8A12,12,0,0,0,76,172Zm88,8a36,36,0,0,1-36,36H112a8,8,0,0,1-8-8V152a8,8,0,0,1,8-8h16A36,36,0,0,1,164,180Zm-16,0a20,20,0,0,0-20-20h-8v40h8A20,20,0,0,0,148,180ZM40,112V40A16,16,0,0,1,56,24h96a8,8,0,0,1,5.66,2.34l56,56A8,8,0,0,1,216,88v24a8,8,0,0,1-16,0V96H152a8,8,0,0,1-8-8V40H56v72a8,8,0,0,1-16,0ZM160,80h28.69L160,51.31Z\"><\/path><\/svg><\/div><\/div>\n\t\t\t\t\n\t\t\t\t<div class=\"contents\">\n\t\t\t\t\n\t\t\t\t<h4 class=\"lqd-iconbox-heading\" >Online-Katalog <\/h4>\t\t\t\t<p>In unserem Online-Katalog k\u00f6nnen Sie alle unsere Standard- und Spezialprofile aus Kunststoff im Detail betrachten.<\/p>\n\t\t\t\t\t\t\t\t<a href=\"https:\/\/www.taysanplastik.com\/de\/online-katalog\/\" class=\"elementor-button btn ws-nowrap btn-naked btn-hover-txt-liquid-x btn-icon-right btn-has-label\" >\n\t\t\t\t\t\t\t\t\t\t\t<span class=\"btn-txt\"  data-text=\"Hemen \u0130ncele\" data-transition-delay=\"true\"\n\t\t\t\t\t    data-delay-options='{\"elements\": \".lqd-chars\", \"delayType\": \"animation\", \"startDelay\": 0, \"delayBetween\": 32.5}'\n\t\t\t\t\t    data-split-text=\"true\"\n\t\t\t\t\t    data-split-options='{\"type\": \"chars, words\"}'>Jetzt \u00fcberpr\u00fcfen<\/span>\n\t\t\t\t\t\t\t\t\t\t<span class=\"btn-icon\"><i class=\"lqd-icn-ess icon-md-arrow-forward\"><\/i><\/span>\t\t\t\t<\/a>\n\n\t\t\t\t\n\t\t\t\t<\/div>\n\t\t\t\t\n\t\t\t<\/div>\n\n\t\t\t\t\t\t<\/div>\n\t\t\t\t<\/div>\n\t\t\t\t<\/div>\n\t\t\t\t<\/div>\n\t\t\t\t<\/div>\n\t\t<\/div>\n\t\t\t\t\t\t<\/div>\n\t\t\t\t<\/div>\n\t\t\t\t<\/div>\n\t\t<div class=\"elementor-element elementor-element-9e3deb5 e-con-full e-flex e-con e-child\" data-id=\"9e3deb5\" data-element_type=\"container\">\n\t\t\t\t<div class=\"elementor-element elementor-element-f80a056 elementor-widget elementor-widget-hub_fancy_heading\" data-id=\"f80a056\" data-element_type=\"widget\" data-widget_type=\"hub_fancy_heading.default\">\n\t\t\t\t<div class=\"elementor-widget-container\">\n\t\t\t\t\t\n\t\t<div id=\"ld-fancy-heading-69dfde25ec564\" class=\"ld-fancy-heading pos-rel\">\n\t\t\t<h2 class=\"ld-fh-element d-inline-block pos-rel  elementor-heading-title lqd-highlight-classic lqd-highlight-grow-left h2\"  > Beleuchtungsl\u00f6sungen<\/h2>\t\t<\/div>\n\n\t\t\t\t\t\t<\/div>\n\t\t\t\t<\/div>\n\t\t\t\t<div class=\"elementor-element elementor-element-973a13e elementor-widget elementor-widget-text-editor\" data-id=\"973a13e\" data-element_type=\"widget\" data-widget_type=\"text-editor.default\">\n\t\t\t\t\t\t\t\t\t<div class=\"flex max-w-full flex-col grow\"><div class=\"min-h-8 text-message relative flex w-full flex-col items-end gap-2 text-start break-words whitespace-normal [.text-message+&amp;]:mt-1\" dir=\"auto\" data-message-author-role=\"assistant\" data-message-id=\"e6666a67-42c3-4233-8b95-ca1c4cdee448\" data-message-model-slug=\"gpt-5-2\"><div class=\"flex w-full flex-col gap-1 empty:hidden first:pt-[1px]\"><div class=\"markdown prose dark:prose-invert w-full wrap-break-word dark markdown-new-styling\"><p data-start=\"26\" data-end=\"432\">Kunststoffprofile, die in der Beleuchtungsindustrie verwendet werden, sollten eine Kombination aus \u00e4sthetischem Aussehen und technischer Leistung bieten. Taysan Plastik erf\u00fcllt sowohl dekorative als auch funktionale Anforderungen, indem es spezielle Profill\u00f6sungen f\u00fcr verschiedene Projekte entwickelt, insbesondere f\u00fcr LED-Beleuchtungssysteme. Die f\u00fcr Innen-, Au\u00dfen- und Industriebeleuchtungsanwendungen hergestellten Profile bieten eine lange und sichere Nutzung.<\/p><p data-start=\"434\" data-end=\"720\">Lichtverteilung, Homogenit\u00e4t und W\u00e4rmemanagement sind bei Beleuchtungsprofilen von gro\u00dfer Bedeutung. W\u00e4hrend Diffusor-Abdeckungssysteme f\u00fcr eine ausgewogene Lichtverteilung sorgen, bieten hochwertige Rohstoffe UV-Best\u00e4ndigkeit und Farbstabilit\u00e4t. So gibt es kein Vergilben, keine Verformung und keinen Leistungsabfall im Laufe der Zeit.<\/p><p data-start=\"722\" data-end=\"1036\" data-is-last-node=\"\" data-is-only-node=\"\">L\u00f6sungen, die mit projektspezifischen Abmessungen, Formen und technischen Spezifikationen hergestellt werden; sie bieten den Vorteil einer einfachen Installation und Langlebigkeit bei gleichzeitiger Anpassung an architektonische Designs. Taysan Plastik ist bestrebt, mit seiner Erfahrung auf dem Gebiet der Beleuchtung sowohl bei Standard- als auch bei Sonderprofilen hohe Qualit\u00e4t und nachhaltige Leistung zu bieten.<\/p><\/div><\/div><\/div><\/div>\t\t\t\t\t\t\t\t<\/div>\n\t\t\t\t<div class=\"elementor-element elementor-element-6cb4876 elementor-widget elementor-widget-image\" data-id=\"6cb4876\" data-element_type=\"widget\" data-widget_type=\"image.default\">\n\t\t\t\t\t\t\t\t\t\t\t\t\t\t\t<img fetchpriority=\"high\" decoding=\"async\" width=\"780\" height=\"779\" src=\"data:image\/svg+xml;charset=utf-8,%3Csvg xmlns%3D&#039;http%3A%2F%2Fwww.w3.org%2F2000%2Fsvg&#039; viewBox%3D&#039;0 0 908 907&#039;%2F%3E\" class=\"attachment-large size-large wp-image-7390 ld-lazyload\" alt=\"\" data-src=\"https:\/\/www.taysanplastik.com\/wp-content\/uploads\/2026\/02\/aydinlatma-cozumleri.webp\" data-srcset=\"https:\/\/www.taysanplastik.com\/wp-content\/uploads\/2026\/02\/aydinlatma-cozumleri.webp 908w, https:\/\/www.taysanplastik.com\/wp-content\/uploads\/2026\/02\/aydinlatma-cozumleri-300x300.webp 300w, https:\/\/www.taysanplastik.com\/wp-content\/uploads\/2026\/02\/aydinlatma-cozumleri-150x150.webp 150w, https:\/\/www.taysanplastik.com\/wp-content\/uploads\/2026\/02\/aydinlatma-cozumleri-12x12.webp 12w, https:\/\/www.taysanplastik.com\/wp-content\/uploads\/2026\/02\/aydinlatma-cozumleri-320x320.webp 320w, https:\/\/www.taysanplastik.com\/wp-content\/uploads\/2026\/02\/aydinlatma-cozumleri-760x760.webp 760w\" data-sizes=\"(max-width: 780px) 100vw, 780px\" data-aspect=\"1.0011025358324\" \/>\t\t\t\t\t\t\t\t\t\t\t\t\t\t\t<\/div>\n\t\t\t\t<\/div>\n\t\t\t\t\t<\/div>\n\t\t\t\t<\/div>\n\t\t\t\t<\/div>","protected":false},"excerpt":{"rendered":"<p>Hizmetlerimiz Ayd\u0131nlatma \u00c7o\u0308zu\u0308mleri Ayd\u0131nlatma sekt\u00f6r\u00fcnde kullan\u0131lan plastik profiller, estetik g\u00f6r\u00fcn\u00fcm ile teknik performans\u0131 bir arada sunmal\u0131d\u0131r. Taysan Plastik, LED ayd\u0131nlatma sistemleri ba\u015fta olmak \u00fczere farkl\u0131 projelere \u00f6zel profil \u00e7\u00f6z\u00fcmleri geli\u015ftirerek hem dekoratif hem de fonksiyonel ihtiya\u00e7lara cevap verir. \u0130\u00e7 mek\u00e2n, d\u0131\u015f mek\u00e2n ve end\u00fcstriyel ayd\u0131nlatma uygulamalar\u0131 i\u00e7in \u00fcretilen profiller, uzun \u00f6m\u00fcrl\u00fc ve g\u00fcvenli kullan\u0131m sa\u011flar. [&hellip;]<\/p>","protected":false},"author":1,"featured_media":0,"parent":0,"menu_order":0,"comment_status":"closed","ping_status":"closed","template":"","meta":{"footnotes":""},"class_list":["post-7388","page","type-page","status-publish","hentry"],"_links":{"self":[{"href":"https:\/\/www.taysanplastik.com\/de\/wp-json\/wp\/v2\/pages\/7388","targetHints":{"allow":["GET"]}}],"collection":[{"href":"https:\/\/www.taysanplastik.com\/de\/wp-json\/wp\/v2\/pages"}],"about":[{"href":"https:\/\/www.taysanplastik.com\/de\/wp-json\/wp\/v2\/types\/page"}],"author":[{"embeddable":true,"href":"https:\/\/www.taysanplastik.com\/de\/wp-json\/wp\/v2\/users\/1"}],"replies":[{"embeddable":true,"href":"https:\/\/www.taysanplastik.com\/de\/wp-json\/wp\/v2\/comments?post=7388"}],"version-history":[{"count":10,"href":"https:\/\/www.taysanplastik.com\/de\/wp-json\/wp\/v2\/pages\/7388\/revisions"}],"predecessor-version":[{"id":7629,"href":"https:\/\/www.taysanplastik.com\/de\/wp-json\/wp\/v2\/pages\/7388\/revisions\/7629"}],"wp:attachment":[{"href":"https:\/\/www.taysanplastik.com\/de\/wp-json\/wp\/v2\/media?parent=7388"}],"curies":[{"name":"wp","href":"https:\/\/api.w.org\/{rel}","templated":true}]}}