{"id":6903,"date":"2026-01-05T23:21:36","date_gmt":"2026-01-05T23:21:36","guid":{"rendered":"https:\/\/www.taysanplastik.com\/?page_id=6903"},"modified":"2026-01-06T21:08:16","modified_gmt":"2026-01-06T21:08:16","slug":"perez-policy","status":"publish","type":"page","link":"https:\/\/www.taysanplastik.com\/en\/perez-policy\/","title":{"rendered":"Cookie Policy"},"content":{"rendered":"<div data-elementor-type=\"wp-page\" data-elementor-id=\"6903\" class=\"elementor elementor-6903\">\n\t\t\t\t<div class=\"elementor-element elementor-element-e02b179 e-con-full e-flex e-con e-parent\" data-id=\"e02b179\" data-element_type=\"container\" data-settings=\"{&quot;background_background&quot;:&quot;classic&quot;}\">\n\t\t<div class=\"elementor-element elementor-element-e30f1c6 e-flex e-con-boxed e-con e-child\" data-id=\"e30f1c6\" data-element_type=\"container\">\n\t\t\t\t\t<div class=\"e-con-inner\">\n\t\t\t\t<div class=\"elementor-element elementor-element-8817711 elementor-widget elementor-widget-hub_fancy_heading\" data-id=\"8817711\" data-element_type=\"widget\" data-widget_type=\"hub_fancy_heading.default\">\n\t\t\t\t<div class=\"elementor-widget-container\">\n\t\t\t\t\t\n\t\t<div id=\"ld-fancy-heading-69dff2f6c4e73\" class=\"ld-fancy-heading pos-rel\">\n\t\t\t<h1 class=\"ld-fh-element d-inline-block pos-rel  elementor-heading-title lqd-highlight-classic lqd-highlight-grow-left h1\"  > Cookie Policy<\/h1>\t\t<\/div>\n\n\t\t\t\t\t\t<\/div>\n\t\t\t\t<\/div>\n\t\t\t\t\t<\/div>\n\t\t\t\t<\/div>\n\t\t\t\t<\/div>\n\t\t<div class=\"elementor-element elementor-element-3d629c5 e-flex e-con-boxed e-con e-parent\" data-id=\"3d629c5\" data-element_type=\"container\">\n\t\t\t\t\t<div class=\"e-con-inner\">\n\t\t\t\t<div class=\"elementor-element elementor-element-1dea6fb elementor-widget elementor-widget-text-editor\" data-id=\"1dea6fb\" data-element_type=\"widget\" data-widget_type=\"text-editor.default\">\n\t\t\t\t\t\t\t\t\t<p><strong>TAYSAN PLASTIC PROFILE SAN. VE TI\u0307C. LTD. \u015eTI\u0307.<\/strong><\/p><p><strong>Cookie Policy<\/strong><\/p><p>This website uses cookies to improve the user experience and analyze the effectiveness of the website. Cookies are data saved on your user device (computer, tablet, smartphone, etc.) in the form of small text files and stored by your web browser. Cookies are used to make your user experience more efficient when you visit the website.<\/p><h4 class=\"wp-block-heading\">Use of Cookies<\/h4><ul class=\"wp-block-list\"><li><strong>Mandatory Cookies:<\/strong>\u00a0They are essential for the basic functionality of the website. Without these cookies, the website may not function properly.<\/li><li><strong>Performance and Functionality Cookies:<\/strong>\u00a0It is used to measure the performance of the website and improve the visitor experience.<\/li><li><strong>Targeting and Advertising Cookies:<\/strong>\u00a0It is used to deliver customized content and ads to visitors based on their interests.<\/li><\/ul><h4 class=\"wp-block-heading\">Controlling and Deleting Cookies<\/h4><p>You can control cookies, refuse to accept cookies or delete existing cookies through the settings of your web browser. You can review your browser's help documentation on how to manage the use of cookies.<\/p><h4 class=\"wp-block-heading\">Third Party Cookies<\/h4><p>Our website may also have cookies used by third party service providers. These cookies are used to provide the services of the service providers and to measure the effectiveness of the website. For more information about third party cookies, you can review the privacy policy of the relevant third party.<\/p><h4 class=\"wp-block-heading\">Changes<\/h4><p>This cookie policy may be updated and amended as necessary. Changes will be published on our website and will be accessible to interested parties.<\/p><h4 class=\"wp-block-heading\">Contact<\/h4><p>You can contact us at [ik@taysanplastik.com] for any questions, requests and complaints regarding our cookie policy.<\/p>\t\t\t\t\t\t\t\t<\/div>\n\t\t\t\t\t<\/div>\n\t\t\t\t<\/div>\n\t\t\t\t<\/div>","protected":false},"excerpt":{"rendered":"<p>\u00c7erez Politikas\u0131 TAYSAN PLAST\u0130K PROF\u0130L SAN. VE T\u0130C. LTD. \u015eT\u0130. \u00c7erez Politikas\u0131 Bu web sitesi, kullan\u0131c\u0131 deneyimini geli\u015ftirmek ve web sitesinin etkinli\u011fini analiz etmek amac\u0131yla \u00e7erezler (cookies) kullanmaktad\u0131r. \u00c7erezler, k\u00fc\u00e7\u00fck metin dosyalar\u0131 \u015feklinde kullan\u0131c\u0131 cihaz\u0131n\u0131za (bilgisayar, tablet, ak\u0131ll\u0131 telefon vb.) kaydedilen ve web taray\u0131c\u0131n\u0131z taraf\u0131ndan depolanan verilerdir. \u00c7erezler, web sitesini ziyaret etti\u011finizde kullan\u0131c\u0131 deneyiminizi daha [&hellip;]<\/p>","protected":false},"author":1,"featured_media":0,"parent":0,"menu_order":0,"comment_status":"closed","ping_status":"closed","template":"","meta":{"footnotes":""},"class_list":["post-6903","page","type-page","status-publish","hentry"],"_links":{"self":[{"href":"https:\/\/www.taysanplastik.com\/en\/wp-json\/wp\/v2\/pages\/6903","targetHints":{"allow":["GET"]}}],"collection":[{"href":"https:\/\/www.taysanplastik.com\/en\/wp-json\/wp\/v2\/pages"}],"about":[{"href":"https:\/\/www.taysanplastik.com\/en\/wp-json\/wp\/v2\/types\/page"}],"author":[{"embeddable":true,"href":"https:\/\/www.taysanplastik.com\/en\/wp-json\/wp\/v2\/users\/1"}],"replies":[{"embeddable":true,"href":"https:\/\/www.taysanplastik.com\/en\/wp-json\/wp\/v2\/comments?post=6903"}],"version-history":[{"count":7,"href":"https:\/\/www.taysanplastik.com\/en\/wp-json\/wp\/v2\/pages\/6903\/revisions"}],"predecessor-version":[{"id":6936,"href":"https:\/\/www.taysanplastik.com\/en\/wp-json\/wp\/v2\/pages\/6903\/revisions\/6936"}],"wp:attachment":[{"href":"https:\/\/www.taysanplastik.com\/en\/wp-json\/wp\/v2\/media?parent=6903"}],"curies":[{"name":"wp","href":"https:\/\/api.w.org\/{rel}","templated":true}]}}