{"id":6913,"date":"2026-01-05T23:25:19","date_gmt":"2026-01-05T23:25:19","guid":{"rendered":"https:\/\/www.taysanplastik.com\/?page_id=6913"},"modified":"2026-01-06T21:08:27","modified_gmt":"2026-01-06T21:08:27","slug":"open-consent-text","status":"publish","type":"page","link":"https:\/\/www.taysanplastik.com\/en\/open-consent-text\/","title":{"rendered":"Open Consent Text"},"content":{"rendered":"<div data-elementor-type=\"wp-page\" data-elementor-id=\"6913\" class=\"elementor elementor-6913\">\n\t\t\t\t<div class=\"elementor-element elementor-element-e030165 e-con-full e-flex e-con e-parent\" data-id=\"e030165\" data-element_type=\"container\" data-settings=\"{&quot;background_background&quot;:&quot;classic&quot;}\">\n\t\t<div class=\"elementor-element elementor-element-1a0ee69 e-flex e-con-boxed e-con e-child\" data-id=\"1a0ee69\" data-element_type=\"container\">\n\t\t\t\t\t<div class=\"e-con-inner\">\n\t\t\t\t<div class=\"elementor-element elementor-element-f7927c1 elementor-widget elementor-widget-hub_fancy_heading\" data-id=\"f7927c1\" data-element_type=\"widget\" data-widget_type=\"hub_fancy_heading.default\">\n\t\t\t\t<div class=\"elementor-widget-container\">\n\t\t\t\t\t\n\t\t<div id=\"ld-fancy-heading-69e00a059e497\" class=\"ld-fancy-heading pos-rel\">\n\t\t\t<h1 class=\"ld-fh-element d-inline-block pos-rel  elementor-heading-title lqd-highlight-classic lqd-highlight-grow-left h1\"  > Open Consent Text<\/h1>\t\t<\/div>\n\n\t\t\t\t\t\t<\/div>\n\t\t\t\t<\/div>\n\t\t\t\t\t<\/div>\n\t\t\t\t<\/div>\n\t\t\t\t<\/div>\n\t\t<div class=\"elementor-element elementor-element-036e7c7 e-flex e-con-boxed e-con e-parent\" data-id=\"036e7c7\" data-element_type=\"container\">\n\t\t\t\t\t<div class=\"e-con-inner\">\n\t\t\t\t<div class=\"elementor-element elementor-element-a1603ed elementor-widget elementor-widget-text-editor\" data-id=\"a1603ed\" data-element_type=\"widget\" data-widget_type=\"text-editor.default\">\n\t\t\t\t\t\t\t\t\t<p><strong>TAYSAN PLASTIC PROFILE SAN. VE TI\u0307C. LTD. \u015eTI\u0307.<\/strong><\/p><p><strong>Open Consent Text<\/strong><\/p><p>This explicit consent text has been issued by TAYSAN PLAST\u0130K PROF\u0130L SAN. VE T\u0130C. LTD. \u015eT\u0130. (\u201cour company\u201d) within the scope of KVKK (Personal Data Protection Law No. 6698). We kindly ask you to read this text carefully in order to clearly express your consent to the processing of your personal data.<\/p><p><strong>1. Purposes and Legal Reasons for Processing Personal Data<\/strong><\/p><p>Our Company may process your personal data for the following purposes:<\/p><ul class=\"wp-block-list\"><li>Managing customer relations and ensuring customer satisfaction<\/li><li>Providing products and services, delivery and after-sales support<\/li><li>Evaluating your requests, complaints and suggestions<\/li><li>Marketing activities, campaign and promotion announcements<\/li><li>Ensuring occupational safety, physical security and inspections<\/li><li>Fulfillment of legal obligations<\/li><\/ul><p>Your personal data may be processed in accordance with the personal data processing conditions specified in Articles 5 and 6 of the KVKK for the purposes stated above.<\/p><p><strong>2. Processing and Storage Period of Personal Data<\/strong><\/p><p>Your personal data will be stored for as long as necessary for the purposes for which they are processed or in accordance with legal retention periods.<\/p><p><strong>3. Explicit Consent<\/strong><\/p><p>Within the scope of KVKK, your explicit consent may be required for the processing of your personal data. Therefore, with this explicit consent text, you hereby declare that you expressly consent to the processing of your personal data for the purposes stated above.<\/p><p><strong>4. Withdrawal of Explicit Consent<\/strong><\/p><p>You can withdraw your explicit consent to the processing of your personal data at any time. Withdrawn consent will be valid for the data processed as of the date of withdrawal. You can send us your withdrawal request by sending your withdrawal request via [ik@taysanplastik.com].<\/p><p><strong>5. Communication<\/strong><\/p><p>You can contact us at [ik@taysanplastik.com] for any questions, requests and complaints regarding the processing of your personal data.\u00a0<\/p>\t\t\t\t\t\t\t\t<\/div>\n\t\t\t\t\t<\/div>\n\t\t\t\t<\/div>\n\t\t\t\t<\/div>","protected":false},"excerpt":{"rendered":"<p>A\u00e7\u0131k R\u0131za Metni TAYSAN PLAST\u0130K PROF\u0130L SAN. VE T\u0130C. LTD. \u015eT\u0130. A\u00e7\u0131k R\u0131za Metni \u0130\u015fbu a\u00e7\u0131k r\u0131za metni, TAYSAN PLAST\u0130K PROF\u0130L SAN. VE T\u0130C. LTD. \u015eT\u0130. (\u201c\u015firketimiz\u201d) taraf\u0131ndan KVKK (6698 say\u0131l\u0131 Ki\u015fisel Verilerin Korunmas\u0131 Kanunu) kapsam\u0131nda d\u00fczenlenmi\u015ftir. Ki\u015fisel verilerinizin i\u015flenmesine dair r\u0131zan\u0131z\u0131 a\u00e7\u0131k\u00e7a ifade etmek amac\u0131yla bu metni dikkatlice okuman\u0131z\u0131 rica ederiz. 1. Ki\u015fisel Verilerin [&hellip;]<\/p>","protected":false},"author":1,"featured_media":0,"parent":0,"menu_order":0,"comment_status":"closed","ping_status":"closed","template":"","meta":{"footnotes":""},"class_list":["post-6913","page","type-page","status-publish","hentry"],"_links":{"self":[{"href":"https:\/\/www.taysanplastik.com\/en\/wp-json\/wp\/v2\/pages\/6913","targetHints":{"allow":["GET"]}}],"collection":[{"href":"https:\/\/www.taysanplastik.com\/en\/wp-json\/wp\/v2\/pages"}],"about":[{"href":"https:\/\/www.taysanplastik.com\/en\/wp-json\/wp\/v2\/types\/page"}],"author":[{"embeddable":true,"href":"https:\/\/www.taysanplastik.com\/en\/wp-json\/wp\/v2\/users\/1"}],"replies":[{"embeddable":true,"href":"https:\/\/www.taysanplastik.com\/en\/wp-json\/wp\/v2\/comments?post=6913"}],"version-history":[{"count":7,"href":"https:\/\/www.taysanplastik.com\/en\/wp-json\/wp\/v2\/pages\/6913\/revisions"}],"predecessor-version":[{"id":6942,"href":"https:\/\/www.taysanplastik.com\/en\/wp-json\/wp\/v2\/pages\/6913\/revisions\/6942"}],"wp:attachment":[{"href":"https:\/\/www.taysanplastik.com\/en\/wp-json\/wp\/v2\/media?parent=6913"}],"curies":[{"name":"wp","href":"https:\/\/api.w.org\/{rel}","templated":true}]}}