{"id":6918,"date":"2026-01-05T23:26:10","date_gmt":"2026-01-05T23:26:10","guid":{"rendered":"https:\/\/www.taysanplastik.com\/?page_id=6918"},"modified":"2026-01-06T21:07:23","modified_gmt":"2026-01-06T21:07:23","slug":"privacy-policy","status":"publish","type":"page","link":"https:\/\/www.taysanplastik.com\/en\/privacy-policy\/","title":{"rendered":"Privacy Policy"},"content":{"rendered":"<div data-elementor-type=\"wp-page\" data-elementor-id=\"6918\" class=\"elementor elementor-6918\">\n\t\t\t\t<div class=\"elementor-element elementor-element-ab6edd2 e-con-full e-flex e-con e-parent\" data-id=\"ab6edd2\" data-element_type=\"container\" data-settings=\"{&quot;background_background&quot;:&quot;classic&quot;}\">\n\t\t<div class=\"elementor-element elementor-element-efa87da e-flex e-con-boxed e-con e-child\" data-id=\"efa87da\" data-element_type=\"container\">\n\t\t\t\t\t<div class=\"e-con-inner\">\n\t\t\t\t<div class=\"elementor-element elementor-element-76697e6 elementor-widget elementor-widget-hub_fancy_heading\" data-id=\"76697e6\" data-element_type=\"widget\" data-widget_type=\"hub_fancy_heading.default\">\n\t\t\t\t<div class=\"elementor-widget-container\">\n\t\t\t\t\t\n\t\t<div id=\"ld-fancy-heading-69e0081c431c8\" class=\"ld-fancy-heading pos-rel\">\n\t\t\t<h1 class=\"ld-fh-element d-inline-block pos-rel  elementor-heading-title lqd-highlight-classic lqd-highlight-grow-left h1\"  > Privacy Policy<\/h1>\t\t<\/div>\n\n\t\t\t\t\t\t<\/div>\n\t\t\t\t<\/div>\n\t\t\t\t\t<\/div>\n\t\t\t\t<\/div>\n\t\t\t\t<\/div>\n\t\t<div class=\"elementor-element elementor-element-74a2020 e-flex e-con-boxed e-con e-parent\" data-id=\"74a2020\" data-element_type=\"container\">\n\t\t\t\t\t<div class=\"e-con-inner\">\n\t\t\t\t<div class=\"elementor-element elementor-element-b62f818 elementor-widget elementor-widget-text-editor\" data-id=\"b62f818\" data-element_type=\"widget\" data-widget_type=\"text-editor.default\">\n\t\t\t\t\t\t\t\t\t<p><strong>TAYSAN PLASTIC PROFILE SAN. VE TI\u0307C. LTD. \u015eTI\u0307.<\/strong><\/p><p><strong>Protection and Processing of Personal Data<\/strong><\/p><p>As TAYSAN PLAST\u0130K PROFILE SAN. VE T\u0130C. LTD. \u015eT\u0130., we adopt high standards in protecting customer privacy and confidentiality of personal data. This privacy policy has been prepared to inform you about the personal data collected, used, stored and shared by our company.<\/p><h4 class=\"wp-block-heading\">1. Collection and Use of Personal Data<\/h4><p>Our Company uses the personal data collected from our customers or potential customers only for specific purposes. These purposes may include:<\/p><ul class=\"wp-block-list\"><li>Customer relationship management and communication<\/li><li>Offering and delivery of our products and services<\/li><li>Responding to customer requests and complaints<\/li><li>Marketing activities and promotional objectives<\/li><li>Fulfillment of legal obligations<\/li><\/ul><h4 class=\"wp-block-heading\">2. Protection of Personal Data<\/h4><p>Your personal data is protected by taking appropriate security measures and can only be accessed by authorized personnel. Necessary technical and administrative measures are taken for data security and these measures are constantly reviewed and updated.<\/p><h4 class=\"wp-block-heading\">3. Sharing with Third Parties<\/h4><p>Your personal data may be shared with third parties only within the scope of legal obligations or your explicit consent. These disclosures are limited to the purpose of service provision or fulfillment of legal obligations.<\/p><h4 class=\"wp-block-heading\">4. Rights of the Personal Data Owner<\/h4><p>As personal data owners, there are some rights granted to you. These rights include rights such as learning how your personal data is processed, requesting correction or deletion of your data, and objecting to data processing. You can apply to our company to exercise these rights.<\/p><h4 class=\"wp-block-heading\">5. Cookies<\/h4><p>Our website may use cookies to improve the user experience and analyze the effectiveness of our website. You can visit our cookie policy for more information about the use of cookies and to manage your cookie preferences.<\/p><h4 class=\"wp-block-heading\">6. Amendments<\/h4><p>This privacy policy may be updated and amended as necessary. Changes will be published on our website and will be accessible to interested parties.<\/p><h4 class=\"wp-block-heading\">7. Communication<\/h4><p>You can contact us via [your email address] for any questions, requests and complaints regarding your personal data.<\/p>\t\t\t\t\t\t\t\t<\/div>\n\t\t\t\t\t<\/div>\n\t\t\t\t<\/div>\n\t\t\t\t<\/div>","protected":false},"excerpt":{"rendered":"<p>Gizlilik Politikas\u0131 TAYSAN PLAST\u0130K PROF\u0130L SAN. VE T\u0130C. LTD. \u015eT\u0130. Ki\u015fisel Verilerin Korunmas\u0131 ve \u0130\u015flenmesi TAYSAN PLAST\u0130K PROF\u0130L SAN. VE T\u0130C. LTD. \u015eT\u0130. olarak, m\u00fc\u015fteri gizlili\u011fini korumak ve ki\u015fisel verilerin gizlili\u011fi konusunda y\u00fcksek standartlar\u0131 benimsemekteyiz. Bu gizlilik politikas\u0131, \u015firketimiz taraf\u0131ndan toplanan, kullan\u0131lan, saklanan ve payla\u015f\u0131lan ki\u015fisel verilerle ilgili olarak sizleri bilgilendirmek amac\u0131yla haz\u0131rlanm\u0131\u015ft\u0131r. 1. Ki\u015fisel [&hellip;]<\/p>","protected":false},"author":1,"featured_media":0,"parent":0,"menu_order":0,"comment_status":"closed","ping_status":"closed","template":"","meta":{"footnotes":""},"class_list":["post-6918","page","type-page","status-publish","hentry"],"_links":{"self":[{"href":"https:\/\/www.taysanplastik.com\/en\/wp-json\/wp\/v2\/pages\/6918","targetHints":{"allow":["GET"]}}],"collection":[{"href":"https:\/\/www.taysanplastik.com\/en\/wp-json\/wp\/v2\/pages"}],"about":[{"href":"https:\/\/www.taysanplastik.com\/en\/wp-json\/wp\/v2\/types\/page"}],"author":[{"embeddable":true,"href":"https:\/\/www.taysanplastik.com\/en\/wp-json\/wp\/v2\/users\/1"}],"replies":[{"embeddable":true,"href":"https:\/\/www.taysanplastik.com\/en\/wp-json\/wp\/v2\/comments?post=6918"}],"version-history":[{"count":10,"href":"https:\/\/www.taysanplastik.com\/en\/wp-json\/wp\/v2\/pages\/6918\/revisions"}],"predecessor-version":[{"id":6933,"href":"https:\/\/www.taysanplastik.com\/en\/wp-json\/wp\/v2\/pages\/6918\/revisions\/6933"}],"wp:attachment":[{"href":"https:\/\/www.taysanplastik.com\/en\/wp-json\/wp\/v2\/media?parent=6918"}],"curies":[{"name":"wp","href":"https:\/\/api.w.org\/{rel}","templated":true}]}}