{"id":7167,"date":"2026-01-20T19:46:17","date_gmt":"2026-01-20T19:46:17","guid":{"rendered":"https:\/\/www.taysanplastik.com\/?page_id=7167"},"modified":"2026-02-18T16:47:51","modified_gmt":"2026-02-18T16:47:51","slug":"special-production-profiles","status":"publish","type":"page","link":"https:\/\/www.taysanplastik.com\/en\/our-products\/special-production-profiles\/","title":{"rendered":"Special Production Profiles"},"content":{"rendered":"<div data-elementor-type=\"wp-page\" data-elementor-id=\"7167\" class=\"elementor elementor-7167\">\n\t\t\t\t<div class=\"elementor-element elementor-element-9dc9522 e-con-full e-flex e-con e-parent\" data-id=\"9dc9522\" data-element_type=\"container\" data-settings=\"{&quot;background_background&quot;:&quot;classic&quot;}\">\n\t\t<div class=\"elementor-element elementor-element-c27a363 e-flex e-con-boxed e-con e-child\" data-id=\"c27a363\" data-element_type=\"container\">\n\t\t\t\t\t<div class=\"e-con-inner\">\n\t\t\t\t<div class=\"elementor-element elementor-element-bcac13c elementor-widget elementor-widget-hub_fancy_heading\" data-id=\"bcac13c\" data-element_type=\"widget\" data-widget_type=\"hub_fancy_heading.default\">\n\t\t\t\t<div class=\"elementor-widget-container\">\n\t\t\t\t\t\n\t\t<div id=\"ld-fancy-heading-69e0081c4667a\" class=\"ld-fancy-heading pos-rel\">\n\t\t\t<h1 class=\"ld-fh-element d-inline-block pos-rel  elementor-heading-title lqd-highlight-classic lqd-highlight-grow-left h1\"  > Special Production Profiles<\/h1>\t\t<\/div>\n\n\t\t\t\t\t\t<\/div>\n\t\t\t\t<\/div>\n\t\t\t\t\t<\/div>\n\t\t\t\t<\/div>\n\t\t\t\t<\/div>\n\t\t<div class=\"elementor-element elementor-element-bce3bbb e-flex e-con-boxed e-con e-parent\" data-id=\"bce3bbb\" data-element_type=\"container\">\n\t\t\t\t\t<div class=\"e-con-inner\">\n\t\t<div class=\"elementor-element elementor-element-5eef827 e-con-full e-flex e-con e-child\" data-id=\"5eef827\" data-element_type=\"container\">\n\t\t<div class=\"lqd-css-sticky elementor-element elementor-element-cc6e5c5 e-con-full e-flex e-con e-child\" style=\"top: auto; top: 150px;\" data-id=\"cc6e5c5\" data-element_type=\"container\">\n\t\t\t\t<div class=\"elementor-element elementor-element-b44e5a4 elementor-widget elementor-widget-shortcode\" data-id=\"b44e5a4\" data-element_type=\"widget\" data-widget_type=\"shortcode.default\">\n\t\t\t\t\t\t\t<div class=\"elementor-shortcode\">\t\t<div data-elementor-type=\"wp-post\" data-elementor-id=\"7159\" class=\"elementor elementor-7159\">\n\t\t\t\t<div class=\"lqd-css-sticky elementor-element elementor-element-4413db8 e-con-full e-flex e-con e-child\" style=\"top: auto; top: 130px;\" data-id=\"4413db8\" data-element_type=\"container\">\n\t\t\t\t<div class=\"elementor-element elementor-element-a76030a elementor-widget__width-inherit elementor-widget-tablet__width-inherit elementor-widget elementor-widget-ld_custom_menu\" data-id=\"a76030a\" data-element_type=\"widget\" data-widget_type=\"ld_custom_menu.default\">\n\t\t\t\t<div class=\"elementor-widget-container\">\n\t\t\t\t\t\n\t\t\t<div\t\t\t\tclass=\"lqd-fancy-menu lqd-custom-menu pos-rel menu-items-has-fill left lqd-menu-td-none lqd-custom-menu-expand-items\"\n\t\t\t\t\t\t\t>\n\t\t\t\n\t\t\t\t\t\t\t<ul class=\"reset-ul\" id=\"lqd-custom-menu-a76030a\" >\n\t\t\t\t\n\t\t\t\t\t\t<li>\n\t\t\t\t\t\t\t<a  href=\"https:\/\/www.taysanplastik.com\/en\/plastic-profile-products\/\" target=\"_self\" >\n\n\t\t\t\t\t\t\t\t\t\t\t\t\t\t\t\t\t<span class=\"link-icon d-inline-flex hide-if-empty left-icon icon-next-to-label\"><i aria-hidden=\"true\" class=\"lqd-icn-ess icon-ion-ios-arrow-round-forward\"><\/i><\/span>\n\t\t\t\t\t\t\t\t\n\t\t\t\t\t\t\t\t\t\t\t\t\t\t\t\t\tPlastic Profile Products\t\t\t\t\t\t\t\t\t\t\t\t\t\t\t\t\t\t\t\t\t\t\t<\/a>\n\t\t\t\t\t\t\t\t\t\t\t\t\t<\/li>\n\n\t\t\t\t\t\t\n\t\t\t\t\t\t<li>\n\t\t\t\t\t\t\t<a  href=\"https:\/\/www.taysanplastik.com\/en\/industrial-profile-solutions\/\" target=\"_self\" >\n\n\t\t\t\t\t\t\t\t\t\t\t\t\t\t\t\t\t<span class=\"link-icon d-inline-flex hide-if-empty left-icon icon-next-to-label\"><i aria-hidden=\"true\" class=\"lqd-icn-ess icon-ion-ios-arrow-round-forward\"><\/i><\/span>\n\t\t\t\t\t\t\t\t\n\t\t\t\t\t\t\t\t\t\t\t\t\t\t\t\t\tIndustrial Profile Solutions\t\t\t\t\t\t\t\t\t\t\t\t\t\t\t\t\t\t\t\t\t\t\t<\/a>\n\t\t\t\t\t\t\t\t\t\t\t\t\t<\/li>\n\n\t\t\t\t\t\t\n\t\t\t\t\t\t<li>\n\t\t\t\t\t\t\t<a  href=\"https:\/\/www.taysanplastik.com\/en\/extrusion-technology\/\" target=\"_self\" >\n\n\t\t\t\t\t\t\t\t\t\t\t\t\t\t\t\t\t<span class=\"link-icon d-inline-flex hide-if-empty left-icon icon-next-to-label\"><i aria-hidden=\"true\" class=\"lqd-icn-ess icon-ion-ios-arrow-round-forward\"><\/i><\/span>\n\t\t\t\t\t\t\t\t\n\t\t\t\t\t\t\t\t\t\t\t\t\t\t\t\t\tExtrusion Technology\t\t\t\t\t\t\t\t\t\t\t\t\t\t\t\t\t\t\t\t\t\t\t<\/a>\n\t\t\t\t\t\t\t\t\t\t\t\t\t<\/li>\n\n\t\t\t\t\t\t\n\t\t\t\t\t\t<li>\n\t\t\t\t\t\t\t<a  href=\"https:\/\/www.taysanplastik.com\/en\/our-production-competencies\/\" target=\"_self\" >\n\n\t\t\t\t\t\t\t\t\t\t\t\t\t\t\t\t\t<span class=\"link-icon d-inline-flex hide-if-empty left-icon icon-next-to-label\"><i aria-hidden=\"true\" class=\"lqd-icn-ess icon-ion-ios-arrow-round-forward\"><\/i><\/span>\n\t\t\t\t\t\t\t\t\n\t\t\t\t\t\t\t\t\t\t\t\t\t\t\t\t\tOur Production Capabilities\t\t\t\t\t\t\t\t\t\t\t\t\t\t\t\t\t\t\t\t\t\t\t<\/a>\n\t\t\t\t\t\t\t\t\t\t\t\t\t<\/li>\n\n\t\t\t\t\t\t\n\t\t\t\t\t\t<li>\n\t\t\t\t\t\t\t<a  href=\"https:\/\/www.taysanplastik.com\/en\/areas-of-use\/\" target=\"_self\" >\n\n\t\t\t\t\t\t\t\t\t\t\t\t\t\t\t\t\t<span class=\"link-icon d-inline-flex hide-if-empty left-icon icon-next-to-label\"><i aria-hidden=\"true\" class=\"lqd-icn-ess icon-ion-ios-arrow-round-forward\"><\/i><\/span>\n\t\t\t\t\t\t\t\t\n\t\t\t\t\t\t\t\t\t\t\t\t\t\t\t\t\tAreas of Use\t\t\t\t\t\t\t\t\t\t\t\t\t\t\t\t\t\t\t\t\t\t\t<\/a>\n\t\t\t\t\t\t\t\t\t\t\t\t\t<\/li>\n\n\t\t\t\t\t\t\t\t\t\t<\/ul>\n\t\t\t\t\t\t\t\t\t<\/div>\n\t\t\t\t\t\t<\/div>\n\t\t\t\t<\/div>\n\t\t<div class=\"elementor-element elementor-element-6979891 e-con-full e-flex e-con e-child\" data-id=\"6979891\" data-element_type=\"container\" data-settings=\"{&quot;background_background&quot;:&quot;classic&quot;}\">\n\t\t\t\t<div class=\"elementor-element elementor-element-e480645 elementor-widget-tablet__width-inherit elementor-widget__width-inherit elementor-align-left elementor-widget elementor-widget-ld_icon_box\" data-id=\"e480645\" data-element_type=\"widget\" data-widget_type=\"ld_icon_box.default\">\n\t\t\t\t<div class=\"elementor-widget-container\">\n\t\t\t\t\t\n\t\t\t<div id=\"ld_icon_box_e480645\" class=\"iconbox d-flex flex-grow-1 pos-rel flex-column iconbox-default\"   >\n\n\t\t\t\t\n\t\t\t\t<div class=\"iconbox-icon-wrap\"><div class=\"iconbox-icon-container d-inline-flex\"><svg xmlns=\"http:\/\/www.w3.org\/2000\/svg\" width=\"32\" height=\"32\" fill=\"#000000\" viewbox=\"0 0 256 256\"><path d=\"M224,152a8,8,0,0,1-8,8H192v16h16a8,8,0,0,1,0,16H192v16a8,8,0,0,1-16,0V152a8,8,0,0,1,8-8h32A8,8,0,0,1,224,152ZM92,172a28,28,0,0,1-28,28H56v8a8,8,0,0,1-16,0V152a8,8,0,0,1,8-8H64A28,28,0,0,1,92,172Zm-16,0a12,12,0,0,0-12-12H56v24h8A12,12,0,0,0,76,172Zm88,8a36,36,0,0,1-36,36H112a8,8,0,0,1-8-8V152a8,8,0,0,1,8-8h16A36,36,0,0,1,164,180Zm-16,0a20,20,0,0,0-20-20h-8v40h8A20,20,0,0,0,148,180ZM40,112V40A16,16,0,0,1,56,24h96a8,8,0,0,1,5.66,2.34l56,56A8,8,0,0,1,216,88v24a8,8,0,0,1-16,0V96H152a8,8,0,0,1-8-8V40H56v72a8,8,0,0,1-16,0ZM160,80h28.69L160,51.31Z\"><\/path><\/svg><\/div><\/div>\n\t\t\t\t\n\t\t\t\t<div class=\"contents\">\n\t\t\t\t\n\t\t\t\t<h4 class=\"lqd-iconbox-heading\" >Online Catalog <\/h4>\t\t\t\t<p>You can examine all our standard and special production plastic profiles in detail through our online catalog.<\/p>\n\t\t\t\t\t\t\t\t<a href=\"https:\/\/www.taysanplastik.com\/en\/online-catalog\/\" class=\"elementor-button btn ws-nowrap btn-naked btn-hover-txt-liquid-x btn-icon-right btn-has-label\" >\n\t\t\t\t\t\t\t\t\t\t\t<span class=\"btn-txt\"  data-text=\"Hemen \u0130ncele\" data-transition-delay=\"true\"\n\t\t\t\t\t    data-delay-options='{\"elements\": \".lqd-chars\", \"delayType\": \"animation\", \"startDelay\": 0, \"delayBetween\": 32.5}'\n\t\t\t\t\t    data-split-text=\"true\"\n\t\t\t\t\t    data-split-options='{\"type\": \"chars, words\"}'>Review Now<\/span>\n\t\t\t\t\t\t\t\t\t\t<span class=\"btn-icon\"><i class=\"lqd-icn-ess icon-md-arrow-forward\"><\/i><\/span>\t\t\t\t<\/a>\n\n\t\t\t\t\n\t\t\t\t<\/div>\n\t\t\t\t\n\t\t\t<\/div>\n\n\t\t\t\t\t\t<\/div>\n\t\t\t\t<\/div>\n\t\t\t\t<\/div>\n\t\t\t\t<\/div>\n\t\t\t\t<\/div>\n\t\t<\/div>\n\t\t\t\t\t\t<\/div>\n\t\t\t\t<\/div>\n\t\t\t\t<\/div>\n\t\t<div class=\"elementor-element elementor-element-890d63e e-con-full e-flex e-con e-child\" data-id=\"890d63e\" data-element_type=\"container\">\n\t\t\t\t<div class=\"elementor-element elementor-element-45c29b6 elementor-widget elementor-widget-text-editor\" data-id=\"45c29b6\" data-element_type=\"widget\" data-widget_type=\"text-editor.default\">\n\t\t\t\t\t\t\t\t\t<p class=\"p1\">Not every project proceeds with standard solutions; some applications require completely customized production. At this point, Taysan Plastik makes a difference with customer-specific plastic profile production. Dimensions, forms, materials and technical specifications are completely determined according to project requirements.<\/p><p class=\"p1\">Special production profiles are shaped by technical analysis from the design stage. Mold design, prototype production and testing processes are meticulously carried out and maximum compliance is targeted before production. In this way, incompatibilities that may occur during application are prevented.<\/p><p class=\"p1\">Taysan Plastik's customized production approach is supported by its flexible production infrastructure and experienced technical team. The resulting profiles offer both functional and reliable solutions in the long term. This approach makes the company a strong solution partner in special projects.<\/p>\t\t\t\t\t\t\t\t<\/div>\n\t\t\t\t<div class=\"elementor-element elementor-element-cab8204 elementor-widget elementor-widget-image\" data-id=\"cab8204\" data-element_type=\"widget\" data-widget_type=\"image.default\">\n\t\t\t\t\t\t\t\t\t\t\t\t\t\t\t<img fetchpriority=\"high\" decoding=\"async\" width=\"780\" height=\"520\" src=\"data:image\/svg+xml;charset=utf-8,%3Csvg xmlns%3D&#039;http%3A%2F%2Fwww.w3.org%2F2000%2Fsvg&#039; viewBox%3D&#039;0 0 1024 683&#039;%2F%3E\" class=\"attachment-large size-large wp-image-7376 ld-lazyload\" alt=\"\" data-src=\"https:\/\/www.taysanplastik.com\/wp-content\/uploads\/2026\/02\/ozel-profiller-1024x683.webp\" data-srcset=\"https:\/\/www.taysanplastik.com\/wp-content\/uploads\/2026\/02\/ozel-profiller-1024x683.webp 1024w, https:\/\/www.taysanplastik.com\/wp-content\/uploads\/2026\/02\/ozel-profiller-300x200.webp 300w, https:\/\/www.taysanplastik.com\/wp-content\/uploads\/2026\/02\/ozel-profiller-18x12.webp 18w, https:\/\/www.taysanplastik.com\/wp-content\/uploads\/2026\/02\/ozel-profiller-720x480.webp 720w, https:\/\/www.taysanplastik.com\/wp-content\/uploads\/2026\/02\/ozel-profiller.webp 1536w\" data-sizes=\"(max-width: 780px) 100vw, 780px\" data-aspect=\"1.4992679355783\" \/>\t\t\t\t\t\t\t\t\t\t\t\t\t\t\t<\/div>\n\t\t\t\t<\/div>\n\t\t\t\t\t<\/div>\n\t\t\t\t<\/div>\n\t\t\t\t<\/div>","protected":false},"excerpt":{"rendered":"<p>\u00d6zel \u00dcretim Profiller Her proje standart \u00e7\u00f6z\u00fcmlerle ilerlemez; baz\u0131 uygulamalar tamamen \u00f6zel \u00fcretim gerektirir. Taysan Plastik, bu noktada m\u00fc\u015fteriye \u00f6zel plastik profil \u00fcretimiyle fark yarat\u0131r. \u00d6l\u00e7\u00fc, form, malzeme ve teknik \u00f6zellikler tamamen proje ihtiya\u00e7lar\u0131na g\u00f6re belirlenir. \u00d6zel \u00fcretim profiller, tasar\u0131m a\u015famas\u0131ndan itibaren teknik analizlerle \u015fekillendirilir. Kal\u0131p tasar\u0131m\u0131, prototip \u00fcretimi ve test s\u00fcre\u00e7leri titizlikle y\u00fcr\u00fct\u00fclerek \u00fcretim [&hellip;]<\/p>","protected":false},"author":1,"featured_media":0,"parent":7025,"menu_order":0,"comment_status":"closed","ping_status":"closed","template":"","meta":{"footnotes":""},"class_list":["post-7167","page","type-page","status-publish","hentry"],"_links":{"self":[{"href":"https:\/\/www.taysanplastik.com\/en\/wp-json\/wp\/v2\/pages\/7167","targetHints":{"allow":["GET"]}}],"collection":[{"href":"https:\/\/www.taysanplastik.com\/en\/wp-json\/wp\/v2\/pages"}],"about":[{"href":"https:\/\/www.taysanplastik.com\/en\/wp-json\/wp\/v2\/types\/page"}],"author":[{"embeddable":true,"href":"https:\/\/www.taysanplastik.com\/en\/wp-json\/wp\/v2\/users\/1"}],"replies":[{"embeddable":true,"href":"https:\/\/www.taysanplastik.com\/en\/wp-json\/wp\/v2\/comments?post=7167"}],"version-history":[{"count":28,"href":"https:\/\/www.taysanplastik.com\/en\/wp-json\/wp\/v2\/pages\/7167\/revisions"}],"predecessor-version":[{"id":7579,"href":"https:\/\/www.taysanplastik.com\/en\/wp-json\/wp\/v2\/pages\/7167\/revisions\/7579"}],"up":[{"embeddable":true,"href":"https:\/\/www.taysanplastik.com\/en\/wp-json\/wp\/v2\/pages\/7025"}],"wp:attachment":[{"href":"https:\/\/www.taysanplastik.com\/en\/wp-json\/wp\/v2\/media?parent=7167"}],"curies":[{"name":"wp","href":"https:\/\/api.w.org\/{rel}","templated":true}]}}