{"id":7323,"date":"2026-02-06T19:50:00","date_gmt":"2026-02-06T19:50:00","guid":{"rendered":"https:\/\/www.taysanplastik.com\/?page_id=7323"},"modified":"2026-02-18T16:46:12","modified_gmt":"2026-02-18T16:46:12","slug":"white-goods-profiles","status":"publish","type":"page","link":"https:\/\/www.taysanplastik.com\/en\/our-products\/white-goods-profiles\/","title":{"rendered":"White Goods Profiles"},"content":{"rendered":"<div data-elementor-type=\"wp-page\" data-elementor-id=\"7323\" class=\"elementor elementor-7323\">\n\t\t\t\t<div class=\"elementor-element elementor-element-23b2729 e-con-full e-flex e-con e-parent\" data-id=\"23b2729\" data-element_type=\"container\" data-settings=\"{&quot;background_background&quot;:&quot;classic&quot;}\">\n\t\t<div class=\"elementor-element elementor-element-7dd0936 e-flex e-con-boxed e-con e-child\" data-id=\"7dd0936\" data-element_type=\"container\">\n\t\t\t\t\t<div class=\"e-con-inner\">\n\t\t\t\t<div class=\"elementor-element elementor-element-08d3d49 elementor-widget elementor-widget-hub_fancy_heading\" data-id=\"08d3d49\" data-element_type=\"widget\" data-widget_type=\"hub_fancy_heading.default\">\n\t\t\t\t<div class=\"elementor-widget-container\">\n\t\t\t\t\t\n\t\t<div id=\"ld-fancy-heading-69dff9c44aed4\" class=\"ld-fancy-heading pos-rel\">\n\t\t\t<h1 class=\"ld-fh-element d-inline-block pos-rel  elementor-heading-title lqd-highlight-classic lqd-highlight-grow-left h1\"  > White Goods Pofils<\/h1>\t\t<\/div>\n\n\t\t\t\t\t\t<\/div>\n\t\t\t\t<\/div>\n\t\t\t\t\t<\/div>\n\t\t\t\t<\/div>\n\t\t\t\t<\/div>\n\t\t<div class=\"elementor-element elementor-element-a4ac612 e-flex e-con-boxed e-con e-parent\" data-id=\"a4ac612\" data-element_type=\"container\">\n\t\t\t\t\t<div class=\"e-con-inner\">\n\t\t<div class=\"elementor-element elementor-element-e3460af e-con-full e-flex e-con e-child\" data-id=\"e3460af\" data-element_type=\"container\">\n\t\t<div class=\"lqd-css-sticky elementor-element elementor-element-d9680e4 e-con-full e-flex e-con e-child\" style=\"top: auto; top: 150px;\" data-id=\"d9680e4\" data-element_type=\"container\">\n\t\t\t\t<div class=\"elementor-element elementor-element-93c1164 elementor-widget elementor-widget-shortcode\" data-id=\"93c1164\" data-element_type=\"widget\" data-widget_type=\"shortcode.default\">\n\t\t\t\t\t\t\t<div class=\"elementor-shortcode\">\t\t<div data-elementor-type=\"wp-post\" data-elementor-id=\"6299\" class=\"elementor elementor-6299\">\n\t\t\t\t<div class=\"lqd-css-sticky elementor-element elementor-element-dcf9105 e-con-full e-flex e-con e-child\" style=\"top: auto; top: 130px;\" data-id=\"dcf9105\" data-element_type=\"container\">\n\t\t\t\t<div class=\"elementor-element elementor-element-18cb615 elementor-widget__width-inherit elementor-widget-tablet__width-inherit elementor-widget elementor-widget-ld_custom_menu\" data-id=\"18cb615\" data-element_type=\"widget\" data-widget_type=\"ld_custom_menu.default\">\n\t\t\t\t<div class=\"elementor-widget-container\">\n\t\t\t\t\t\n\t\t\t<div\t\t\t\tclass=\"lqd-fancy-menu lqd-custom-menu pos-rel menu-items-has-fill left lqd-menu-td-none lqd-custom-menu-expand-items\"\n\t\t\t\t\t\t\t>\n\t\t\t\n\t\t\t\t\t\t\t<ul class=\"reset-ul\" id=\"lqd-custom-menu-18cb615\" >\n\t\t\t\t\n\t\t\t\t\t\t<li>\n\t\t\t\t\t\t\t<a  href=\"https:\/\/www.taysanplastik.com\/en\/our-products\/white-goods-profiles\/\" target=\"_self\" >\n\n\t\t\t\t\t\t\t\t\t\t\t\t\t\t\t\t\t<span class=\"link-icon d-inline-flex hide-if-empty left-icon icon-next-to-label\"><i aria-hidden=\"true\" class=\"lqd-icn-ess icon-ion-ios-arrow-round-forward\"><\/i><\/span>\n\t\t\t\t\t\t\t\t\n\t\t\t\t\t\t\t\t\t\t\t\t\t\t\t\t\tWhite Goods Profiles\t\t\t\t\t\t\t\t\t\t\t\t\t\t\t\t\t\t\t\t\t\t\t<\/a>\n\t\t\t\t\t\t\t\t\t\t\t\t\t<\/li>\n\n\t\t\t\t\t\t\n\t\t\t\t\t\t<li>\n\t\t\t\t\t\t\t<a  href=\"https:\/\/www.taysanplastik.com\/en\/market-profiles\/\" target=\"_self\" >\n\n\t\t\t\t\t\t\t\t\t\t\t\t\t\t\t\t\t<span class=\"link-icon d-inline-flex hide-if-empty left-icon icon-next-to-label\"><i aria-hidden=\"true\" class=\"lqd-icn-ess icon-ion-ios-arrow-round-forward\"><\/i><\/span>\n\t\t\t\t\t\t\t\t\n\t\t\t\t\t\t\t\t\t\t\t\t\t\t\t\t\tMarket Profiles\t\t\t\t\t\t\t\t\t\t\t\t\t\t\t\t\t\t\t\t\t\t\t<\/a>\n\t\t\t\t\t\t\t\t\t\t\t\t\t<\/li>\n\n\t\t\t\t\t\t\n\t\t\t\t\t\t<li>\n\t\t\t\t\t\t\t<a  href=\"https:\/\/www.taysanplastik.com\/en\/lighting-plastic-profiles\/\" target=\"_self\" >\n\n\t\t\t\t\t\t\t\t\t\t\t\t\t\t\t\t\t<span class=\"link-icon d-inline-flex hide-if-empty left-icon icon-next-to-label\"><i aria-hidden=\"true\" class=\"lqd-icn-ess icon-ion-ios-arrow-round-forward\"><\/i><\/span>\n\t\t\t\t\t\t\t\t\n\t\t\t\t\t\t\t\t\t\t\t\t\t\t\t\t\tLighting Plastic Profiles\t\t\t\t\t\t\t\t\t\t\t\t\t\t\t\t\t\t\t\t\t\t\t<\/a>\n\t\t\t\t\t\t\t\t\t\t\t\t\t<\/li>\n\n\t\t\t\t\t\t\n\t\t\t\t\t\t<li>\n\t\t\t\t\t\t\t<a  href=\"https:\/\/www.taysanplastik.com\/en\/our-products\/special-production-profiles\/\" target=\"_self\" >\n\n\t\t\t\t\t\t\t\t\t\t\t\t\t\t\t\t\t<span class=\"link-icon d-inline-flex hide-if-empty left-icon icon-next-to-label\"><i aria-hidden=\"true\" class=\"lqd-icn-ess icon-ion-ios-arrow-round-forward\"><\/i><\/span>\n\t\t\t\t\t\t\t\t\n\t\t\t\t\t\t\t\t\t\t\t\t\t\t\t\t\tSpecial Production Profiles\t\t\t\t\t\t\t\t\t\t\t\t\t\t\t\t\t\t\t\t\t\t\t<\/a>\n\t\t\t\t\t\t\t\t\t\t\t\t\t<\/li>\n\n\t\t\t\t\t\t\n\t\t\t\t\t\t<li>\n\t\t\t\t\t\t\t<a  href=\"https:\/\/www.taysanplastik.com\/en\/glass-balcony-and-shower-cabin-profiles\/\" target=\"_self\" >\n\n\t\t\t\t\t\t\t\t\t\t\t\t\t\t\t\t\t<span class=\"link-icon d-inline-flex hide-if-empty left-icon icon-next-to-label\"><i aria-hidden=\"true\" class=\"lqd-icn-ess icon-ion-ios-arrow-round-forward\"><\/i><\/span>\n\t\t\t\t\t\t\t\t\n\t\t\t\t\t\t\t\t\t\t\t\t\t\t\t\t\tGlass Balcony and Shower Cabin Profiles\t\t\t\t\t\t\t\t\t\t\t\t\t\t\t\t\t\t\t\t\t\t\t<\/a>\n\t\t\t\t\t\t\t\t\t\t\t\t\t<\/li>\n\n\t\t\t\t\t\t\n\t\t\t\t\t\t<li>\n\t\t\t\t\t\t\t<a  href=\"https:\/\/www.taysanplastik.com\/en\/construction-plastic-profiles\/\" target=\"_self\" >\n\n\t\t\t\t\t\t\t\t\t\t\t\t\t\t\t\t\t<span class=\"link-icon d-inline-flex hide-if-empty left-icon icon-next-to-label\"><i aria-hidden=\"true\" class=\"lqd-icn-ess icon-ion-ios-arrow-round-forward\"><\/i><\/span>\n\t\t\t\t\t\t\t\t\n\t\t\t\t\t\t\t\t\t\t\t\t\t\t\t\t\tConstruction Plastic Profiles\t\t\t\t\t\t\t\t\t\t\t\t\t\t\t\t\t\t\t\t\t\t\t<\/a>\n\t\t\t\t\t\t\t\t\t\t\t\t\t<\/li>\n\n\t\t\t\t\t\t\n\t\t\t\t\t\t<li>\n\t\t\t\t\t\t\t<a  href=\"https:\/\/www.taysanplastik.com\/en\/heating-and-cooling-plastic-profiles\/\" target=\"_self\" >\n\n\t\t\t\t\t\t\t\t\t\t\t\t\t\t\t\t\t<span class=\"link-icon d-inline-flex hide-if-empty left-icon icon-next-to-label\"><i aria-hidden=\"true\" class=\"lqd-icn-ess icon-ion-ios-arrow-round-forward\"><\/i><\/span>\n\t\t\t\t\t\t\t\t\n\t\t\t\t\t\t\t\t\t\t\t\t\t\t\t\t\tHeating and Cooling Plastic Profiles\t\t\t\t\t\t\t\t\t\t\t\t\t\t\t\t\t\t\t\t\t\t\t<\/a>\n\t\t\t\t\t\t\t\t\t\t\t\t\t<\/li>\n\n\t\t\t\t\t\t\n\t\t\t\t\t\t<li>\n\t\t\t\t\t\t\t<a  href=\"https:\/\/www.taysanplastik.com\/en\/aluminum-and-facade-profiles\/\" target=\"_self\" >\n\n\t\t\t\t\t\t\t\t\t\t\t\t\t\t\t\t\t<span class=\"link-icon d-inline-flex hide-if-empty left-icon icon-next-to-label\"><i aria-hidden=\"true\" class=\"lqd-icn-ess icon-ion-ios-arrow-round-forward\"><\/i><\/span>\n\t\t\t\t\t\t\t\t\n\t\t\t\t\t\t\t\t\t\t\t\t\t\t\t\t\tAluminum and Facade Profiles\t\t\t\t\t\t\t\t\t\t\t\t\t\t\t\t\t\t\t\t\t\t\t<\/a>\n\t\t\t\t\t\t\t\t\t\t\t\t\t<\/li>\n\n\t\t\t\t\t\t\n\t\t\t\t\t\t<li>\n\t\t\t\t\t\t\t<a  href=\"https:\/\/www.taysanplastik.com\/en\/various-plastic-profiles\/\" target=\"_self\" >\n\n\t\t\t\t\t\t\t\t\t\t\t\t\t\t\t\t\t<span class=\"link-icon d-inline-flex hide-if-empty left-icon icon-next-to-label\"><i aria-hidden=\"true\" class=\"lqd-icn-ess icon-ion-ios-arrow-round-forward\"><\/i><\/span>\n\t\t\t\t\t\t\t\t\n\t\t\t\t\t\t\t\t\t\t\t\t\t\t\t\t\tVarious Plastic Profiles\t\t\t\t\t\t\t\t\t\t\t\t\t\t\t\t\t\t\t\t\t\t\t<\/a>\n\t\t\t\t\t\t\t\t\t\t\t\t\t<\/li>\n\n\t\t\t\t\t\t\t\t\t\t<\/ul>\n\t\t\t\t\t\t\t\t\t<\/div>\n\t\t\t\t\t\t<\/div>\n\t\t\t\t<\/div>\n\t\t<div class=\"elementor-element elementor-element-191e3fb e-con-full e-flex e-con e-child\" data-id=\"191e3fb\" data-element_type=\"container\" data-settings=\"{&quot;background_background&quot;:&quot;classic&quot;}\">\n\t\t\t\t<div class=\"elementor-element elementor-element-47f9aa8 elementor-widget-tablet__width-inherit elementor-widget__width-inherit elementor-align-left elementor-widget elementor-widget-ld_icon_box\" data-id=\"47f9aa8\" data-element_type=\"widget\" data-widget_type=\"ld_icon_box.default\">\n\t\t\t\t<div class=\"elementor-widget-container\">\n\t\t\t\t\t\n\t\t\t<div id=\"ld_icon_box_47f9aa8\" class=\"iconbox d-flex flex-grow-1 pos-rel flex-column iconbox-default\"   >\n\n\t\t\t\t\n\t\t\t\t<div class=\"iconbox-icon-wrap\"><div class=\"iconbox-icon-container d-inline-flex\"><svg xmlns=\"http:\/\/www.w3.org\/2000\/svg\" width=\"32\" height=\"32\" fill=\"#000000\" viewbox=\"0 0 256 256\"><path d=\"M224,152a8,8,0,0,1-8,8H192v16h16a8,8,0,0,1,0,16H192v16a8,8,0,0,1-16,0V152a8,8,0,0,1,8-8h32A8,8,0,0,1,224,152ZM92,172a28,28,0,0,1-28,28H56v8a8,8,0,0,1-16,0V152a8,8,0,0,1,8-8H64A28,28,0,0,1,92,172Zm-16,0a12,12,0,0,0-12-12H56v24h8A12,12,0,0,0,76,172Zm88,8a36,36,0,0,1-36,36H112a8,8,0,0,1-8-8V152a8,8,0,0,1,8-8h16A36,36,0,0,1,164,180Zm-16,0a20,20,0,0,0-20-20h-8v40h8A20,20,0,0,0,148,180ZM40,112V40A16,16,0,0,1,56,24h96a8,8,0,0,1,5.66,2.34l56,56A8,8,0,0,1,216,88v24a8,8,0,0,1-16,0V96H152a8,8,0,0,1-8-8V40H56v72a8,8,0,0,1-16,0ZM160,80h28.69L160,51.31Z\"><\/path><\/svg><\/div><\/div>\n\t\t\t\t\n\t\t\t\t<div class=\"contents\">\n\t\t\t\t\n\t\t\t\t<h4 class=\"lqd-iconbox-heading\" >Online Catalog <\/h4>\t\t\t\t<p>You can examine all our standard and special production plastic profiles in detail through our online catalog.<\/p>\n\t\t\t\t\t\t\t\t<a href=\"https:\/\/www.taysanplastik.com\/en\/online-catalog\/\" class=\"elementor-button btn ws-nowrap btn-naked btn-hover-txt-liquid-x btn-icon-right btn-has-label\" >\n\t\t\t\t\t\t\t\t\t\t\t<span class=\"btn-txt\"  data-text=\"Hemen \u0130ncele\" data-transition-delay=\"true\"\n\t\t\t\t\t    data-delay-options='{\"elements\": \".lqd-chars\", \"delayType\": \"animation\", \"startDelay\": 0, \"delayBetween\": 32.5}'\n\t\t\t\t\t    data-split-text=\"true\"\n\t\t\t\t\t    data-split-options='{\"type\": \"chars, words\"}'>Review Now<\/span>\n\t\t\t\t\t\t\t\t\t\t<span class=\"btn-icon\"><i class=\"lqd-icn-ess icon-md-arrow-forward\"><\/i><\/span>\t\t\t\t<\/a>\n\n\t\t\t\t\n\t\t\t\t<\/div>\n\t\t\t\t\n\t\t\t<\/div>\n\n\t\t\t\t\t\t<\/div>\n\t\t\t\t<\/div>\n\t\t\t\t<\/div>\n\t\t\t\t<\/div>\n\t\t\t\t<\/div>\n\t\t<\/div>\n\t\t\t\t\t\t<\/div>\n\t\t\t\t<\/div>\n\t\t\t\t<\/div>\n\t\t<div class=\"elementor-element elementor-element-e0b9de4 e-con-full e-flex e-con e-child\" data-id=\"e0b9de4\" data-element_type=\"container\">\n\t\t\t\t<div class=\"elementor-element elementor-element-c88d229 elementor-widget elementor-widget-text-editor\" data-id=\"c88d229\" data-element_type=\"widget\" data-widget_type=\"text-editor.default\">\n\t\t\t\t\t\t\t\t\t<p class=\"p1\"><strong><span class=\"s1\">Areas of Use<br \/><\/span><\/strong><br \/>Plastic profiles offer indispensable solutions in many sectors thanks to their wide range of uses. They are used in many areas, especially in the white goods, market shelf labeling and lighting sectors. Thanks to their lightweight structure, durability and long-lasting performance, they are highly adaptable to different applications.<\/p><p class=\"p1\">Plastic profiles in white goods and refrigeration equipment offer functionality, hygiene, aesthetics and the advantage of long-term use, while providing order, visibility and ease of installation in market shelf systems. In lighting applications, they contribute to the balanced, efficient and homogeneous diffusion of light.<\/p><p class=\"p1\">Taysan Plastik continues to develop customized solutions for plastic profiles, which are also used in the construction and automotive sectors. This approach makes plastic profiles an indispensable part of modern production processes.<\/p>\t\t\t\t\t\t\t\t<\/div>\n\t\t\t\t<div class=\"elementor-element elementor-element-2a80a0c elementor-widget elementor-widget-image\" data-id=\"2a80a0c\" data-element_type=\"widget\" data-widget_type=\"image.default\">\n\t\t\t\t\t\t\t\t\t\t\t\t\t\t\t<img fetchpriority=\"high\" decoding=\"async\" width=\"780\" height=\"520\" src=\"data:image\/svg+xml;charset=utf-8,%3Csvg xmlns%3D&#039;http%3A%2F%2Fwww.w3.org%2F2000%2Fsvg&#039; viewBox%3D&#039;0 0 1024 683&#039;%2F%3E\" class=\"attachment-large size-large wp-image-7364 ld-lazyload\" alt=\"\" data-src=\"https:\/\/www.taysanplastik.com\/wp-content\/uploads\/2026\/02\/beyaz-esya-pr-1024x683.webp\" data-srcset=\"https:\/\/www.taysanplastik.com\/wp-content\/uploads\/2026\/02\/beyaz-esya-pr-1024x683.webp 1024w, https:\/\/www.taysanplastik.com\/wp-content\/uploads\/2026\/02\/beyaz-esya-pr-300x200.webp 300w, https:\/\/www.taysanplastik.com\/wp-content\/uploads\/2026\/02\/beyaz-esya-pr-18x12.webp 18w, https:\/\/www.taysanplastik.com\/wp-content\/uploads\/2026\/02\/beyaz-esya-pr-720x480.webp 720w, https:\/\/www.taysanplastik.com\/wp-content\/uploads\/2026\/02\/beyaz-esya-pr.webp 1536w\" data-sizes=\"(max-width: 780px) 100vw, 780px\" data-aspect=\"1.4992679355783\" \/>\t\t\t\t\t\t\t\t\t\t\t\t\t\t\t<\/div>\n\t\t\t\t<\/div>\n\t\t\t\t\t<\/div>\n\t\t\t\t<\/div>\n\t\t\t\t<\/div>","protected":false},"excerpt":{"rendered":"<p>Beyaz E\u015fya Pofilleri Kullan\u0131m Alanlar\u0131Plastik profiller, geni\u015f kullan\u0131m alanlar\u0131 sayesinde bir\u00e7ok sekt\u00f6rde vazge\u00e7ilmez \u00e7\u00f6z\u00fcmler sunar. Ba\u015fta beyaz e\u015fya, market raf etiketlikleri ve ayd\u0131nlatma sekt\u00f6r\u00fc olmak \u00fczere pek \u00e7ok alanda kullan\u0131lmaktad\u0131r. Hafif yap\u0131lar\u0131, dayan\u0131kl\u0131l\u0131klar\u0131 ve uzun \u00f6m\u00fcrl\u00fc performanslar\u0131 sayesinde farkl\u0131 uygulamalara y\u00fcksek uyum sa\u011flar. Beyaz e\u015fya ve so\u011futma ekipmanlar\u0131nda plastik profiller; fonksiyonellik, hijyen, estetik ve uzun [&hellip;]<\/p>","protected":false},"author":1,"featured_media":0,"parent":7025,"menu_order":0,"comment_status":"closed","ping_status":"closed","template":"","meta":{"footnotes":""},"class_list":["post-7323","page","type-page","status-publish","hentry"],"_links":{"self":[{"href":"https:\/\/www.taysanplastik.com\/en\/wp-json\/wp\/v2\/pages\/7323","targetHints":{"allow":["GET"]}}],"collection":[{"href":"https:\/\/www.taysanplastik.com\/en\/wp-json\/wp\/v2\/pages"}],"about":[{"href":"https:\/\/www.taysanplastik.com\/en\/wp-json\/wp\/v2\/types\/page"}],"author":[{"embeddable":true,"href":"https:\/\/www.taysanplastik.com\/en\/wp-json\/wp\/v2\/users\/1"}],"replies":[{"embeddable":true,"href":"https:\/\/www.taysanplastik.com\/en\/wp-json\/wp\/v2\/comments?post=7323"}],"version-history":[{"count":40,"href":"https:\/\/www.taysanplastik.com\/en\/wp-json\/wp\/v2\/pages\/7323\/revisions"}],"predecessor-version":[{"id":7545,"href":"https:\/\/www.taysanplastik.com\/en\/wp-json\/wp\/v2\/pages\/7323\/revisions\/7545"}],"up":[{"embeddable":true,"href":"https:\/\/www.taysanplastik.com\/en\/wp-json\/wp\/v2\/pages\/7025"}],"wp:attachment":[{"href":"https:\/\/www.taysanplastik.com\/en\/wp-json\/wp\/v2\/media?parent=7323"}],"curies":[{"name":"wp","href":"https:\/\/api.w.org\/{rel}","templated":true}]}}